{"id":627,"date":"2018-02-22T21:57:49","date_gmt":"2018-02-22T20:57:49","guid":{"rendered":"http:\/\/eromakia.fr\/?page_id=627"},"modified":"2020-07-14T11:07:53","modified_gmt":"2020-07-14T09:07:53","slug":"le-dejeuner-sur-lherbe-et-la-femme-nue","status":"publish","type":"page","link":"https:\/\/eromakia.fr\/index.php\/le-dejeuner-sur-lherbe-et-la-femme-nue\/","title":{"rendered":"Le D\u00e9jeuner sur l&rsquo;herbe et la femme nue"},"content":{"rendered":"<p>[D&rsquo;\u00c9douard Manet \u00e0 Jean-Patrick Capdevielle]<\/p>\n<p><strong>Victorine ou la nudit\u00e9 assum\u00e9e<\/strong><\/p>\n<figure id=\"attachment_558\" aria-describedby=\"caption-attachment-558\" style=\"width: 525px\" class=\"wp-caption alignnone\"><a href=\"https:\/\/eromakia.fr\/wp-content\/uploads\/2018\/02\/Dejeuner_sur_lherbe.jpg\"><img loading=\"lazy\" decoding=\"async\" class=\"wp-image-558 size-large\" src=\"https:\/\/eromakia.fr\/wp-content\/uploads\/2018\/02\/Dejeuner_sur_lherbe-1024x807.jpg\" alt=\"\" width=\"525\" height=\"414\" srcset=\"https:\/\/eromakia.fr\/wp-content\/uploads\/2018\/02\/Dejeuner_sur_lherbe-1024x807.jpg 1024w, https:\/\/eromakia.fr\/wp-content\/uploads\/2018\/02\/Dejeuner_sur_lherbe-300x236.jpg 300w, https:\/\/eromakia.fr\/wp-content\/uploads\/2018\/02\/Dejeuner_sur_lherbe-768x605.jpg 768w, https:\/\/eromakia.fr\/wp-content\/uploads\/2018\/02\/Dejeuner_sur_lherbe.jpg 1642w\" sizes=\"auto, (max-width: 525px) 100vw, 525px\" \/><\/a><figcaption id=\"caption-attachment-558\" class=\"wp-caption-text\">\u00c9douard Manet, Le D\u00e9jeuner sur l&rsquo;herbe, 1863 (Paris, Mus\u00e9e d&rsquo;Orsay)<\/figcaption><\/figure>\n<p>Lorsque Manet\u00a0fait d&rsquo;elle le point focal de son <a href=\"https:\/\/fr.wikipedia.org\/wiki\/Le_D%C3%A9jeuner_sur_l%27herbe\">c\u00e9l\u00e8bre tableau<\/a>, Victorine Meurent n&rsquo;a que 19 ans \u2013 mais d\u00e9j\u00e0 une personnalit\u00e9 affirm\u00e9e et une pr\u00e9sence physique qui l&rsquo;est tout autant.<\/p>\n<p>Victorine\u00a0est une femme libre qui se jouera toute sa vie des cadres corset\u00e9s de la soci\u00e9t\u00e9 fran\u00e7aise du XIXe si\u00e8cle. Son parcours nous laisse entrevoir\u00a0un monde finalement pas si\u00a0\u00e9loign\u00e9 du n\u00f4tre.<\/p>\n<p>Elle a \u00e9t\u00e9 tout \u00e0 la fois mod\u00e8le et professeur de musique, puis artiste peintre reconnue. Elle a encha\u00een\u00e9 les liaisons amoureuses avec des hommes (avec le peintre Alfred Stevens, peut-\u00eatre\u00a0avec Manet lui-m\u00eame&#8230;)\u00a0puis avec des femmes et entre\u00a0les deux, elle est partie vivre quelques ann\u00e9es aux Etats-Unis.<\/p>\n<p>Le corps que Manet lui peint est le sien,\u00a0presque grandeur nature. Il n&rsquo;est pas id\u00e9alis\u00e9\u00a0: c&rsquo;est celui d&rsquo;une femme r\u00e9elle qui assume\u00a0avec le plus grand naturel sa nudit\u00e9. Elle plante m\u00eame un\u00a0regard amus\u00e9 dans celui du spectateur, semblant lui dire : \u00ab\u00a0Et alors&#8230; il est o\u00f9, le probl\u00e8me ?\u00a0\u00bb. Aujourd&rsquo;hui, elle dirait\u00a0\u00e0 la f\u00e9ministe du XXIe si\u00e8cle : \u00ab\u00a0Alors comme \u00e7a, vous pensez vraiment que je suis la proie sans d\u00e9fense du d\u00e9sir concupiscent des m\u00e2les ?\u00a0\u00bb<\/p>\n<figure id=\"attachment_559\" aria-describedby=\"caption-attachment-559\" style=\"width: 525px\" class=\"wp-caption alignnone\"><a href=\"https:\/\/eromakia.fr\/wp-content\/uploads\/2018\/02\/le-dejeuner-sur-lherbe-manet-victorine-kazoart.jpg\"><img loading=\"lazy\" decoding=\"async\" class=\"wp-image-559 size-large\" src=\"https:\/\/eromakia.fr\/wp-content\/uploads\/2018\/02\/le-dejeuner-sur-lherbe-manet-victorine-kazoart-1024x862.jpg\" alt=\"\" width=\"525\" height=\"442\" srcset=\"https:\/\/eromakia.fr\/wp-content\/uploads\/2018\/02\/le-dejeuner-sur-lherbe-manet-victorine-kazoart-1024x862.jpg 1024w, https:\/\/eromakia.fr\/wp-content\/uploads\/2018\/02\/le-dejeuner-sur-lherbe-manet-victorine-kazoart-300x253.jpg 300w, https:\/\/eromakia.fr\/wp-content\/uploads\/2018\/02\/le-dejeuner-sur-lherbe-manet-victorine-kazoart-768x647.jpg 768w, https:\/\/eromakia.fr\/wp-content\/uploads\/2018\/02\/le-dejeuner-sur-lherbe-manet-victorine-kazoart.jpg 1873w\" sizes=\"auto, (max-width: 525px) 100vw, 525px\" \/><\/a><figcaption id=\"caption-attachment-559\" class=\"wp-caption-text\">Victorine ou la nudit\u00e9 assum\u00e9e<\/figcaption><\/figure>\n<p>Les r\u00e9actions outrag\u00e9es de la bourgeoisie parisienne des ann\u00e9es 1860 face\u00a0au tableau pr\u00e9figurent celles de nos f\u00e9ministes offens\u00e9es \u2013 d&rsquo;ailleurs souvent des bourgeoises de centre-ville elles aussi. M\u00eames cris d&rsquo;orfraie face au corps d\u00e9nud\u00e9 d&rsquo;une femme\u00a0<a href=\"http:\/\/www.journaldemontreal.com\/2018\/02\/21\/les-feministes-capotent-encore-pour-rien\">au milieu d&rsquo;hommes v\u00eatus<\/a> (forc\u00e9ment des voyeurs\u00a0et des machos), m\u00eames fureurs face \u00e0 tout ce qui peut \u00e9voquer le d\u00e9sir masculin ou la prostitution (symbole de l&rsquo;esclavage f\u00e9minin selon les f\u00e9ministes abolitionnistes).<\/p>\n<p>Car Victorine et son complice Manet se sont bien amus\u00e9s et n&rsquo;ont rien oubli\u00e9 de ce qui allait \u00e0 coup s\u00fbr d\u00e9clencher l&rsquo;\u00e9moi, voire la col\u00e8re du spectateur. Les allusions au sexe, au libertinage et \u00e0 la prostitution sont partout ; tout est provocation assum\u00e9e \u2013 et pince-sans-rire.<\/p>\n<p>Le regard assur\u00e9 de Victorine balaie toutes les lectures mis\u00e9rabilistes des n\u00e9o-f\u00e9ministes. Elle incarne une libert\u00e9 empreinte \u00e0 la fois de\u00a0fermet\u00e9 et de l\u00e9g\u00e8ret\u00e9. Victorine est pleinement consciente de sa nudit\u00e9 et de l&rsquo;effet qu&rsquo;elle provoque, et elle s&rsquo;en amuse (tout comme Manet, qui baptisait lui-m\u00eame son tableau <em>La partie carr\u00e9e<\/em>).<\/p>\n<p>En r\u00e9alit\u00e9, la v\u00e9ritable f\u00e9ministe, c&rsquo;\u00e9tait elle. Victorine, autant par sa vie que par sa pr\u00e9sence sur cette toile, illustrait cette force, cette libert\u00e9, cet humour et cette\u00a0audace qu&rsquo;ont parfois pu incarner les mouvements de lib\u00e9ration de la femme\u00a0\u2013 mais que les n\u00e9o-f\u00e9ministes d&rsquo;aujourd&rsquo;hui,\u00a0\u00a0<a href=\"https:\/\/www.lesinrocks.com\/2018\/02\/13\/style\/manchester-une-oeuvre-de-john-william-waterhouse-est-censuree-pour-sexisme-111045341\/\">tout \u00e0 leur combat contre les nus f\u00e9minins dans l&rsquo;art<\/a>,\u00a0ont pr\u00e9f\u00e9r\u00e9 abandonner.<\/p>\n<p><strong><em>2017 \u2013 Le D\u00e9jeuner sur l&rsquo;herbe<\/em> revisit\u00e9<\/strong><\/p>\n<p><figure id=\"attachment_586\" aria-describedby=\"caption-attachment-586\" style=\"width: 2044px\" class=\"wp-caption alignnone\"><a href=\"https:\/\/eromakia.fr\/wp-content\/uploads\/2018\/02\/09_25-sept-2017.jpg\"><img loading=\"lazy\" decoding=\"async\" class=\"wp-image-586 size-full\" src=\"https:\/\/eromakia.fr\/wp-content\/uploads\/2018\/02\/09_25-sept-2017.jpg\" alt=\"\" width=\"2044\" height=\"2048\" srcset=\"https:\/\/eromakia.fr\/wp-content\/uploads\/2018\/02\/09_25-sept-2017.jpg 2044w, https:\/\/eromakia.fr\/wp-content\/uploads\/2018\/02\/09_25-sept-2017-150x150.jpg 150w, https:\/\/eromakia.fr\/wp-content\/uploads\/2018\/02\/09_25-sept-2017-300x300.jpg 300w, https:\/\/eromakia.fr\/wp-content\/uploads\/2018\/02\/09_25-sept-2017-768x770.jpg 768w, https:\/\/eromakia.fr\/wp-content\/uploads\/2018\/02\/09_25-sept-2017-1022x1024.jpg 1022w, https:\/\/eromakia.fr\/wp-content\/uploads\/2018\/02\/09_25-sept-2017-100x100.jpg 100w\" sizes=\"auto, (max-width: 767px) 89vw, (max-width: 1000px) 54vw, (max-width: 1071px) 543px, 580px\" \/><\/a><figcaption id=\"caption-attachment-586\" class=\"wp-caption-text\">Jean-Patrick Capdevielle, Le D\u00e9jeuner sur l&rsquo;herbe (Technique mixte, 200 x 200 cm), 2017 [cliquer pour agrandir]<\/figcaption><\/figure>Sur cette toile de 2017, \u00ab\u00a0Victorine\u00a0\u00bb est toujours nue et dans une position encore plus provocante.<\/p>\n<p>La toile est remplie de symboles que j&rsquo;aborderai une autre fois. Les r\u00e9f\u00e9rences iconographiques principales sont le\u00a0<em>D\u00e9jeuner sur l&rsquo;herbe<\/em>\u00a0(1863) d&rsquo;\u00c9douard Manet (pour la femme nue provocante et pour la femme pench\u00e9e qui fait sa toilette au second plan), et le\u00a0<em>D\u00e9jeuner sur l&rsquo;herbe<\/em>\u00a0(1865) de Claude Monet (pour le traitement de l&rsquo;arbre \u00e0 droite).\u00a0 S&rsquo;y rajoutent divers personnages et \u00e9l\u00e9ments \u2013 comme un\u00a0char d&rsquo;assaut dans un\u00a0d\u00e9luge de feu \u2013 qui donnent un tour\u00a0nettement plus tragique \u00e0 la sc\u00e8ne. Nous serions davantage ici sur une sc\u00e8ne de crime (comme\u00a0dans\u00a0<em><a href=\"https:\/\/eromakia.fr\/index.php\/2017\/10\/30\/jean-patrick-capdevielle-lequation-du-poisson-blesse-2016\/\">L&rsquo;\u00c9quation du poisson bless\u00e9<\/a>)<\/em>, voire d&rsquo;apocalypse.<em>\u00a0<\/em><\/p>\n<p>L&rsquo;entr\u00e9e dans le tableau se fait par l&rsquo;homme debout entre les deux femmes nues, sorte de <a href=\"https:\/\/vimeo.com\/223011393\">Had\u00e8s<\/a> vieillissant comme sur le point de chavirer dans un trou noir.<\/p>\n<p><figure id=\"attachment_648\" aria-describedby=\"caption-attachment-648\" style=\"width: 525px\" class=\"wp-caption alignnone\"><a href=\"https:\/\/eromakia.fr\/wp-content\/uploads\/2018\/02\/09_25-sept-2017_femme1.jpg\"><img loading=\"lazy\" decoding=\"async\" class=\"wp-image-648 size-large\" src=\"https:\/\/eromakia.fr\/wp-content\/uploads\/2018\/02\/09_25-sept-2017_femme1-1024x889.jpg\" alt=\"\" width=\"525\" height=\"456\" srcset=\"https:\/\/eromakia.fr\/wp-content\/uploads\/2018\/02\/09_25-sept-2017_femme1-1024x889.jpg 1024w, https:\/\/eromakia.fr\/wp-content\/uploads\/2018\/02\/09_25-sept-2017_femme1-300x260.jpg 300w, https:\/\/eromakia.fr\/wp-content\/uploads\/2018\/02\/09_25-sept-2017_femme1-768x667.jpg 768w, https:\/\/eromakia.fr\/wp-content\/uploads\/2018\/02\/09_25-sept-2017_femme1.jpg 1175w\" sizes=\"auto, (max-width: 525px) 100vw, 525px\" \/><\/a><figcaption id=\"caption-attachment-648\" class=\"wp-caption-text\">L&rsquo;homme entre les deux femmes [cliquer pour agrandir]<\/figcaption><\/figure>Mais l&rsquo;oeil glisse imm\u00e9diatement vers\u00a0cette femme nue \u00e0 ses pieds, occup\u00e9e \u00e0 se donner du plaisir en public, un motif\u00a0plut\u00f4t inattendu \u2013 mais qui de fait\u00a0prolonge\u00a0la provocation de Manet. Le <em>D\u00e9jeuner sur l&rsquo;herbe<\/em> est depuis ce temps une th\u00e9matique sexuelle, que Picasso avait\u00a0d\u00e9j\u00e0 explor\u00e9e dans sa s\u00e9rie de copies du tableau.<\/p>\n<figure id=\"attachment_614\" aria-describedby=\"caption-attachment-614\" style=\"width: 685px\" class=\"wp-caption alignnone\"><a href=\"https:\/\/eromakia.fr\/wp-content\/uploads\/2018\/02\/Le-dejeuner-sur-lherbe-Manet-7_1961.jpg\"><img loading=\"lazy\" decoding=\"async\" class=\"wp-image-614 size-full\" src=\"https:\/\/eromakia.fr\/wp-content\/uploads\/2018\/02\/Le-dejeuner-sur-lherbe-Manet-7_1961.jpg\" alt=\"\" width=\"685\" height=\"550\" srcset=\"https:\/\/eromakia.fr\/wp-content\/uploads\/2018\/02\/Le-dejeuner-sur-lherbe-Manet-7_1961.jpg 685w, https:\/\/eromakia.fr\/wp-content\/uploads\/2018\/02\/Le-dejeuner-sur-lherbe-Manet-7_1961-300x241.jpg 300w\" sizes=\"auto, (max-width: 685px) 100vw, 685px\" \/><\/a><figcaption id=\"caption-attachment-614\" class=\"wp-caption-text\">Pablo Picasso, Le D\u00e9jeuner sur l`herbe (d&rsquo;apr\u00e8s Manet), 13-07-1961 (Paris, Mus\u00e9e Picasso)<\/figcaption><\/figure>\n<p>La position de la femme\u00a0se caressant jambes lev\u00e9es\u00a0rappelle aussi cette gouache de Picasso, <em>Nu couch\u00e9\u00a0<\/em>\u00a0(1901).<\/p>\n<figure id=\"attachment_593\" aria-describedby=\"caption-attachment-593\" style=\"width: 736px\" class=\"wp-caption alignnone\"><a href=\"https:\/\/eromakia.fr\/wp-content\/uploads\/2018\/02\/Nu-couch\u00e9_1901.jpg\"><img loading=\"lazy\" decoding=\"async\" class=\"wp-image-593 size-full\" src=\"https:\/\/eromakia.fr\/wp-content\/uploads\/2018\/02\/Nu-couch\u00e9_1901.jpg\" alt=\"\" width=\"736\" height=\"519\" srcset=\"https:\/\/eromakia.fr\/wp-content\/uploads\/2018\/02\/Nu-couch\u00e9_1901.jpg 736w, https:\/\/eromakia.fr\/wp-content\/uploads\/2018\/02\/Nu-couch\u00e9_1901-300x212.jpg 300w\" sizes=\"auto, (max-width: 736px) 100vw, 736px\" \/><\/a><figcaption id=\"caption-attachment-593\" class=\"wp-caption-text\">Pablo Picasso, Nu couch\u00e9 (gouache sur papier, Paris, Coll. priv\u00e9e), 1901<\/figcaption><\/figure>\n<p>Les \u00e9clats dor\u00e9s de plaisir qui\u00a0glissent sur les\u00a0cuisses de la <em>Dana\u00e9<\/em>\u00a0se caressant de Klimt (1907) \u00e9voquent quant \u00e0 eux les jets de couleur sur le corps de la Victorine de Jean-Patrick. Ce dernier a donc d&rsquo;augustes pr\u00e9d\u00e9cesseurs en mati\u00e8re de peinture orgasmique.<\/p>\n<figure id=\"attachment_592\" aria-describedby=\"caption-attachment-592\" style=\"width: 525px\" class=\"wp-caption alignnone\"><a href=\"https:\/\/eromakia.fr\/wp-content\/uploads\/2018\/02\/Klimt_Dana\u00eb_1907.jpg\"><img loading=\"lazy\" decoding=\"async\" class=\"wp-image-592 size-large\" src=\"https:\/\/eromakia.fr\/wp-content\/uploads\/2018\/02\/Klimt_Dana\u00eb_1907-1024x992.jpg\" alt=\"\" width=\"525\" height=\"509\" srcset=\"https:\/\/eromakia.fr\/wp-content\/uploads\/2018\/02\/Klimt_Dana\u00eb_1907-1024x992.jpg 1024w, https:\/\/eromakia.fr\/wp-content\/uploads\/2018\/02\/Klimt_Dana\u00eb_1907-300x291.jpg 300w, https:\/\/eromakia.fr\/wp-content\/uploads\/2018\/02\/Klimt_Dana\u00eb_1907-768x744.jpg 768w, https:\/\/eromakia.fr\/wp-content\/uploads\/2018\/02\/Klimt_Dana\u00eb_1907.jpg 2024w\" sizes=\"auto, (max-width: 525px) 100vw, 525px\" \/><\/a><figcaption id=\"caption-attachment-592\" class=\"wp-caption-text\">Gustav Klimt, Dana\u00e9 (Coll. priv\u00e9e), 1907<\/figcaption><\/figure>\n<p><strong>Une Victorine f\u00e9ministe ?<\/strong><\/p>\n<p>Puisque j&rsquo;ai d\u00e9cid\u00e9 sur ce site de confronter les nus f\u00e9minins dans l&rsquo;art avec le regard puritain des nouvelles f\u00e9ministes (qui r\u00eavent secr\u00e8tement de tous les censurer), comment ces derni\u00e8res recevraient-elles cette oeuvre ?<\/p>\n<p>Tr\u00e8s mal, comme on peut s&rsquo;en douter.\u00a0 La femme aux jambes largement \u00e9cart\u00e9es rel\u00e8ve de la pornographie (la <em>mauvaise<\/em> pornographie, celle qui est au service du d\u00e9sir masculin), et la femme debout \u00e0 droite (avec une t\u00eate de travesti) se prend un coup de pied dans le ventre par une silhouette masculine aux couleurs du\u00a0lac.<\/p>\n<p>De la violence envers les femmes, donc,\u00a0et leur sexualisation au service du d\u00e9sir masculin \u2013\u00a0tout pour faire imm\u00e9diatement capoter nos m\u00e8res-la-censure.<\/p>\n<p>Et si&#8230; cette Victorine n&rsquo;\u00e9tait pas plut\u00f4t la petite soeur, libertaire assum\u00e9e, de celle de Manet ?<\/p>\n<p>Si on la regarde de plus pr\u00e8s, on remarque en effet que son poing gauche est lev\u00e9 (il appara\u00eet au-dessus de son genou).<\/p>\n<figure id=\"attachment_1498\" aria-describedby=\"caption-attachment-1498\" style=\"width: 525px\" class=\"wp-caption alignnone\"><a href=\"https:\/\/eromakia.fr\/wp-content\/uploads\/2018\/02\/DSC_0051.jpg\"><img loading=\"lazy\" decoding=\"async\" class=\"wp-image-1498 size-large\" src=\"https:\/\/eromakia.fr\/wp-content\/uploads\/2018\/02\/DSC_0051-1024x576.jpg\" alt=\"\" width=\"525\" height=\"295\" srcset=\"https:\/\/eromakia.fr\/wp-content\/uploads\/2018\/02\/DSC_0051-1024x576.jpg 1024w, https:\/\/eromakia.fr\/wp-content\/uploads\/2018\/02\/DSC_0051-300x169.jpg 300w, https:\/\/eromakia.fr\/wp-content\/uploads\/2018\/02\/DSC_0051-768x432.jpg 768w\" sizes=\"auto, (max-width: 525px) 100vw, 525px\" \/><\/a><figcaption id=\"caption-attachment-1498\" class=\"wp-caption-text\">\u00ab\u00a0Victorine\u00a0\u00bb au poing lev\u00e9<\/figcaption><\/figure>\n<p>Ce geste me fait penser aux f\u00e9ministes levant le poing ou arborant leur fameux symbole cr\u00e9\u00e9 \u00e0 la fin des ann\u00e9es 60 : un poing dans le symbole de V\u00e9nus \u2013 le cercle de ce symbole \u00e9voque le sexe ou l&rsquo;ut\u00e9rus f\u00e9minin et le poing plac\u00e9 \u00e0 l&rsquo;int\u00e9rieur \u00e9voque&#8230; euh&#8230; une pratique sexuelle \u00e0 laquelle ces \u00e9nerv\u00e9es n&rsquo;ont pas d\u00fb trop r\u00e9fl\u00e9chir&#8230; mais passons \ud83d\ude00<\/p>\n<figure id=\"attachment_605\" aria-describedby=\"caption-attachment-605\" style=\"width: 185px\" class=\"wp-caption alignnone\"><a href=\"https:\/\/eromakia.fr\/wp-content\/uploads\/2018\/02\/symbole-fem_.jpg\"><img loading=\"lazy\" decoding=\"async\" class=\"wp-image-605 size-full\" src=\"https:\/\/eromakia.fr\/wp-content\/uploads\/2018\/02\/symbole-fem_.jpg\" alt=\"\" width=\"185\" height=\"233\" \/><\/a><figcaption id=\"caption-attachment-605\" class=\"wp-caption-text\">F\u00e9minisme de la seconde vague : le poing dans le symbole de V\u00e9nus<\/figcaption><\/figure>\n<p>Victorine revendiquerait-elle ici aussi sa force et sa libert\u00e9 ?<\/p>\n<p>Que nous dit-elle encore, cette femme nue qui fait tituber l&rsquo;homme qui la regarde ? Qu&rsquo;elle\u00a0semble se moquer tout autant\u00a0que celle de Manet d&rsquo;\u00eatre ainsi expos\u00e9e aux regards de la foule au premier plan puis du public du tableau ? Sans doute.\u00a0 Et que de toutes fa\u00e7ons, plus rien n&rsquo;existe, puisque la fin du monde\u00a0est proche. Et qu&rsquo;en dehors du d\u00e9sir de l&rsquo;homme pour son corps,\u00a0et de l&rsquo;\u00e9tourdissement que procure \u00e0 celui-ci la vue de son plaisir, d\u00e9cid\u00e9ment plus rien ne compte.<\/p>\n<p>La\u00a0femme nue est le d\u00e9but de l&rsquo;art et peut-\u00eatre aussi sa fin.<\/p>\n<p>[Rappel : Les <a href=\"https:\/\/fr.wikipedia.org\/wiki\/V%C3%A9nus_de_Lespugue\">V\u00e9nus pr\u00e9historiques<\/a>\u00a0(des nus f\u00e9minins) sont les plus anciens artefacts fabriqu\u00e9s par l&rsquo;homme\u00a0(vers &#8211; 26 000 ans]).<\/p>\n<p>Une vid\u00e9o pour terminer, pour retrouver\u00a0le Picasso \u00e9rotique (et figuratif):<\/p>\n<p><iframe loading=\"lazy\" title=\"Camar\u00f3n de la Isla \u2013 Romance de la Luna (+ Picasso \u00e9rotique)\" src=\"https:\/\/player.vimeo.com\/video\/222199698?dnt=1&amp;app_id=122963\" width=\"525\" height=\"295\" frameborder=\"0\" allow=\"autoplay; fullscreen; picture-in-picture; clipboard-write\"><\/iframe><\/p>\n","protected":false},"excerpt":{"rendered":"<p>[D&rsquo;\u00c9douard Manet \u00e0 Jean-Patrick Capdevielle] Victorine ou la nudit\u00e9 assum\u00e9e Lorsque Manet\u00a0fait d&rsquo;elle le point focal de son c\u00e9l\u00e8bre tableau, Victorine Meurent n&rsquo;a que 19 ans \u2013 mais d\u00e9j\u00e0 une personnalit\u00e9 affirm\u00e9e et une pr\u00e9sence physique qui l&rsquo;est tout autant. Victorine\u00a0est une femme libre qui se jouera toute sa vie des cadres corset\u00e9s de la &hellip; <\/p>\n<p class=\"link-more\"><a href=\"https:\/\/eromakia.fr\/index.php\/le-dejeuner-sur-lherbe-et-la-femme-nue\/\" class=\"more-link\">Continuer la lecture<span class=\"screen-reader-text\"> de &laquo;&nbsp;Le D\u00e9jeuner sur l&rsquo;herbe et la femme nue&nbsp;&raquo;<\/span><\/a><\/p>\n","protected":false},"author":1,"featured_media":559,"parent":0,"menu_order":0,"comment_status":"open","ping_status":"open","template":"","meta":{"footnotes":""},"class_list":["post-627","page","type-page","status-publish","has-post-thumbnail","hentry"],"yoast_head":"<!-- This site is optimized with the Yoast SEO plugin v21.3 - https:\/\/yoast.com\/wordpress\/plugins\/seo\/ -->\n<title>Le D\u00e9jeuner sur l&#039;herbe et la femme nue - Eromakia<\/title>\n<meta name=\"robots\" content=\"index, follow, max-snippet:-1, max-image-preview:large, max-video-preview:-1\" \/>\n<link rel=\"canonical\" href=\"https:\/\/eromakia.fr\/index.php\/le-dejeuner-sur-lherbe-et-la-femme-nue\/\" \/>\n<meta property=\"og:locale\" content=\"fr_FR\" \/>\n<meta property=\"og:type\" content=\"article\" \/>\n<meta property=\"og:title\" content=\"Le D\u00e9jeuner sur l&#039;herbe et la femme nue - Eromakia\" \/>\n<meta property=\"og:description\" content=\"[D&rsquo;\u00c9douard Manet \u00e0 Jean-Patrick Capdevielle] Victorine ou la nudit\u00e9 assum\u00e9e Lorsque Manet\u00a0fait d&rsquo;elle le point focal de son c\u00e9l\u00e8bre tableau, Victorine Meurent n&rsquo;a que 19 ans \u2013 mais d\u00e9j\u00e0 une personnalit\u00e9 affirm\u00e9e et une pr\u00e9sence physique qui l&rsquo;est tout autant. Victorine\u00a0est une femme libre qui se jouera toute sa vie des cadres corset\u00e9s de la &hellip; Continuer la lecture de &laquo;&nbsp;Le D\u00e9jeuner sur l&rsquo;herbe et la femme nue&nbsp;&raquo;\" \/>\n<meta property=\"og:url\" content=\"https:\/\/eromakia.fr\/index.php\/le-dejeuner-sur-lherbe-et-la-femme-nue\/\" \/>\n<meta property=\"og:site_name\" content=\"Eromakia\" \/>\n<meta property=\"article:modified_time\" content=\"2020-07-14T09:07:53+00:00\" \/>\n<meta property=\"og:image\" content=\"https:\/\/eromakia.fr\/wp-content\/uploads\/2018\/02\/le-dejeuner-sur-lherbe-manet-victorine-kazoart.jpg\" \/>\n\t<meta property=\"og:image:width\" content=\"1873\" \/>\n\t<meta property=\"og:image:height\" content=\"1577\" \/>\n\t<meta property=\"og:image:type\" content=\"image\/jpeg\" \/>\n<meta name=\"twitter:card\" content=\"summary_large_image\" \/>\n<meta name=\"twitter:label1\" content=\"Dur\u00e9e de lecture estim\u00e9e\" \/>\n\t<meta name=\"twitter:data1\" content=\"7 minutes\" \/>\n<script type=\"application\/ld+json\" class=\"yoast-schema-graph\">{\"@context\":\"https:\/\/schema.org\",\"@graph\":[{\"@type\":\"WebPage\",\"@id\":\"https:\/\/eromakia.fr\/index.php\/le-dejeuner-sur-lherbe-et-la-femme-nue\/\",\"url\":\"https:\/\/eromakia.fr\/index.php\/le-dejeuner-sur-lherbe-et-la-femme-nue\/\",\"name\":\"Le D\u00e9jeuner sur l'herbe et la femme nue - Eromakia\",\"isPartOf\":{\"@id\":\"https:\/\/eromakia.fr\/#website\"},\"datePublished\":\"2018-02-22T20:57:49+00:00\",\"dateModified\":\"2020-07-14T09:07:53+00:00\",\"breadcrumb\":{\"@id\":\"https:\/\/eromakia.fr\/index.php\/le-dejeuner-sur-lherbe-et-la-femme-nue\/#breadcrumb\"},\"inLanguage\":\"fr-FR\",\"potentialAction\":[{\"@type\":\"ReadAction\",\"target\":[\"https:\/\/eromakia.fr\/index.php\/le-dejeuner-sur-lherbe-et-la-femme-nue\/\"]}]},{\"@type\":\"BreadcrumbList\",\"@id\":\"https:\/\/eromakia.fr\/index.php\/le-dejeuner-sur-lherbe-et-la-femme-nue\/#breadcrumb\",\"itemListElement\":[{\"@type\":\"ListItem\",\"position\":1,\"name\":\"Accueil\",\"item\":\"https:\/\/eromakia.fr\/\"},{\"@type\":\"ListItem\",\"position\":2,\"name\":\"Le D\u00e9jeuner sur l&rsquo;herbe et la femme nue\"}]},{\"@type\":\"WebSite\",\"@id\":\"https:\/\/eromakia.fr\/#website\",\"url\":\"https:\/\/eromakia.fr\/\",\"name\":\"Eromakia\",\"description\":\"Art, Love and Fight Chronicles\",\"potentialAction\":[{\"@type\":\"SearchAction\",\"target\":{\"@type\":\"EntryPoint\",\"urlTemplate\":\"https:\/\/eromakia.fr\/?s={search_term_string}\"},\"query-input\":\"required name=search_term_string\"}],\"inLanguage\":\"fr-FR\"}]}<\/script>\n<!-- \/ Yoast SEO plugin. -->","yoast_head_json":{"title":"Le D\u00e9jeuner sur l'herbe et la femme nue - Eromakia","robots":{"index":"index","follow":"follow","max-snippet":"max-snippet:-1","max-image-preview":"max-image-preview:large","max-video-preview":"max-video-preview:-1"},"canonical":"https:\/\/eromakia.fr\/index.php\/le-dejeuner-sur-lherbe-et-la-femme-nue\/","og_locale":"fr_FR","og_type":"article","og_title":"Le D\u00e9jeuner sur l'herbe et la femme nue - Eromakia","og_description":"[D&rsquo;\u00c9douard Manet \u00e0 Jean-Patrick Capdevielle] Victorine ou la nudit\u00e9 assum\u00e9e Lorsque Manet\u00a0fait d&rsquo;elle le point focal de son c\u00e9l\u00e8bre tableau, Victorine Meurent n&rsquo;a que 19 ans \u2013 mais d\u00e9j\u00e0 une personnalit\u00e9 affirm\u00e9e et une pr\u00e9sence physique qui l&rsquo;est tout autant. Victorine\u00a0est une femme libre qui se jouera toute sa vie des cadres corset\u00e9s de la &hellip; Continuer la lecture de &laquo;&nbsp;Le D\u00e9jeuner sur l&rsquo;herbe et la femme nue&nbsp;&raquo;","og_url":"https:\/\/eromakia.fr\/index.php\/le-dejeuner-sur-lherbe-et-la-femme-nue\/","og_site_name":"Eromakia","article_modified_time":"2020-07-14T09:07:53+00:00","og_image":[{"width":1873,"height":1577,"url":"https:\/\/eromakia.fr\/wp-content\/uploads\/2018\/02\/le-dejeuner-sur-lherbe-manet-victorine-kazoart.jpg","type":"image\/jpeg"}],"twitter_card":"summary_large_image","twitter_misc":{"Dur\u00e9e de lecture estim\u00e9e":"7 minutes"},"schema":{"@context":"https:\/\/schema.org","@graph":[{"@type":"WebPage","@id":"https:\/\/eromakia.fr\/index.php\/le-dejeuner-sur-lherbe-et-la-femme-nue\/","url":"https:\/\/eromakia.fr\/index.php\/le-dejeuner-sur-lherbe-et-la-femme-nue\/","name":"Le D\u00e9jeuner sur l'herbe et la femme nue - Eromakia","isPartOf":{"@id":"https:\/\/eromakia.fr\/#website"},"datePublished":"2018-02-22T20:57:49+00:00","dateModified":"2020-07-14T09:07:53+00:00","breadcrumb":{"@id":"https:\/\/eromakia.fr\/index.php\/le-dejeuner-sur-lherbe-et-la-femme-nue\/#breadcrumb"},"inLanguage":"fr-FR","potentialAction":[{"@type":"ReadAction","target":["https:\/\/eromakia.fr\/index.php\/le-dejeuner-sur-lherbe-et-la-femme-nue\/"]}]},{"@type":"BreadcrumbList","@id":"https:\/\/eromakia.fr\/index.php\/le-dejeuner-sur-lherbe-et-la-femme-nue\/#breadcrumb","itemListElement":[{"@type":"ListItem","position":1,"name":"Accueil","item":"https:\/\/eromakia.fr\/"},{"@type":"ListItem","position":2,"name":"Le D\u00e9jeuner sur l&rsquo;herbe et la femme nue"}]},{"@type":"WebSite","@id":"https:\/\/eromakia.fr\/#website","url":"https:\/\/eromakia.fr\/","name":"Eromakia","description":"Art, Love and Fight Chronicles","potentialAction":[{"@type":"SearchAction","target":{"@type":"EntryPoint","urlTemplate":"https:\/\/eromakia.fr\/?s={search_term_string}"},"query-input":"required name=search_term_string"}],"inLanguage":"fr-FR"}]}},"_links":{"self":[{"href":"https:\/\/eromakia.fr\/index.php\/wp-json\/wp\/v2\/pages\/627","targetHints":{"allow":["GET"]}}],"collection":[{"href":"https:\/\/eromakia.fr\/index.php\/wp-json\/wp\/v2\/pages"}],"about":[{"href":"https:\/\/eromakia.fr\/index.php\/wp-json\/wp\/v2\/types\/page"}],"author":[{"embeddable":true,"href":"https:\/\/eromakia.fr\/index.php\/wp-json\/wp\/v2\/users\/1"}],"replies":[{"embeddable":true,"href":"https:\/\/eromakia.fr\/index.php\/wp-json\/wp\/v2\/comments?post=627"}],"version-history":[{"count":42,"href":"https:\/\/eromakia.fr\/index.php\/wp-json\/wp\/v2\/pages\/627\/revisions"}],"predecessor-version":[{"id":4661,"href":"https:\/\/eromakia.fr\/index.php\/wp-json\/wp\/v2\/pages\/627\/revisions\/4661"}],"wp:featuredmedia":[{"embeddable":true,"href":"https:\/\/eromakia.fr\/index.php\/wp-json\/wp\/v2\/media\/559"}],"wp:attachment":[{"href":"https:\/\/eromakia.fr\/index.php\/wp-json\/wp\/v2\/media?parent=627"}],"curies":[{"name":"wp","href":"https:\/\/api.w.org\/{rel}","templated":true}]}}