{"id":421,"date":"2018-02-08T14:08:43","date_gmt":"2018-02-08T13:08:43","guid":{"rendered":"http:\/\/eromakia.fr\/?page_id=421"},"modified":"2018-03-04T12:58:12","modified_gmt":"2018-03-04T11:58:12","slug":"neo-feminismo-e-islamismo-convergencias","status":"publish","type":"page","link":"https:\/\/eromakia.fr\/index.php\/neo-feminismo-e-islamismo-convergencias\/","title":{"rendered":"Neo-Feminismo e islamismo : Convergencias"},"content":{"rendered":"<figure id=\"attachment_404\" aria-describedby=\"caption-attachment-404\" style=\"width: 300px\" class=\"wp-caption alignnone\"><a href=\"https:\/\/eromakia.fr\/wp-content\/uploads\/2018\/02\/Prudhon.jpg\"><img loading=\"lazy\" decoding=\"async\" class=\"size-medium wp-image-404\" src=\"https:\/\/eromakia.fr\/wp-content\/uploads\/2018\/02\/Prudhon-300x249.jpg\" alt=\"\" width=\"300\" height=\"249\" srcset=\"https:\/\/eromakia.fr\/wp-content\/uploads\/2018\/02\/Prudhon-300x249.jpg 300w, https:\/\/eromakia.fr\/wp-content\/uploads\/2018\/02\/Prudhon.jpg 758w\" sizes=\"auto, (max-width: 300px) 100vw, 300px\" \/><\/a><figcaption id=\"caption-attachment-404\" class=\"wp-caption-text\">Pierre-Paul Prud&rsquo;hon, La Justice et la Vengeance divines poursuivant le Crime, 1808 (Paris, Mus\u00e9e du Louvre)<\/figcaption><\/figure>\n<p>[Traducido del franc\u00e9s por\u00a0<a class=\"profileLink\" href=\"https:\/\/www.facebook.com\/julio.bejar.9?fref=mentions\" data-hovercard=\"\/ajax\/hovercard\/user.php?id=1289589323&amp;extragetparams=%7B%22fref%22%3A%22mentions%22%7D\" data-hovercard-prefer-more-content-show=\"1\">J\u00falio B\u00e9jar<\/a>]<\/p>\n<p>Emprendo esta peque\u00f1a reflexi\u00f3n susceptible de ser ampliada con el transcurso del tiempo. Como entiendo que cada vez se dan m\u00e1s convergencias entre estas dos ideolog\u00edas, intentar\u00e9 enumerarlas para demostrar hasta qu\u00e9 punto lo que nos es presentado como progresista se asemeja involuntariamente (aunque no siempre) a cosas que lo son significativamente menos.<\/p>\n<p>1) Ya sean pol\u00edticos, universitarios, asociativos o medi\u00e1ticos, <strong>todos los islamo-izquierdistas confluyen en el neo-feminismo<\/strong> (Mediapart, Cl\u00e9mentine Autain, los partidos de extrema izquierda\u2026); lo que ya nos pone sobre aviso de una subliminal plataforma ideol\u00f3gica com\u00fan \u2013la llamada l\u00ednea de la \u2018convergencia de luchas\u2019 (Rokhaya Diallo, Dani\u00e8le Obono, Caroline de Haas) como manifestaci\u00f3n m\u00e1s visible. [Ojo, eso no implica que lo contrario sea cierto: todas las neo-feministas no son islamo-izquierdistas, lejos de ello: Caroline Fourest, Isabelle Kersimon, FEMEN, etc].<\/p>\n<p>2) La <strong>moral sexual y la obsesi\u00f3n sexual<\/strong> son sus pilares comunes. Su cerebro est\u00e1 repleto en ambos casos de im\u00e1genes sexuales, basadas en la frustraci\u00f3n por un lado y la \u00ab\u00a0cultura de la violaci\u00f3n\u00a0\u00bb (una invenci\u00f3n), las bromas sexistas, conmovedoras e insoportables, por el otro. El Islam no condena el deseo heterosexual sino que lo enmarca con autoridad; el neofeminismo sue\u00f1a secretamente con erradicarlo (por ejemplo: <a href=\"https:\/\/www.buzzfeed.com\/stephanieanderson\/rose-mcgowan-vmas-queen?utm_term=.enkBB7d2n#.piX33WYX5\">actrices feministas estadounidenses casi desnudas reprochando a los hombres por desearlas<\/a>) y busca establecer una <a href=\"https:\/\/www.huffingtonpost.fr\/odile-buisson\/signataire-de-la-tribune-des-100-femmes-du-monde-voici-pourquoi-je-suis-contre-la-police-des-conduites-sexuelles_a_23333540\/\">polic\u00eda del comportamiento sexual<\/a>.<\/p>\n<p>3) Su objetivo com\u00fan es<strong> someter al sexo opuesto<\/strong>. Ya conocemos el punto de vista del Islam sobre las mujeres. El nuevo feminismo, dice defender la igualdad entre los sexos, pero cuando se arrastra a los hombres por el barro, <a href=\"http:\/\/www.lepoint.fr\/actualites-lepoint\/l-edifiante-histoire-du-premier-porc-17-01-2018-2187540_2533.php?boc=1095602&amp;m_i=vHKtzVRjezStd9UnWfNthh3mEctrZ%2B6KNj%2BfHa7Gdxmw9pOgy0O3ihtZoTdG3aqBFrqT2AVERuFxLjDhiuX7LDBH428bvr&amp;M_BT=538849162765#xtor=EPR-6-[Newsletter-Matinale]-20180122\">desafiando los m\u00e1s elementales derechos<\/a> (<a class=\"_58cn\" href=\"https:\/\/www.facebook.com\/hashtag\/metoo?source=feed_text&amp;story_id=10210869827283601\" data-ft=\"{&quot;tn&quot;:&quot;*N&quot;,&quot;type&quot;:104}\"><span class=\"_5afx\"><span class=\"_58cl _5afz\">#<\/span><span class=\"_58cm\">metoo<\/span><\/span><\/a>,\u00a0<a class=\"_58cn\" href=\"https:\/\/www.facebook.com\/hashtag\/balancetonporc?source=feed_text&amp;story_id=10210869827283601\" data-ft=\"{&quot;tn&quot;:&quot;*N&quot;,&quot;type&quot;:104}\"><span class=\"_5afx\"><span class=\"_58cl _5afz\">#<\/span><span class=\"_58cm\">balancetonporc<\/span><\/span><\/a>) o se les <a href=\"http:\/\/www.lefigaro.fr\/vox\/societe\/2018\/01\/16\/31003-20180116ARTFIG00398-guillaume-perrault-polemique-sur-le-harcelement-les-hommes-attendaient-que-des-femmes-les-secourent.php\">descalifica o prohibe<\/a> sistem\u00e1ticamente la palabra en funci\u00f3n de su sexo, no existe realmente tal igualdad. La misandria campa <a href=\"http:\/\/dixquatre.com\/2018\/01\/une-editrice-du-huffington-post-appelle-a-tuer-tous-les-hommes\/\">libremente sin complejos<\/a> y los <a href=\"https:\/\/twitter.com\/MartinDaubney\/status\/955079644797169664\">ejemplos abundan<\/a>.<\/p>\n<p>4) <strong>La represi\u00f3n de las conductas sexuales<\/strong> es un objetivo en com\u00fan. El Islam desplegando sus prohibiciones y prescripciones; el neo-feminismo intentando criminalizar cualquier expresi\u00f3n de deseo masculino en t\u00e9rminos femeninos, porque su objetivo es aseptizar y luego judicializar las relaciones, como ocurre con esas <a href=\"https:\/\/www.franceinter.fr\/emissions\/c-est-deja-demain\/c-est-deja-demain-16-janvier-2018\">aplicaciones m\u00f3viles<\/a> o <a href=\"http:\/\/www.cosmopolitan.fr\/,le-contrat-sexuel-nouvelle-tendance-des-campus-americains,1921889.asp\">contratos de consentimiento sexual<\/a>. Ambas ideolog\u00edas pretenden enmarcar en un esquema regulado la sexualidad de todos.<\/p>\n<p>5) <strong>La segregaci\u00f3n de g\u00e9nero en la esfera p\u00fablica<\/strong> es aceptada conjuntamente. Ambas ideolog\u00edas aplauden los <a href=\"https:\/\/www.20minutes.fr\/monde\/1819203-20160404-allemagne-contre-harcelement-wagons-bientot-reserves-femmes\">vagones<\/a>, las <a href=\"http:\/\/www.leparisien.fr\/mantes-la-jolie-78200\/mantes-la-jolie-des-creneaux-reserves-aux-femmes-a-la-piscine-04-01-2016-5420731.php\">piscinas<\/a>, los espacios reservados para mujeres.<\/p>\n<p>6) Tienen en com\u00fan <strong>la mojigater\u00eda y los discursos anti-art\u00edsticos<\/strong>. En ambos casos, se denuncia la exposici\u00f3n de desnudos femeninos. Se destruye el patrimonio (Daesh) y<a href=\"http:\/\/www.setif.info\/article10346.html\"> se rompen las estatuas<\/a> de mujeres desnudas por un lado, mientras que, <a href=\"https:\/\/www.valeursactuelles.com\/monde\/un-musee-decroche-un-tableau-de-femmes-nues-pour-lutter-contre-le-sexisme-92880\">por el otro<\/a>, se denuncia <a href=\"https:\/\/blog.causeur.fr\/bonnetdane\/cachez-ce-sein-etc-001983.html#ligne\">su presencia en los museos<\/a> y las artes en general, a veces para no ofender ni a las feministas ni a los musulmanes <a href=\"http:\/\/www.postedeveille.ca\/2013\/12\/suede-une-toile-representant-une-femme-aux-seins-nus-retiree.html\">al mismo tiempo<\/a>. En ambos casos, para denigrar todo el patrimonio art\u00edstico occidental bajo el argumento de que predominantemente es \u00ab\u00a0una expresi\u00f3n del hombre blanco\u00a0\u00bb.<\/p>\n<p>7) <strong>La apolog\u00eda del velo y todo cuanto pueda sustraer el cuerpo femenino de la mirada p\u00fablica<\/strong> (carteles, anuncios) es com\u00fan. Los islamistas, las organizaciones feministas isl\u00e1micas como Lallab y las izquierdo-feministas como Osez le F\u00e9minisme coinciden en ese punto: el cuerpo de la mujer debe estar protegido del deseo masculino. En Francia, como en la tierra del Islam, ahora se anuncia la lencer\u00eda femenina con <a href=\"http:\/\/www.rtl.fr\/actu\/debats-societe\/pour-la-premiere-fois-des-pubs-de-lingerie-sans-femmes-denudees-7791746140\">mujeres vestidas<\/a> y el champ\u00fa con <a href=\"https:\/\/www.lci.fr\/medias\/video-amena-kahn-l-oreal-engage-une-femme-voilee-pour-faire-la-pub-d-un-nouveau-shampooing-2076399.html\">mujeres cubiertas con velo<\/a>. \u00bfPronto el burkini para todas?<\/p>\n<p>8) <strong>El islamismo practica el entrismo en la universidad francesa gracias al pretexto del feminismo<\/strong>. Ejemplo: el islamo-feminismo <a href=\"http:\/\/www.algeria-watch.org\/fr\/article\/femmes\/islamo_feminisme.htm\">tal como se nos presenta<\/a> es bienvenido con los brazos abiertos en nuestras escuelas de doctorado de sociolog\u00eda. Siguiendo la voluntad de Tariq Ramadan, entre otros, que entendieron que la palabra \u00ab\u00a0feminismo\u00a0\u00bb era un \u2018\u00e1brete s\u00e9samo\u2019 imparable. Advi\u00e9rtase que en este ejemplo, el islamo-feminismo ni siquiera recula ante las tesis de la ideolog\u00eda de g\u00e9nero.<\/p>\n<p>9) <strong>La violaci\u00f3n de las conciencias, la intimidad y la privacidad.<\/strong> Ambas ideolog\u00edas pretenden legislar la intimidad y los sentimientos m\u00e1s personales, como imponer a toda mujer una visi\u00f3n de la violaci\u00f3n o la agresi\u00f3n sexual que no es necesariamente la suya. Los islamistas subestiman la agresi\u00f3n y las neofeministas la sobreestiman, forzando a casi cualquier mujer a considerarse violada o atacada. En ambos casos, no hay libertad de conciencia o expresi\u00f3n para las mujeres que lo necesitan (por ejemplo, <a href=\"https:\/\/www.franceinter.fr\/emissions\/l-invite-d-ali-baddou\/l-invite-d-ali-baddou-12-janvier-2018\">Catherine Millet<\/a>, que recuerda una cosa obvia: s\u00ed, podemos recuperarnos de una violaci\u00f3n, pero hoy parece totalmente prohibido decirlo). Es \u00ab\u00a0otra palabra\u00a0\u00bb que se confisca).<\/p>\n<p>10) La asignaci\u00f3n de las mujeres a <strong>dos categor\u00edas de acuerdo con los criterios de moralidad sexual.<\/strong> Las mujeres con velo env\u00edan expresamente el mensaje a las que no lo llevan de que son unas desvergonzadas. Las neofeministas env\u00edan el mensaje a las firmantes de la \u00ab\u00a0tribuna de las 100\u00a0\u00bb de que son libertinas sujetas al deseo masculino. La mujer libre es criticada en ambos casos.<\/p>\n<p>11) Islamismo y neofeminismo intentan<strong> vengarse del hombre blanco occidental que los \u00ab\u00a0coloniz\u00f3\u00a0\u00bb en el pasad<\/strong>o, literal y figurativamente. El hombre occidental presentado como dominante u opresor es el enemigo com\u00fan. El vocabulario del pensamiento marxista es retomado por ambas ideolog\u00edas. Los nuevos \u00ab\u00a0condenados de la tierra\u00a0\u00bb son <a href=\"http:\/\/www.laicite-republique.org\/a-el-khatmi-les-musulmans-de-france-ne-sont-pas-les-nouveaux-damnes-de-la-terre.html\">las poblaciones isl\u00e1micas, seg\u00fan algunos intelectuales<\/a>, mientras que en el caso de las feministas, la cuadr\u00edcula de lectura de la lucha de clases se transfiere in extenso a la lucha de los sexos (mujer oprimida \/ hombre opresivo).<\/p>\n<p>12) La <strong>censura art\u00edstica<\/strong> pura y simple se reduce debido al pensamiento disidente. El neofeminismo se ha unido a la corte de dictaduras grandes o peque\u00f1as en los \u00faltimos d\u00edas al <a href=\"http:\/\/www.liberation.fr\/france\/2018\/01\/18\/tribune-du-monde-brigitte-sy-censuree-par-un-collectif-feministe_1623352\">censurar la pel\u00edcula de Brigitte Sy<\/a> (\u2018L\u2019astragle\u2019, en el Festival de Pantin) por la \u00fanica raz\u00f3n de que ella hab\u00eda firmado la \u00ab\u00a0tribuna de las 100\u00a0\u00bb. \u00a1Fuera del victimismo, no hay salvaci\u00f3n!<\/p>\n<p>13) Neofeministas e islamistas utilizan el mismo<strong> vocabulario de \u00ab\u00a0sororidad\u00a0\u00bb tomado de las sectas<\/strong>, y as\u00ed esencializan a cualquier mujer como \u00ab\u00a0hermana\u00a0\u00bb de cualquier otra (bueno &#8230; en la medida en que est\u00e9 cubierta con un velo o que acate la misma visi\u00f3n de v\u00edctima, si no se vuelve un poco complicado, como acabamos de ver).<\/p>\n<p>14) <strong>Guerra total contra el humor<\/strong>. Charlie Hebdo por un lado y los ide\u00f3logos del feminismo por el otro, todos lideran una guerra despiadada contra el humor, esa invenci\u00f3n patriarcal. Tex [el humorista Jean-Christophe Le Texier] y muchos otros lo han pagado recientemente.<\/p>\n<p>15) <strong>Ambos pisotean los logros del universalismo y de los derechos humanos<\/strong>. Este punto viene al final porque es la conclusi\u00f3n de todo lo anterior, y sin duda lo que m\u00e1s me impacta. El islamismo es esencialista y comunitario (cada sexo, raza o religi\u00f3n se beneficia de un trato desigual). Seg\u00fan la l\u00f3gica del feminismo antipatriarcal, el sexo masculino oprimir\u00eda al sexo femenino en todas partes, todo el tiempo, para siempre. Por tanto, cualquier individuo masculino es asignado a su identidad sexual y sentenciado por adelantado (a menos que acepte ingresar a un curso de rehabilitaci\u00f3n pilotado por las se\u00f1oras patronas sin garant\u00eda de \u00e9xito). Toda mujer estar\u00eda en esencia y desde el nacimiento en peligro y posiblemente ser\u00e1 v\u00edctima de la depredaci\u00f3n masculina. Adem\u00e1s, las feministas siempre hablan en nombre de \u00ab\u00a0todas las mujeres\u00a0\u00bb, reduci\u00e9ndonos a nuestra identidad sexual, como si ser due\u00f1as de \u00f3rganos sexuales femeninos nos obligara a pensar y actuar \u00ab\u00a0como una sola mujer\u00a0\u00bb. Personalmente, no soy solidaria con la \u00ab\u00a0comunidad de mujeres\u00a0\u00bb, sino con la de los humanos como un todo, independientemente de su g\u00e9nero, raza o religi\u00f3n. Mi compasi\u00f3n se dirige por igual a hombres como a mujeres.<\/p>\n<p>16) Por \u00faltimo, <strong>\u00ab\u00a0Haro sur le Porc!\u00a0\u00bb es su grito de batalla en com\u00fan<\/strong>. Ya sea \u00ab\u00a0haram\u00a0\u00bb o \u00ab\u00a0\u00e0 balancer\u00a0\u00bb, el cerdo es en cualquier caso su enemigo. Me dir\u00e1s que un hombre no es un cerdo, s\u00ed, lo s\u00e9, pero este vocabulario com\u00fan no es, sin duda, inocente: el simbolismo de este cerdo siempre tiene que ver con la impureza, el tab\u00fa y moralidad sexual.<\/p>\n<p>Este listado no pretende demostrar que estas dos ideolog\u00edas procedan de los mismos instigadores. Los paralelismos, algunos voluntarios (entre las islamo-feministas), otros involuntarios o inconscientes (entre las neofeministas), simplemente muestran que una autodenominada modernidad o revoluci\u00f3n, como dice ser el neofeminismo, nos convoca, mientras esperamos la gran jornada, a la salida de la historia y al \u2018hombre nuevo\u2019, con las viejas recetas de la censura, el puritanismo, el sectarismo y el oscurantismo m\u00e1s mugrientos. Como de costumbre.<\/p>\n<p><a class=\"profileLink\" href=\"https:\/\/www.facebook.com\/camille.lakos?fref=mentions\" data-hovercard=\"\/ajax\/hovercard\/user.php?id=100005300194417&amp;extragetparams=%7B%22fref%22%3A%22mentions%22%7D\" data-hovercard-prefer-more-content-show=\"1\">Lana del Rio<\/a><\/p>\n<p>[Pour la traduction du fran\u00e7ais :\u00a0<a class=\"profileLink\" href=\"https:\/\/www.facebook.com\/julio.bejar.9?fref=mentions\" data-hovercard=\"\/ajax\/hovercard\/user.php?id=1289589323&amp;extragetparams=%7B%22fref%22%3A%22mentions%22%7D\" data-hovercard-prefer-more-content-show=\"1\">J\u00falio B\u00e9jar<\/a>]<br \/>\n[Avec ma reconnaissance \u00e0\u00a0<a class=\"profileLink\" href=\"https:\/\/www.facebook.com\/camille.lakos?fref=mentions\" data-hovercard=\"\/ajax\/hovercard\/user.php?id=100005300194417&amp;extragetparams=%7B%22fref%22%3A%22mentions%22%7D\" data-hovercard-prefer-more-content-show=\"1\">Lana del Rio<\/a>]<\/p>\n","protected":false},"excerpt":{"rendered":"<p>[Traducido del franc\u00e9s por\u00a0J\u00falio B\u00e9jar] Emprendo esta peque\u00f1a reflexi\u00f3n susceptible de ser ampliada con el transcurso del tiempo. Como entiendo que cada vez se dan m\u00e1s convergencias entre estas dos ideolog\u00edas, intentar\u00e9 enumerarlas para demostrar hasta qu\u00e9 punto lo que nos es presentado como progresista se asemeja involuntariamente (aunque no siempre) a cosas que lo &hellip; <\/p>\n<p class=\"link-more\"><a href=\"https:\/\/eromakia.fr\/index.php\/neo-feminismo-e-islamismo-convergencias\/\" class=\"more-link\">Continuer la lecture<span class=\"screen-reader-text\"> de &laquo;&nbsp;Neo-Feminismo e islamismo : Convergencias&nbsp;&raquo;<\/span><\/a><\/p>\n","protected":false},"author":1,"featured_media":0,"parent":0,"menu_order":0,"comment_status":"open","ping_status":"closed","template":"","meta":{"footnotes":""},"class_list":["post-421","page","type-page","status-publish","hentry"],"yoast_head":"<!-- This site is optimized with the Yoast SEO plugin v21.3 - https:\/\/yoast.com\/wordpress\/plugins\/seo\/ -->\n<title>Neo-Feminismo e islamismo : Convergencias - Eromakia<\/title>\n<meta name=\"robots\" content=\"index, follow, max-snippet:-1, max-image-preview:large, max-video-preview:-1\" \/>\n<link rel=\"canonical\" href=\"https:\/\/eromakia.fr\/index.php\/neo-feminismo-e-islamismo-convergencias\/\" \/>\n<meta property=\"og:locale\" content=\"fr_FR\" \/>\n<meta property=\"og:type\" content=\"article\" \/>\n<meta property=\"og:title\" content=\"Neo-Feminismo e islamismo : Convergencias - Eromakia\" \/>\n<meta property=\"og:description\" content=\"[Traducido del franc\u00e9s por\u00a0J\u00falio B\u00e9jar] Emprendo esta peque\u00f1a reflexi\u00f3n susceptible de ser ampliada con el transcurso del tiempo. Como entiendo que cada vez se dan m\u00e1s convergencias entre estas dos ideolog\u00edas, intentar\u00e9 enumerarlas para demostrar hasta qu\u00e9 punto lo que nos es presentado como progresista se asemeja involuntariamente (aunque no siempre) a cosas que lo &hellip; Continuer la lecture de &laquo;&nbsp;Neo-Feminismo e islamismo : Convergencias&nbsp;&raquo;\" \/>\n<meta property=\"og:url\" content=\"https:\/\/eromakia.fr\/index.php\/neo-feminismo-e-islamismo-convergencias\/\" \/>\n<meta property=\"og:site_name\" content=\"Eromakia\" \/>\n<meta property=\"article:modified_time\" content=\"2018-03-04T11:58:12+00:00\" \/>\n<meta property=\"og:image\" content=\"http:\/\/eromakia.fr\/wp-content\/uploads\/2018\/02\/Prudhon-300x249.jpg\" \/>\n<meta name=\"twitter:card\" content=\"summary_large_image\" \/>\n<meta name=\"twitter:label1\" content=\"Dur\u00e9e de lecture estim\u00e9e\" \/>\n\t<meta name=\"twitter:data1\" content=\"8 minutes\" \/>\n<script type=\"application\/ld+json\" class=\"yoast-schema-graph\">{\"@context\":\"https:\/\/schema.org\",\"@graph\":[{\"@type\":\"WebPage\",\"@id\":\"https:\/\/eromakia.fr\/index.php\/neo-feminismo-e-islamismo-convergencias\/\",\"url\":\"https:\/\/eromakia.fr\/index.php\/neo-feminismo-e-islamismo-convergencias\/\",\"name\":\"Neo-Feminismo e islamismo : Convergencias - Eromakia\",\"isPartOf\":{\"@id\":\"https:\/\/eromakia.fr\/#website\"},\"datePublished\":\"2018-02-08T13:08:43+00:00\",\"dateModified\":\"2018-03-04T11:58:12+00:00\",\"breadcrumb\":{\"@id\":\"https:\/\/eromakia.fr\/index.php\/neo-feminismo-e-islamismo-convergencias\/#breadcrumb\"},\"inLanguage\":\"fr-FR\",\"potentialAction\":[{\"@type\":\"ReadAction\",\"target\":[\"https:\/\/eromakia.fr\/index.php\/neo-feminismo-e-islamismo-convergencias\/\"]}]},{\"@type\":\"BreadcrumbList\",\"@id\":\"https:\/\/eromakia.fr\/index.php\/neo-feminismo-e-islamismo-convergencias\/#breadcrumb\",\"itemListElement\":[{\"@type\":\"ListItem\",\"position\":1,\"name\":\"Accueil\",\"item\":\"https:\/\/eromakia.fr\/\"},{\"@type\":\"ListItem\",\"position\":2,\"name\":\"Neo-Feminismo e islamismo : Convergencias\"}]},{\"@type\":\"WebSite\",\"@id\":\"https:\/\/eromakia.fr\/#website\",\"url\":\"https:\/\/eromakia.fr\/\",\"name\":\"Eromakia\",\"description\":\"Art, Love and Fight Chronicles\",\"potentialAction\":[{\"@type\":\"SearchAction\",\"target\":{\"@type\":\"EntryPoint\",\"urlTemplate\":\"https:\/\/eromakia.fr\/?s={search_term_string}\"},\"query-input\":\"required name=search_term_string\"}],\"inLanguage\":\"fr-FR\"}]}<\/script>\n<!-- \/ Yoast SEO plugin. -->","yoast_head_json":{"title":"Neo-Feminismo e islamismo : Convergencias - Eromakia","robots":{"index":"index","follow":"follow","max-snippet":"max-snippet:-1","max-image-preview":"max-image-preview:large","max-video-preview":"max-video-preview:-1"},"canonical":"https:\/\/eromakia.fr\/index.php\/neo-feminismo-e-islamismo-convergencias\/","og_locale":"fr_FR","og_type":"article","og_title":"Neo-Feminismo e islamismo : Convergencias - Eromakia","og_description":"[Traducido del franc\u00e9s por\u00a0J\u00falio B\u00e9jar] Emprendo esta peque\u00f1a reflexi\u00f3n susceptible de ser ampliada con el transcurso del tiempo. Como entiendo que cada vez se dan m\u00e1s convergencias entre estas dos ideolog\u00edas, intentar\u00e9 enumerarlas para demostrar hasta qu\u00e9 punto lo que nos es presentado como progresista se asemeja involuntariamente (aunque no siempre) a cosas que lo &hellip; Continuer la lecture de &laquo;&nbsp;Neo-Feminismo e islamismo : Convergencias&nbsp;&raquo;","og_url":"https:\/\/eromakia.fr\/index.php\/neo-feminismo-e-islamismo-convergencias\/","og_site_name":"Eromakia","article_modified_time":"2018-03-04T11:58:12+00:00","og_image":[{"url":"http:\/\/eromakia.fr\/wp-content\/uploads\/2018\/02\/Prudhon-300x249.jpg"}],"twitter_card":"summary_large_image","twitter_misc":{"Dur\u00e9e de lecture estim\u00e9e":"8 minutes"},"schema":{"@context":"https:\/\/schema.org","@graph":[{"@type":"WebPage","@id":"https:\/\/eromakia.fr\/index.php\/neo-feminismo-e-islamismo-convergencias\/","url":"https:\/\/eromakia.fr\/index.php\/neo-feminismo-e-islamismo-convergencias\/","name":"Neo-Feminismo e islamismo : Convergencias - Eromakia","isPartOf":{"@id":"https:\/\/eromakia.fr\/#website"},"datePublished":"2018-02-08T13:08:43+00:00","dateModified":"2018-03-04T11:58:12+00:00","breadcrumb":{"@id":"https:\/\/eromakia.fr\/index.php\/neo-feminismo-e-islamismo-convergencias\/#breadcrumb"},"inLanguage":"fr-FR","potentialAction":[{"@type":"ReadAction","target":["https:\/\/eromakia.fr\/index.php\/neo-feminismo-e-islamismo-convergencias\/"]}]},{"@type":"BreadcrumbList","@id":"https:\/\/eromakia.fr\/index.php\/neo-feminismo-e-islamismo-convergencias\/#breadcrumb","itemListElement":[{"@type":"ListItem","position":1,"name":"Accueil","item":"https:\/\/eromakia.fr\/"},{"@type":"ListItem","position":2,"name":"Neo-Feminismo e islamismo : Convergencias"}]},{"@type":"WebSite","@id":"https:\/\/eromakia.fr\/#website","url":"https:\/\/eromakia.fr\/","name":"Eromakia","description":"Art, Love and Fight Chronicles","potentialAction":[{"@type":"SearchAction","target":{"@type":"EntryPoint","urlTemplate":"https:\/\/eromakia.fr\/?s={search_term_string}"},"query-input":"required name=search_term_string"}],"inLanguage":"fr-FR"}]}},"_links":{"self":[{"href":"https:\/\/eromakia.fr\/index.php\/wp-json\/wp\/v2\/pages\/421","targetHints":{"allow":["GET"]}}],"collection":[{"href":"https:\/\/eromakia.fr\/index.php\/wp-json\/wp\/v2\/pages"}],"about":[{"href":"https:\/\/eromakia.fr\/index.php\/wp-json\/wp\/v2\/types\/page"}],"author":[{"embeddable":true,"href":"https:\/\/eromakia.fr\/index.php\/wp-json\/wp\/v2\/users\/1"}],"replies":[{"embeddable":true,"href":"https:\/\/eromakia.fr\/index.php\/wp-json\/wp\/v2\/comments?post=421"}],"version-history":[{"count":7,"href":"https:\/\/eromakia.fr\/index.php\/wp-json\/wp\/v2\/pages\/421\/revisions"}],"predecessor-version":[{"id":904,"href":"https:\/\/eromakia.fr\/index.php\/wp-json\/wp\/v2\/pages\/421\/revisions\/904"}],"wp:attachment":[{"href":"https:\/\/eromakia.fr\/index.php\/wp-json\/wp\/v2\/media?parent=421"}],"curies":[{"name":"wp","href":"https:\/\/api.w.org\/{rel}","templated":true}]}}