{"id":388,"date":"2018-02-08T12:28:31","date_gmt":"2018-02-08T11:28:31","guid":{"rendered":"http:\/\/eromakia.fr\/?page_id=388"},"modified":"2025-02-05T11:28:49","modified_gmt":"2025-02-05T10:28:49","slug":"critique-du-neo-feminisme","status":"publish","type":"page","link":"https:\/\/eromakia.fr\/index.php\/critique-du-neo-feminisme\/","title":{"rendered":"Critique du n\u00e9o-f\u00e9minisme"},"content":{"rendered":"<p>Le n\u00e9o-f\u00e9minisme qui d\u00e9ferle actuellement sur l&rsquo;Occident correspond \u00e0 ce que l&rsquo;on appelle les troisi\u00e8me et quatri\u00e8me vagues f\u00e9ministes.<\/p>\n<p>Il s&rsquo;agit d&rsquo;une <strong>id\u00e9ologie victimaire<\/strong> \u00e9labor\u00e9e sur les campus am\u00e9ricains <a href=\"https:\/\/eromakia.fr\/index.php\/2019\/05\/26\/imposture-feministe-le-patriarcat-est-ne-en-1970\/\">autour des ann\u00e9es 70<\/a> qui pr\u00e9tend que le sexe f\u00e9minin est opprim\u00e9 par le sexe masculin <a href=\"https:\/\/eromakia.fr\/index.php\/2019\/06\/20\/warren-shibles-tous-les-hommes-oppriment-toutes-les-femmes-tout-le-temps\/\">partout, tout le temps et depuis toujours<\/a>. L&rsquo;humanit\u00e9 serait divis\u00e9e en deux camps : des victimes perp\u00e9tuelles, fragiles et innocentes d&rsquo;un c\u00f4t\u00e9 et des bourreaux oppresseurs et violeurs de naissance de l&rsquo;autre.<\/p>\n<p>Le f\u00e9minisme des deux premi\u00e8res vagues ayant remport\u00e9 tous ses combats et obtenu l&rsquo;\u00e9galit\u00e9 des droits, il fallait d\u00e8s lors, pour ces id\u00e9ologues en mal de conflit (et de subventions), d\u00e9placer le combat sur un autre terrain, celui de la <strong>guerre des sexes<\/strong> ; promesse d&rsquo;une guerre sans fin, torrents de larmes de crocodile en perspective et <a href=\"https:\/\/eromakia.fr\/index.php\/etre-victime-ou-ne-pas-etre-feminisme-et-victimitude\/\">assurance de pouvoir se victimiser<\/a> <em>ad vitam<\/em> pour flatter son narcissisme d\u00e9r\u00e9gl\u00e9.<\/p>\n<p>Cette guerre des sexes a rev\u00eatu principalement les habits de l&rsquo;id\u00e9ologie du genre et du puritanisme bigot (les deux \u00e9tant les deux faces de la m\u00eame m\u00e9daille misandre). Quand le n\u00e9o-f\u00e9minisme d\u00e9roule sans fin ses <a href=\"https:\/\/eromakia.fr\/index.php\/lunivers-feministe\/\">tristes obsessions sexuelles<\/a> (vulve-clito-vagin \u00e0 toutes les sauces), l&rsquo;id\u00e9ologie du genre <a href=\"https:\/\/eromakia.fr\/index.php\/2022\/04\/30\/abigail-shrier-ados-transgenres-un-aller-sans-retour-possible-le-figaro\/\">pousse \u00e0 la mutilation et au d\u00e9sespoir<\/a> des contingents de jeunes femmes en construction. Mais dans tous les cas, c&rsquo;est la m\u00eame <a href=\"https:\/\/eromakia.fr\/index.php\/2019\/02\/05\/fascination_phallique_chez_feministes\/\">fixation n\u00e9vrotique sur le pouvoir fantasmatique pr\u00eat\u00e9 au phallus<\/a>\u00a0qui en constitue le ressort.<\/p>\n<p><span style=\"font-size: 1rem;\">Le sexe masculin \u00e9tant le tabou absolu, il faut d\u00e9sormais tout faire pour que le maximum de petits gar\u00e7ons se f\u00e9minisent (v\u00eatements de fille, pronoms neutres, matraquage culpabilisateur&#8230;) et que toute forme de masculinit\u00e9 soit an\u00e9antie (\u00ab\u00a0masculinit\u00e9 toxique\u00a0\u00bb, <a href=\"https:\/\/eromakia.fr\/index.php\/2023\/03\/13\/peur-sur-la-ville-francis-dupuis-deri-et-les-masculinistes\/\">\u00ab\u00a0masculinisme\u00a0\u00bb<\/a>, <em>\u00ab\u00a0male gaze\u00a0\u00bb, \u00ab\u00a0mansplaining\u00a0\u00bb, \u00ab\u00a0manspreading\u00a0\u00bb, etc.<\/em>). Les hommes doivent devenir des femmes comme les autres. Pour ces esprit binaires, \u00ab\u00a0m\u00e2le\u00a0\u00bb n&rsquo;est plus synonyme que de \u00ab\u00a0mal\u00a0\u00bb.<\/span><\/p>\n<p>Le sexe masculin \u00e9tant le sexe tabou, il faut aussi faire croire qu&rsquo;il existe une \u00ab\u00a0<a href=\"https:\/\/eromakia.fr\/index.php\/le-fantasme-de-la-culture-du-viol\/\">culture du viol<\/a>\u00a0\u00bb (mais attention, uniquement en Occident et si c&rsquo;est un blanc !) et donc tout faire pour criminaliser toutes les conduites sexuelles masculines. \u00c0 cette fin, le n\u00e9o-f\u00e9minisme am\u00e9ricain ira puiser dans le <a href=\"https:\/\/eromakia.fr\/index.php\/neo-bigotes-et-chaisieres-deglise-les-feministes-et-la-religion\/\">fonds culturel du puritanisme protestant<\/a> (le calvinisme) avant de d\u00e9ferler sur l&rsquo;Occident via les pays scandinaves, le Canada, l&rsquo;Australie et surtout le Qu\u00e9bec pour la traduction en fran\u00e7ais. Et d&rsquo;importer en France une bigoterie et une pleurnicherie de mijaur\u00e9es in\u00e9dites sous nos cieux :\u00a0 m\u00eame dans les couvents les plus puritains du XVIIe si\u00e8cle, on ne serait pas tomb\u00e9e en p\u00e2moison parce qu&rsquo;un homme vous aurait fr\u00f4l\u00e9 le genou, fait un bisou dans le cou ou lorgn\u00e9 dans le d\u00e9collet\u00e9 !<\/p>\n<p>Qu&rsquo;il s&rsquo;agisse du f\u00e9minisme anti-patriarcal mainstream ou de sa version \u00ab\u00a0sextr\u00e9miste\u00a0\u00bb radicale (en r\u00e9alit\u00e9 tout aussi bigote) des <em>Femen<\/em>, <strong>le mot d&rsquo;ordre commun est la guerre tous azimuts contre la masculinit\u00e9<\/strong>, all\u00e8grement confondue avec un\u00a0<a href=\"https:\/\/eromakia.fr\/index.php\/la-supercherie-du-patriarcat\/\">mal\u00e9fique \u00ab\u00a0patriarcat\u00a0\u00bb<\/a>. En t\u00e9moigne\u00a0par exemple ce visuel particuli\u00e8rement explicite des <em>Femen<\/em> : l&rsquo;objectif est d&rsquo;\u00e9masculer les hommes, <strong>en tranchant leurs testicules avec une faucille, communiste<\/strong> de surcro\u00eet. Comment illustrer plus clairement le <a href=\"https:\/\/www.liberation.fr\/planete\/2015\/03\/17\/notre-feminisme-une-haine-assumee_1222614\/\">fonds haineux misandro-marxiste<\/a> du n\u00e9o-f\u00e9minisme ?<\/p>\n<figure id=\"attachment_2294\" aria-describedby=\"caption-attachment-2294\" style=\"width: 1023px\" class=\"wp-caption alignnone\"><a href=\"https:\/\/eromakia.fr\/wp-content\/uploads\/2018\/02\/7.png\"><img loading=\"lazy\" decoding=\"async\" class=\"wp-image-2294 size-full\" src=\"https:\/\/eromakia.fr\/wp-content\/uploads\/2018\/02\/7.png\" alt=\"\" width=\"1023\" height=\"441\" srcset=\"https:\/\/eromakia.fr\/wp-content\/uploads\/2018\/02\/7.png 1023w, https:\/\/eromakia.fr\/wp-content\/uploads\/2018\/02\/7-300x129.png 300w, https:\/\/eromakia.fr\/wp-content\/uploads\/2018\/02\/7-768x331.png 768w\" sizes=\"auto, (max-width: 767px) 89vw, (max-width: 1000px) 54vw, (max-width: 1071px) 543px, 580px\" \/><\/a><figcaption id=\"caption-attachment-2294\" class=\"wp-caption-text\">Visuel trouv\u00e9 sur le site de Femen France en 2016 : Des couilles brandies, tranch\u00e9es avec une faucille communiste sanguinolente : tout le programme n\u00e9of\u00e9ministe en une seule image !<\/figcaption><\/figure>\n<p>Tout ceci n&rsquo;est pas ma culture et je ne veux pas que cela le devienne.<\/p>\n<ul>\n<li>Ce site propose divers articles sur ces questions, billets d&rsquo;humeur ou r\u00e9flexions plus \u00e9tay\u00e9es (cliquer sur les liens) :<\/li>\n<\/ul>\n<p><blockquote class=\"wp-embedded-content\" data-secret=\"BoS2DERAKT\"><a href=\"https:\/\/eromakia.fr\/index.php\/lunivers-feministe\/\">L&rsquo;univers n\u00e9o-f\u00e9ministe<\/a><\/blockquote><iframe loading=\"lazy\" class=\"wp-embedded-content\" sandbox=\"allow-scripts\" security=\"restricted\" style=\"position: absolute; visibility: hidden;\" title=\"\u00ab\u00a0L&rsquo;univers n\u00e9o-f\u00e9ministe\u00a0\u00bb &#8212; Eromakia\" src=\"https:\/\/eromakia.fr\/index.php\/lunivers-feministe\/embed\/#?secret=IHikXi8ezn#?secret=BoS2DERAKT\" data-secret=\"BoS2DERAKT\" width=\"525\" height=\"296\" frameborder=\"0\" marginwidth=\"0\" marginheight=\"0\" scrolling=\"no\"><\/iframe><\/p>\n<p><blockquote class=\"wp-embedded-content\" data-secret=\"BxnuVfUsaC\"><a href=\"https:\/\/eromakia.fr\/index.php\/de-lart-ou-du-cochon-les-nus-feminins-dans-lart\/\">De l&rsquo;art ou du cochon \u2013 Les f\u00e9ministes au mus\u00e9e<\/a><\/blockquote><iframe loading=\"lazy\" class=\"wp-embedded-content\" sandbox=\"allow-scripts\" security=\"restricted\" style=\"position: absolute; visibility: hidden;\" title=\"\u00ab\u00a0De l&rsquo;art ou du cochon \u2013 Les f\u00e9ministes au mus\u00e9e\u00a0\u00bb &#8212; Eromakia\" src=\"https:\/\/eromakia.fr\/index.php\/de-lart-ou-du-cochon-les-nus-feminins-dans-lart\/embed\/#?secret=NBWFHtOHM7#?secret=BxnuVfUsaC\" data-secret=\"BxnuVfUsaC\" width=\"525\" height=\"296\" frameborder=\"0\" marginwidth=\"0\" marginheight=\"0\" scrolling=\"no\"><\/iframe><\/p>\n<p><blockquote class=\"wp-embedded-content\" data-secret=\"7AKAde1WoW\"><a href=\"https:\/\/eromakia.fr\/index.php\/neo-feminisme-et-islamisme-les-convergences\/\">N\u00e9o-f\u00e9minisme et islamisme : les convergences<\/a><\/blockquote><iframe loading=\"lazy\" class=\"wp-embedded-content\" sandbox=\"allow-scripts\" security=\"restricted\" style=\"position: absolute; visibility: hidden;\" title=\"\u00ab\u00a0N\u00e9o-f\u00e9minisme et islamisme : les convergences\u00a0\u00bb &#8212; Eromakia\" src=\"https:\/\/eromakia.fr\/index.php\/neo-feminisme-et-islamisme-les-convergences\/embed\/#?secret=ZEqBuKwYKN#?secret=7AKAde1WoW\" data-secret=\"7AKAde1WoW\" width=\"525\" height=\"296\" frameborder=\"0\" marginwidth=\"0\" marginheight=\"0\" scrolling=\"no\"><\/iframe><\/p>\n<p><blockquote class=\"wp-embedded-content\" data-secret=\"UyAwFVFlvd\"><a href=\"https:\/\/eromakia.fr\/index.php\/la-supercherie-du-patriarcat\/\">[Id\u00e9ologie de la domination] \u2013 La supercherie du \u00ab\u00a0patriarcat\u00a0\u00bb<\/a><\/blockquote><iframe loading=\"lazy\" class=\"wp-embedded-content\" sandbox=\"allow-scripts\" security=\"restricted\" style=\"position: absolute; visibility: hidden;\" title=\"\u00ab\u00a0[Id\u00e9ologie de la domination] \u2013 La supercherie du \u00ab\u00a0patriarcat\u00a0\u00bb\u00a0\u00bb &#8212; Eromakia\" src=\"https:\/\/eromakia.fr\/index.php\/la-supercherie-du-patriarcat\/embed\/#?secret=asgY3EQToh#?secret=UyAwFVFlvd\" data-secret=\"UyAwFVFlvd\" width=\"525\" height=\"296\" frameborder=\"0\" marginwidth=\"0\" marginheight=\"0\" scrolling=\"no\"><\/iframe><\/p>\n<p><blockquote class=\"wp-embedded-content\" data-secret=\"KIsY2Dwz4X\"><a href=\"https:\/\/eromakia.fr\/index.php\/le-fantasme-de-la-culture-du-viol\/\">[Mensonge f\u00e9ministe] \u2013 L&rsquo;invention de la \u00ab\u00a0culture du viol\u00a0\u00bb<\/a><\/blockquote><iframe loading=\"lazy\" class=\"wp-embedded-content\" sandbox=\"allow-scripts\" security=\"restricted\" style=\"position: absolute; visibility: hidden;\" title=\"\u00ab\u00a0[Mensonge f\u00e9ministe] \u2013 L&rsquo;invention de la \u00ab\u00a0culture du viol\u00a0\u00bb\u00a0\u00bb &#8212; Eromakia\" src=\"https:\/\/eromakia.fr\/index.php\/le-fantasme-de-la-culture-du-viol\/embed\/#?secret=VtqSzxDGc7#?secret=KIsY2Dwz4X\" data-secret=\"KIsY2Dwz4X\" width=\"525\" height=\"296\" frameborder=\"0\" marginwidth=\"0\" marginheight=\"0\" scrolling=\"no\"><\/iframe><\/p>\n<p><strong>La question du masculinisme<\/strong><\/p>\n<p>Le f\u00e9minisme est devenu tellement dominant (sous ses faux airs de victime) et misandre que<strong> la r\u00e9ponse masculiniste\u00a0me\u00a0semble\u00a0aussi justifi\u00e9e\u00a0que bienvenue<\/strong>. Je ne vois d&rsquo;ailleurs pas pourquoi ce terme devrait \u00eatre diabolis\u00e9 alors que le f\u00e9minisme r\u00e9pand librement sa haine dans tous les interstices de nos existences. Il est bien normal que les hommes qui ploient sous les insultes finissent par r\u00e9pondre quelque chose. Pour autant, il ne faut pas que ce masculinisme soit l&rsquo;exact d\u00e9calque du f\u00e9minisme et en recopie ses pires travers \u2013 au risque de devenir un <strong>f\u00e9minisme invers\u00e9 <\/strong>(ce qui est d\u00e9j\u00e0 le cas\u00a0chez les formes radicales de MGTOW ou des Incels).\u00a0 Que la faute misandre devienne dans leur camp\u00a0la\u00a0faute misogyne est une d\u00e9rive que je d\u00e9plore :<\/p>\n<p><blockquote class=\"wp-embedded-content\" data-secret=\"KGhzWHH7ze\"><a href=\"https:\/\/eromakia.fr\/index.php\/2018\/05\/21\/combattre-le-feminisme-oui-sombrer-dans-la-misogynie-crasse-non\/\">Combattre le f\u00e9minisme, oui. Sombrer dans la misogynie crasse, non.<\/a><\/blockquote><iframe loading=\"lazy\" class=\"wp-embedded-content\" sandbox=\"allow-scripts\" security=\"restricted\" style=\"position: absolute; visibility: hidden;\" title=\"\u00ab\u00a0Combattre le f\u00e9minisme, oui. Sombrer dans la misogynie crasse, non.\u00a0\u00bb &#8212; Eromakia\" src=\"https:\/\/eromakia.fr\/index.php\/2018\/05\/21\/combattre-le-feminisme-oui-sombrer-dans-la-misogynie-crasse-non\/embed\/#?secret=piQzsEov8v#?secret=KGhzWHH7ze\" data-secret=\"KGhzWHH7ze\" width=\"525\" height=\"296\" frameborder=\"0\" marginwidth=\"0\" marginheight=\"0\" scrolling=\"no\"><\/iframe><\/p>\n<p>Pour autant, utiliser l&rsquo;\u00e9pouvantail du \u00ab\u00a0masculinisme\u00a0\u00bb pour se fabriquer un ennemi imaginaire, dans le seul but d&rsquo;accabler et de harceler les hommes, est devenu une occupation \u00e0 plein temps chez les propagandistes f\u00e9ministes :<\/p>\n<p><blockquote class=\"wp-embedded-content\" data-secret=\"ymPATGtTkc\"><a href=\"https:\/\/eromakia.fr\/index.php\/2023\/03\/13\/peur-sur-la-ville-francis-dupuis-deri-et-les-masculinistes\/\">[Peur sur la ville] \u2013 Francis Dupuis-Deri et les \u00ab\u00a0masculinistes\u00a0\u00bb<\/a><\/blockquote><iframe loading=\"lazy\" class=\"wp-embedded-content\" sandbox=\"allow-scripts\" security=\"restricted\" style=\"position: absolute; visibility: hidden;\" title=\"\u00ab\u00a0[Peur sur la ville] \u2013 Francis Dupuis-Deri et les \u00ab\u00a0masculinistes\u00a0\u00bb\u00a0\u00bb &#8212; Eromakia\" src=\"https:\/\/eromakia.fr\/index.php\/2023\/03\/13\/peur-sur-la-ville-francis-dupuis-deri-et-les-masculinistes\/embed\/#?secret=hvZ2VfLymq#?secret=ymPATGtTkc\" data-secret=\"ymPATGtTkc\" width=\"525\" height=\"296\" frameborder=\"0\" marginwidth=\"0\" marginheight=\"0\" scrolling=\"no\"><\/iframe><\/p>\n<p style=\"text-align: center;\">*<\/p>\n<p>\u00ab Dans mon syst\u00e8me, la femme est forte et l\u2019homme est faible. La plupart des femmes h\u00e9t\u00e9rosexuelles qui ont r\u00e9ussi dans la vie le savent, et elles \u00e9prouvent compassion et piti\u00e9 pour les hommes. <strong>Elles aiment les hommes. Elles veulent que les hommes puissent \u00eatre forts, et elles savent que le seul moyen pour qu\u2019ils le soient est de leur pr\u00eater attention.<\/strong> Ce que la plupart des hommes recherchent, c\u2019est l\u2019attention et l\u2019approbation des femmes. Comme les hommes sont simples ! Quand on encourage les femmes \u00e0 penser qu\u2019elles sont impuissantes, on d\u00e9truit leur capacit\u00e9 \u00e0 voir la r\u00e9alit\u00e9 telle qu\u2019elle est et \u00e0 triompher par leurs propres moyens. \u00bb<br \/>Camille Paglia, <em>Femmes libres, hommes libres<\/em>, Laval (Qc), 2019, p. 199.<\/p>\n<p><strong>Traductions en espagnol :<\/strong><\/p>\n<p><blockquote class=\"wp-embedded-content\" data-secret=\"DOYJX62NGR\"><a href=\"https:\/\/eromakia.fr\/index.php\/neo-feminismo-e-islamismo-convergencias\/\">Neo-Feminismo e islamismo : Convergencias<\/a><\/blockquote><iframe loading=\"lazy\" class=\"wp-embedded-content\" sandbox=\"allow-scripts\" security=\"restricted\" style=\"position: absolute; visibility: hidden;\" title=\"\u00ab\u00a0Neo-Feminismo e islamismo : Convergencias\u00a0\u00bb &#8212; Eromakia\" src=\"https:\/\/eromakia.fr\/index.php\/neo-feminismo-e-islamismo-convergencias\/embed\/#?secret=feiq4oT3w7#?secret=DOYJX62NGR\" data-secret=\"DOYJX62NGR\" width=\"525\" height=\"296\" frameborder=\"0\" marginwidth=\"0\" marginheight=\"0\" scrolling=\"no\"><\/iframe><\/p>\n<p><blockquote class=\"wp-embedded-content\" data-secret=\"FAsEyQDSpa\"><a href=\"https:\/\/eromakia.fr\/index.php\/puedo-testimoniar-que-de-la-violacion-se-sale\/\">Puedo testimoniar que de la violaci\u00f3n, se sale<\/a><\/blockquote><iframe loading=\"lazy\" class=\"wp-embedded-content\" sandbox=\"allow-scripts\" security=\"restricted\" style=\"position: absolute; visibility: hidden;\" title=\"\u00ab\u00a0Puedo testimoniar que de la violaci\u00f3n, se sale\u00a0\u00bb &#8212; Eromakia\" src=\"https:\/\/eromakia.fr\/index.php\/puedo-testimoniar-que-de-la-violacion-se-sale\/embed\/#?secret=JmpvLBf5qR#?secret=FAsEyQDSpa\" data-secret=\"FAsEyQDSpa\" width=\"525\" height=\"296\" frameborder=\"0\" marginwidth=\"0\" marginheight=\"0\" scrolling=\"no\"><\/iframe><\/p>\n<p><strong>Voir aussi la liste de mes articles consacr\u00e9s au n\u00e9o-f\u00e9minisme :<\/strong><\/p>\n<p><blockquote class=\"wp-embedded-content\" data-secret=\"4mPies96vb\"><a href=\"https:\/\/eromakia.fr\/index.php\/newsletter\/\">Nouveaut\u00e9s sur le site<\/a><\/blockquote><iframe loading=\"lazy\" class=\"wp-embedded-content\" sandbox=\"allow-scripts\" security=\"restricted\" style=\"position: absolute; visibility: hidden;\" title=\"\u00ab\u00a0Nouveaut\u00e9s sur le site\u00a0\u00bb &#8212; Eromakia\" src=\"https:\/\/eromakia.fr\/index.php\/newsletter\/embed\/#?secret=ifVHECYPIJ#?secret=4mPies96vb\" data-secret=\"4mPies96vb\" width=\"525\" height=\"296\" frameborder=\"0\" marginwidth=\"0\" marginheight=\"0\" scrolling=\"no\"><\/iframe><\/p>\n<p>. Image de couverture :\u00a0<\/p>\n<figure id=\"attachment_404\" aria-describedby=\"caption-attachment-404\" style=\"width: 150px\" class=\"wp-caption alignnone\"><a href=\"https:\/\/eromakia.fr\/wp-content\/uploads\/2018\/02\/Prudhon.jpg\"><img loading=\"lazy\" decoding=\"async\" class=\"wp-image-404 size-thumbnail\" src=\"https:\/\/eromakia.fr\/wp-content\/uploads\/2018\/02\/Prudhon-150x150.jpg\" alt=\"\" width=\"150\" height=\"150\" srcset=\"https:\/\/eromakia.fr\/wp-content\/uploads\/2018\/02\/Prudhon-150x150.jpg 150w, https:\/\/eromakia.fr\/wp-content\/uploads\/2018\/02\/Prudhon-100x100.jpg 100w\" sizes=\"auto, (max-width: 150px) 100vw, 150px\" \/><\/a><figcaption id=\"caption-attachment-404\" class=\"wp-caption-text\">Pierre-Paul Prud&rsquo;hon, La Justice et la Vengeance divines poursuivant le Crime, 1808 (Paris, Mus\u00e9e du Louvre).<\/figcaption><\/figure>\n\n\n<p><\/p>\n","protected":false},"excerpt":{"rendered":"<p>Le n\u00e9o-f\u00e9minisme qui d\u00e9ferle actuellement sur l&rsquo;Occident correspond \u00e0 ce que l&rsquo;on appelle les troisi\u00e8me et quatri\u00e8me vagues f\u00e9ministes. Il s&rsquo;agit d&rsquo;une id\u00e9ologie victimaire \u00e9labor\u00e9e sur les campus am\u00e9ricains autour des ann\u00e9es 70 qui pr\u00e9tend que le sexe f\u00e9minin est opprim\u00e9 par le sexe masculin partout, tout le temps et depuis toujours. L&rsquo;humanit\u00e9 serait divis\u00e9e &hellip; <\/p>\n<p class=\"link-more\"><a href=\"https:\/\/eromakia.fr\/index.php\/critique-du-neo-feminisme\/\" class=\"more-link\">Continuer la lecture<span class=\"screen-reader-text\"> de &laquo;&nbsp;Critique du n\u00e9o-f\u00e9minisme&nbsp;&raquo;<\/span><\/a><\/p>\n","protected":false},"author":1,"featured_media":404,"parent":0,"menu_order":0,"comment_status":"open","ping_status":"open","template":"","meta":{"footnotes":""},"class_list":["post-388","page","type-page","status-publish","has-post-thumbnail","hentry"],"yoast_head":"<!-- This site is optimized with the Yoast SEO plugin v21.3 - https:\/\/yoast.com\/wordpress\/plugins\/seo\/ -->\n<title>Critique du n\u00e9o-f\u00e9minisme - Eromakia<\/title>\n<meta name=\"robots\" content=\"index, follow, max-snippet:-1, max-image-preview:large, max-video-preview:-1\" \/>\n<link rel=\"canonical\" href=\"https:\/\/eromakia.fr\/index.php\/critique-du-neo-feminisme\/\" \/>\n<meta property=\"og:locale\" content=\"fr_FR\" \/>\n<meta property=\"og:type\" content=\"article\" \/>\n<meta property=\"og:title\" content=\"Critique du n\u00e9o-f\u00e9minisme - Eromakia\" \/>\n<meta property=\"og:description\" content=\"Le n\u00e9o-f\u00e9minisme qui d\u00e9ferle actuellement sur l&rsquo;Occident correspond \u00e0 ce que l&rsquo;on appelle les troisi\u00e8me et quatri\u00e8me vagues f\u00e9ministes. Il s&rsquo;agit d&rsquo;une id\u00e9ologie victimaire \u00e9labor\u00e9e sur les campus am\u00e9ricains autour des ann\u00e9es 70 qui pr\u00e9tend que le sexe f\u00e9minin est opprim\u00e9 par le sexe masculin partout, tout le temps et depuis toujours. L&rsquo;humanit\u00e9 serait divis\u00e9e &hellip; Continuer la lecture de &laquo;&nbsp;Critique du n\u00e9o-f\u00e9minisme&nbsp;&raquo;\" \/>\n<meta property=\"og:url\" content=\"https:\/\/eromakia.fr\/index.php\/critique-du-neo-feminisme\/\" \/>\n<meta property=\"og:site_name\" content=\"Eromakia\" \/>\n<meta property=\"article:modified_time\" content=\"2025-02-05T10:28:49+00:00\" \/>\n<meta property=\"og:image\" content=\"https:\/\/eromakia.fr\/wp-content\/uploads\/2018\/02\/Prudhon.jpg\" \/>\n\t<meta property=\"og:image:width\" content=\"758\" \/>\n\t<meta property=\"og:image:height\" content=\"629\" \/>\n\t<meta property=\"og:image:type\" content=\"image\/jpeg\" \/>\n<meta name=\"twitter:card\" content=\"summary_large_image\" \/>\n<meta name=\"twitter:label1\" content=\"Dur\u00e9e de lecture estim\u00e9e\" \/>\n\t<meta name=\"twitter:data1\" content=\"5 minutes\" \/>\n<script type=\"application\/ld+json\" class=\"yoast-schema-graph\">{\"@context\":\"https:\/\/schema.org\",\"@graph\":[{\"@type\":\"WebPage\",\"@id\":\"https:\/\/eromakia.fr\/index.php\/critique-du-neo-feminisme\/\",\"url\":\"https:\/\/eromakia.fr\/index.php\/critique-du-neo-feminisme\/\",\"name\":\"Critique du n\u00e9o-f\u00e9minisme - Eromakia\",\"isPartOf\":{\"@id\":\"https:\/\/eromakia.fr\/#website\"},\"datePublished\":\"2018-02-08T11:28:31+00:00\",\"dateModified\":\"2025-02-05T10:28:49+00:00\",\"breadcrumb\":{\"@id\":\"https:\/\/eromakia.fr\/index.php\/critique-du-neo-feminisme\/#breadcrumb\"},\"inLanguage\":\"fr-FR\",\"potentialAction\":[{\"@type\":\"ReadAction\",\"target\":[\"https:\/\/eromakia.fr\/index.php\/critique-du-neo-feminisme\/\"]}]},{\"@type\":\"BreadcrumbList\",\"@id\":\"https:\/\/eromakia.fr\/index.php\/critique-du-neo-feminisme\/#breadcrumb\",\"itemListElement\":[{\"@type\":\"ListItem\",\"position\":1,\"name\":\"Accueil\",\"item\":\"https:\/\/eromakia.fr\/\"},{\"@type\":\"ListItem\",\"position\":2,\"name\":\"Critique du n\u00e9o-f\u00e9minisme\"}]},{\"@type\":\"WebSite\",\"@id\":\"https:\/\/eromakia.fr\/#website\",\"url\":\"https:\/\/eromakia.fr\/\",\"name\":\"Eromakia\",\"description\":\"Art, Love and Fight Chronicles\",\"potentialAction\":[{\"@type\":\"SearchAction\",\"target\":{\"@type\":\"EntryPoint\",\"urlTemplate\":\"https:\/\/eromakia.fr\/?s={search_term_string}\"},\"query-input\":\"required name=search_term_string\"}],\"inLanguage\":\"fr-FR\"}]}<\/script>\n<!-- \/ Yoast SEO plugin. -->","yoast_head_json":{"title":"Critique du n\u00e9o-f\u00e9minisme - Eromakia","robots":{"index":"index","follow":"follow","max-snippet":"max-snippet:-1","max-image-preview":"max-image-preview:large","max-video-preview":"max-video-preview:-1"},"canonical":"https:\/\/eromakia.fr\/index.php\/critique-du-neo-feminisme\/","og_locale":"fr_FR","og_type":"article","og_title":"Critique du n\u00e9o-f\u00e9minisme - Eromakia","og_description":"Le n\u00e9o-f\u00e9minisme qui d\u00e9ferle actuellement sur l&rsquo;Occident correspond \u00e0 ce que l&rsquo;on appelle les troisi\u00e8me et quatri\u00e8me vagues f\u00e9ministes. Il s&rsquo;agit d&rsquo;une id\u00e9ologie victimaire \u00e9labor\u00e9e sur les campus am\u00e9ricains autour des ann\u00e9es 70 qui pr\u00e9tend que le sexe f\u00e9minin est opprim\u00e9 par le sexe masculin partout, tout le temps et depuis toujours. L&rsquo;humanit\u00e9 serait divis\u00e9e &hellip; Continuer la lecture de &laquo;&nbsp;Critique du n\u00e9o-f\u00e9minisme&nbsp;&raquo;","og_url":"https:\/\/eromakia.fr\/index.php\/critique-du-neo-feminisme\/","og_site_name":"Eromakia","article_modified_time":"2025-02-05T10:28:49+00:00","og_image":[{"width":758,"height":629,"url":"https:\/\/eromakia.fr\/wp-content\/uploads\/2018\/02\/Prudhon.jpg","type":"image\/jpeg"}],"twitter_card":"summary_large_image","twitter_misc":{"Dur\u00e9e de lecture estim\u00e9e":"5 minutes"},"schema":{"@context":"https:\/\/schema.org","@graph":[{"@type":"WebPage","@id":"https:\/\/eromakia.fr\/index.php\/critique-du-neo-feminisme\/","url":"https:\/\/eromakia.fr\/index.php\/critique-du-neo-feminisme\/","name":"Critique du n\u00e9o-f\u00e9minisme - Eromakia","isPartOf":{"@id":"https:\/\/eromakia.fr\/#website"},"datePublished":"2018-02-08T11:28:31+00:00","dateModified":"2025-02-05T10:28:49+00:00","breadcrumb":{"@id":"https:\/\/eromakia.fr\/index.php\/critique-du-neo-feminisme\/#breadcrumb"},"inLanguage":"fr-FR","potentialAction":[{"@type":"ReadAction","target":["https:\/\/eromakia.fr\/index.php\/critique-du-neo-feminisme\/"]}]},{"@type":"BreadcrumbList","@id":"https:\/\/eromakia.fr\/index.php\/critique-du-neo-feminisme\/#breadcrumb","itemListElement":[{"@type":"ListItem","position":1,"name":"Accueil","item":"https:\/\/eromakia.fr\/"},{"@type":"ListItem","position":2,"name":"Critique du n\u00e9o-f\u00e9minisme"}]},{"@type":"WebSite","@id":"https:\/\/eromakia.fr\/#website","url":"https:\/\/eromakia.fr\/","name":"Eromakia","description":"Art, Love and Fight Chronicles","potentialAction":[{"@type":"SearchAction","target":{"@type":"EntryPoint","urlTemplate":"https:\/\/eromakia.fr\/?s={search_term_string}"},"query-input":"required name=search_term_string"}],"inLanguage":"fr-FR"}]}},"_links":{"self":[{"href":"https:\/\/eromakia.fr\/index.php\/wp-json\/wp\/v2\/pages\/388","targetHints":{"allow":["GET"]}}],"collection":[{"href":"https:\/\/eromakia.fr\/index.php\/wp-json\/wp\/v2\/pages"}],"about":[{"href":"https:\/\/eromakia.fr\/index.php\/wp-json\/wp\/v2\/types\/page"}],"author":[{"embeddable":true,"href":"https:\/\/eromakia.fr\/index.php\/wp-json\/wp\/v2\/users\/1"}],"replies":[{"embeddable":true,"href":"https:\/\/eromakia.fr\/index.php\/wp-json\/wp\/v2\/comments?post=388"}],"version-history":[{"count":98,"href":"https:\/\/eromakia.fr\/index.php\/wp-json\/wp\/v2\/pages\/388\/revisions"}],"predecessor-version":[{"id":25868,"href":"https:\/\/eromakia.fr\/index.php\/wp-json\/wp\/v2\/pages\/388\/revisions\/25868"}],"wp:featuredmedia":[{"embeddable":true,"href":"https:\/\/eromakia.fr\/index.php\/wp-json\/wp\/v2\/media\/404"}],"wp:attachment":[{"href":"https:\/\/eromakia.fr\/index.php\/wp-json\/wp\/v2\/media?parent=388"}],"curies":[{"name":"wp","href":"https:\/\/api.w.org\/{rel}","templated":true}]}}