{"id":35,"date":"2017-06-06T15:33:13","date_gmt":"2017-06-06T13:33:13","guid":{"rendered":"http:\/\/vps399399.ovh.net\/eromakia\/?page_id=35"},"modified":"2022-03-18T16:10:36","modified_gmt":"2022-03-18T15:10:36","slug":"videos","status":"publish","type":"page","link":"https:\/\/eromakia.fr\/index.php\/videos\/","title":{"rendered":"[Musique] Jean-Patrick Capdevielle hors les murs (vid\u00e9os)"},"content":{"rendered":"<p><\/p>\n<p><strong>. <em>La Ballade des Pendus<\/em> (f\u00e9vrier 2021)<\/strong><\/p>\n<p><iframe loading=\"lazy\" title=\"Jean-Patrick Capdevielle \u2013 La Cit\u00e9 fant\u00f4me (1980)\" src=\"https:\/\/player.vimeo.com\/video\/513798002?dnt=1&amp;app_id=122963\" width=\"525\" height=\"295\" frameborder=\"0\" allow=\"autoplay; fullscreen; picture-in-picture; clipboard-write\"><\/iframe><\/p>\n<p>&#8211; Jean-Patrick Capdevielle, \u00ab\u00a0La Cit\u00e9 fant\u00f4me\u00a0\u00bb (album <em>\/2<\/em>, 1980)<br><em>&#8211; Matalo !<\/em>, western spaghetti psych\u00e9d\u00e9lique de 1970, de Cesare Canevari, avec Corrado Pani et Claudia Gavry.<br>Le point de vue du film pourrait \u00eatre celui de la ville elle-m\u00eame qui, telle une morte-vivante, r\u00e8gle leur compte aux intrus venus troubler son repos \u00e9ternel.<br>Dans le clip, l&rsquo;histoire dans l&rsquo;histoire est celle d&rsquo;un couple d&rsquo;amants diaboliques \u2013 des desperados r\u00e9fugi\u00e9s dans la ville morte apr\u00e8s une s\u00e9rie d&rsquo;exactions violentes. Une ville fant\u00f4me o\u00f9 se terre toujours une vieille dame spectrale \u2013 et arm\u00e9e, la descendante de ses fondateurs. La fin de l&rsquo;histoire est laiss\u00e9e ouverte, m\u00eame si&nbsp;:&nbsp;<a href=\"https:\/\/www.cairn.info\/revue-societes-et-representations-2016-1-page-93.htm\">\u00ab Regarde autour de toi, tout est mort \u00bb<\/a>, est-il dit dans le film.<\/p>\n<p><strong>. <em>Tout Flambe<\/em> (octobre 2019)<\/strong><\/p>\n<p><iframe loading=\"lazy\" title=\"Jean-Patrick Capdevielle \u2013 Demain, ce sera la fin du monde \u2013 2016\" src=\"https:\/\/player.vimeo.com\/video\/363490519?dnt=1&amp;app_id=122963\" width=\"525\" height=\"295\" frameborder=\"0\" allow=\"autoplay; fullscreen; picture-in-picture; clipboard-write\"><\/iframe><\/p>\n<p class=\"first\">Jean-Patrick Capdevielle, \u00ab\u00a0Demain, ce sera la fin du monde\u00a0\u00bb (album <em>Bienvenue au Paradis<\/em>, 2016)<\/p>\n<p>&#8211; Salma Hayek dans <em>The Hunchback<\/em>, 1997<br>&#8211; <em>Jour de f\u00eate<\/em> de Jacques Tati, 1949<br>&#8211; Gina Lollobrigida dans <em>Notre-Dame de Paris<\/em>, 1956<br>&#8211; <em>Armageddon<\/em>, 1998<br>&#8211; Orson Welles dans T<em>he War of Worlds<\/em>, 1938<br>Iconographie et montage : Lucia<\/p>\n<p><strong>. <em>De Redemptione per peccatum<\/em> (\u00ab\u00a0De la r\u00e9demption par le p\u00e9ch\u00e9\u00a0\u00bb) (ao\u00fbt&nbsp; 2019)<\/strong><\/p>\n<p><iframe loading=\"lazy\" title=\"Jean-Patrick Capdevielle  \u2013 Quarante-Trois Souvenirs (1979)\" src=\"https:\/\/player.vimeo.com\/video\/352229571?dnt=1&amp;app_id=122963\" width=\"525\" height=\"295\" frameborder=\"0\" allow=\"autoplay; fullscreen; picture-in-picture; clipboard-write\"><\/iframe><\/p>\n<p>&#8211; Jean-Patrick Capdevielle, \u00ab\u00a0Quarante-trois souvenirs\u00a0\u00bb (<em>Les Enfants des T\u00e9n\u00e8bres&nbsp;et les Anges de la Rue<\/em>, 1979)<br>&#8211; Jean-Patrick Capdevielle,&nbsp;\u00ab\u00a0Rasputin in Ayutthaya\u00a0\u00bb, (Triptyque. Acrylique, pigments peinture vitrail, paillettes, vernis, 2019)<br>: Vie et mort de Grigori Raspoutine<br>Iconographie et montage : Lucia&nbsp;&nbsp;<strong>[<\/strong><a style=\"font-weight: bold;\" href=\"https:\/\/eromakia.fr\/index.php\/2019\/08\/15\/raspoutine-ou-la-redemption-par-le-peche\/\">plus sur cette vid\u00e9o]<\/a><\/p>\n<p><strong>. <em>Sex Games<\/em> (f\u00e9vrier 2019)<\/strong><\/p>\n<p><iframe loading=\"lazy\" title=\"Jean-Patrick Capdevielle \u2013 Sex Games\" src=\"https:\/\/player.vimeo.com\/video\/318780689?dnt=1&amp;app_id=122963\" width=\"525\" height=\"295\" frameborder=\"0\" allow=\"autoplay; fullscreen; picture-in-picture; clipboard-write\"><\/iframe><\/p>\n<p class=\"first\">Jean-Patrick Capdevielle \u2013 Sex Games (in <em>Autoportrait<\/em>, Maquette in\u00e9dite, 2009)<br>Federico Fellini, <em>Il Casanova di Fellini<\/em>, 1976, avec Donald Sutherland et Adele Angela Lojodice (le pantin de bois)<br>Iconographie et montage : Lucia&nbsp; <strong>[<a href=\"https:\/\/eromakia.fr\/index.php\/2018\/07\/15\/leternel-masculin\/\">Plus sur cette vid\u00e9o<\/a>]<\/strong><\/p>\n<p><strong>.&nbsp;<em>\u2020 In Memoriam \u2020<\/em>&nbsp;(janvier 2019)<\/strong><\/p>\n<p><iframe loading=\"lazy\" title=\"Jean-Patrick Capdevielle \u2013 L&#039;Hiver\" src=\"https:\/\/player.vimeo.com\/video\/313807207?dnt=1&amp;app_id=122963\" width=\"525\" height=\"295\" frameborder=\"0\" allow=\"autoplay; fullscreen; picture-in-picture; clipboard-write\"><\/iframe><\/p>\n<p>Jean-Patrick Capdevielle,&nbsp;L&rsquo;Hiver (<em>Plan\u00e8te X<\/em>&nbsp;\u2013 1985)<\/p>\n<p><strong>. <em>As Time Goes On<\/em> (janvier 2019)<\/strong><\/p>\n<p><iframe loading=\"lazy\" title=\"Jean-Patrick Capdevielle \u2013 Monkey Man\" src=\"https:\/\/player.vimeo.com\/video\/313012491?dnt=1&amp;app_id=122963\" width=\"525\" height=\"295\" frameborder=\"0\" allow=\"autoplay; fullscreen; picture-in-picture; clipboard-write\"><\/iframe><\/p>\n<p>Jean-Patrick Capdevielle, Monkey Man (<em>Plan\u00e8te X<\/em> \u2013 1985)<br>Jean-Jacques Annaud,&nbsp;<em>La Guerre du Feu,<\/em>&nbsp; 1981<br>Ethan et Joel Coen, <em>Inside Llewyn Davis<\/em>, 2013.<br>Montage : Lucia<\/p>\n<p><strong>. <em>Toxic Affair<\/em> (janvier 2019)<\/strong><\/p>\n<p><iframe loading=\"lazy\" title=\"Jean-Patrick Capdevielle \u2013 Dum Dum\" src=\"https:\/\/player.vimeo.com\/video\/311091886?dnt=1&amp;app_id=122963\" width=\"525\" height=\"295\" frameborder=\"0\" allow=\"autoplay; fullscreen; picture-in-picture; clipboard-write\"><\/iframe><\/p>\n<p><strong>.<em> L&rsquo;\u00c9cho des palais morts<\/em> (ao\u00fbt 2018)<\/strong><\/p>\n<p><iframe loading=\"lazy\" title=\"Jean-Patrick et Jonathan Capdevielle \u2013 Lucrezia Borgia \u2013 2007\" src=\"https:\/\/player.vimeo.com\/video\/286784629?dnt=1&amp;app_id=122963\" width=\"525\" height=\"295\" frameborder=\"0\" allow=\"autoplay; fullscreen; picture-in-picture; clipboard-write\"><\/iframe><\/p>\n<p>&#8211; <em>Lucrezia Borgia<\/em> (maquette, 2007).&nbsp;<span style=\"font-size: 1rem;\"><br>[Musique : Jonathan Capdevielle ; Paroles et voix fran\u00e7aise : Jean-Patrick Capdevielle.<\/span>]<br>&#8211; <em>Nosferatu \u00e0 Venise<\/em>, film de Mario Caiano <em>et alii<\/em> (1988), avec Klaus Kinski.<br>&#8211; Filippo Rossato, <em>Eromachie. Giochi di lotta e d\u2019amore<\/em> (sculpture, 2007).<br><em>Iconographie et montage : Lucia.<\/em><br>(<em><strong><a href=\"https:\/\/eromakia.fr\/index.php\/2018\/08\/27\/le-chant-du-serpent\/\">plus sur cette vid\u00e9o<\/a><\/strong><\/em>)<\/p>\n<p><\/p>\n<p><strong>. <em>Jamais le Dimanche<\/em> (ao\u00fbt 2018)<\/strong><\/p>\n<p><iframe loading=\"lazy\" title=\"Jean-Patrick Capdevielle \u2013 Dimanche Treize\" src=\"https:\/\/player.vimeo.com\/video\/285453066?dnt=1&amp;app_id=122963\" width=\"525\" height=\"295\" frameborder=\"0\" allow=\"autoplay; fullscreen; picture-in-picture; clipboard-write\"><\/iframe><\/p>\n<p>Jean-Patrick Capdevielle, <em>Dimanche Treize<\/em> (album <em>Mauvaises Fr\u00e9quentations<\/em>, 1984)<br>Wim Wenders, <em>Paris, Texas<\/em> (1984)<br><em>Iconographie et montage : Lucia<\/em><br>(<em><strong><a href=\"https:\/\/eromakia.fr\/index.php\/2018\/08\/21\/dun-desert-a-lautre\/\">plus sur cette vid\u00e9o<\/a><\/strong><\/em>)<\/p>\n<p><strong>. <em>L&rsquo;\u00c9ternel Masculin<\/em> (juillet 2018)<\/strong><\/p>\n<p><iframe loading=\"lazy\" title=\"Jean-Patrick Capdevielle \u2013 Cellophane City\" src=\"https:\/\/player.vimeo.com\/video\/280012334?dnt=1&amp;app_id=122963\" width=\"525\" height=\"295\" frameborder=\"0\" allow=\"autoplay; fullscreen; picture-in-picture; clipboard-write\"><\/iframe><\/p>\n<p>Jean-Patrick Capdevielle, <em>Cellophane City<\/em> (album <em>Vue sur Cour<\/em>, 1990).<br><em>Iconographie et montage : Lucia<\/em><\/p>\n<p>La vid\u00e9o confronte&nbsp;l\u2019\u00e9ternel masculin de la beaut\u00e9 grecque antique \u2013 la danse des hommes nus de&nbsp;la pi\u00e8ce de th\u00e9\u00e2tre&nbsp;<em>Mount Olympus<\/em>&nbsp;de Jan Fabre (2015)&nbsp;est une v\u00e9ritable ode au corps masculin \u00e9rotique \u2013 avec le Japon moderne priv\u00e9 de sexe<br>(<em><strong><a href=\"https:\/\/eromakia.fr\/index.php\/2018\/07\/15\/leternel-masculin\/\">plus sur cette vid\u00e9o<\/a><\/strong><\/em>).<\/p>\n<p><strong>. <em>Fantasmas<\/em> (juillet 2018)<\/strong><\/p>\n<p><iframe loading=\"lazy\" title=\"Jean-Patrick Capdevielle \u2013 Peur\" src=\"https:\/\/player.vimeo.com\/video\/281135013?dnt=1&amp;app_id=122963\" width=\"525\" height=\"295\" frameborder=\"0\" allow=\"autoplay; fullscreen; picture-in-picture; clipboard-write\"><\/iframe><\/p>\n<p>Jean-Patrick Capdevielle, <em>Peur<\/em>&nbsp;(album <em>Vertigo<\/em>, 1992)<br>Luis Bu\u00f1uel, <em>Le Fant\u00f4me de la Libert\u00e9<\/em>, 1974<br><em>Iconographie et montage : Lucia<\/em><\/p>\n<p><strong>. <em>Le Vaisseau fant\u00f4me<\/em> (juin 2018)<\/strong><\/p>\n<p><iframe loading=\"lazy\" title=\"Jean-Patrick Capdevielle \u2013 Fant\u00f4me de Fortune\" src=\"https:\/\/player.vimeo.com\/video\/274425433?dnt=1&amp;app_id=122963\" width=\"525\" height=\"295\" frameborder=\"0\" allow=\"autoplay; fullscreen; picture-in-picture; clipboard-write\"><\/iframe><\/p>\n<p>Jean-Patrick Capdevielle, <em>Fant\u00f4me de Fortune<\/em>,&nbsp; 1992 (album <em>Vertigo<\/em>)<br><em>Iconographie et montage : Lucia<\/em><br>(<em><strong><a href=\"https:\/\/eromakia.fr\/index.php\/2018\/06\/13\/le-vaisseau-fantome-ou-le-hollandais-volant\/\">plus sur cette vid\u00e9o<\/a><\/strong><\/em>)<\/p>\n<p><strong>. <em>Eros<\/em> et <em>Thanatos<\/em> (mars 2018)<\/strong><\/p>\n<p><iframe loading=\"lazy\" title=\"Jean-Patrick Capdevielle \u2013 Ton monde est vieux \u2013 1980\" src=\"https:\/\/player.vimeo.com\/video\/261684021?dnt=1&amp;app_id=122963\" width=\"525\" height=\"295\" frameborder=\"0\" allow=\"autoplay; fullscreen; picture-in-picture; clipboard-write\"><\/iframe><\/p>\n<p>Jean-Patrick Capdevielle, Ton monde est vieux, 1980 (Album 2\/ ; CBS)<br><em>Iconographie et montage : Lucia<\/em><br>(<em><strong><a href=\"https:\/\/eromakia.fr\/index.php\/2018\/03\/14\/__trashed-3\/\">plus sur cette vid\u00e9o<\/a><\/strong><\/em>)<\/p>\n<p><strong>. <em>Five Years \u2013 La Naissance des saisons<\/em> (juin 2017)<\/strong><\/p>\n<p><iframe loading=\"lazy\" src=\"https:\/\/player.vimeo.com\/video\/223011393\" width=\"640\" height=\"360\" frameborder=\"0\" allowfullscreen=\"allowfullscreen\"><\/iframe><br>David Bowie, <em>Five Years<\/em> (Remastered Version, 2002)<br>Jean-Patrick Capdevielle, <em>La Naissance des saisons<\/em>, 2017<br><em>Iconographie et montage : Lucia<\/em><\/p>\n<p><strong>. <em>Le Regard du Peintre<\/em> (juin 2017)<\/strong><\/p>\n<p>Picasso \u00e9rotique sur une chanson flamenco extraordinaire (Paco de Luc\u00eda \u00e0 la guitare, Camar\u00f3n au chant et Garc\u00eda Lorca \u00e0 l&rsquo;\u00e9criture, pas moins) : Le top de l&rsquo;Espagne et du flamenco !<\/p>\n<p>On y retrouve notamment Picasso, son double le Minotaure (qui symbolise sa puissance sexuelle) et \u00ab\u00a0Miss Fernande\u00a0\u00bb, la pin-up du photographe Jean Ag\u00e9lou, parfois confondue avec Fernande Olivier, son premier grand amour (quoique leurs morphologies semblent diff\u00e9rentes).<\/p>\n<p>Camar\u00f3n de la Isla \u2013 Romance de la Luna \u2013 (album <em>Calle Real<\/em>, 1983) &nbsp;&nbsp;(<em><strong><a href=\"https:\/\/eromakia.fr\/index.php\/videos\/pablo_picasso\/\">plus sur cette vid\u00e9o<\/a><\/strong><\/em>)<\/p>\n<p><iframe loading=\"lazy\" src=\"https:\/\/player.vimeo.com\/video\/222199698\" width=\"640\" height=\"360\" frameborder=\"0\" allowfullscreen=\"allowfullscreen\"><\/iframe><\/p>\n<p><strong>. Had\u00e8s et Pers\u00e9phone ou la R\u00e9demption par l&rsquo;amour (octobre 2016)<\/strong><\/p>\n<p>Ici, l&rsquo;\u00e9romachie se joue entre Had\u00e8s, dieu des Enfers, et Pers\u00e9phone, d\u00e9esse des Enfers et du printemps.<br>La vid\u00e9o a \u00e9galement&nbsp;plusieurs autres niveaux de lecture.<\/p>\n<p>Jean-Patrick Capdevielle \u2013<em> Un jour, je serai vivant<\/em> \u2013 2016<br><em>Iconographie et montage : Lucia<\/em><br>(<em><strong><a href=\"https:\/\/eromakia.fr\/index.php\/2017\/06\/18\/hades-et-persephone-ou-la-redemption-par-lamour-2016\/\">Plus sur cette vid\u00e9o&#8230;<\/a><\/strong><\/em>)<\/p>\n<p><iframe loading=\"lazy\" title=\"Jean-Patrick Capdevielle \u2013 Un jour, je serai vivant \u2013 Clip  2016 (Bienvenue au Paradis)\" width=\"525\" height=\"295\" src=\"https:\/\/www.youtube.com\/embed\/pj8BtHTsmyo?feature=oembed\" frameborder=\"0\" allow=\"accelerometer; autoplay; clipboard-write; encrypted-media; gyroscope; picture-in-picture; web-share\" referrerpolicy=\"strict-origin-when-cross-origin\" allowfullscreen><\/iframe><\/p>\n<p><strong>. <em>Tentacles of Love ad Death<\/em> (septembre 2016)<\/strong><\/p>\n<p>C&rsquo;est ma premi\u00e8re vid\u00e9o d\u00e9di\u00e9e au th\u00e8me de l&rsquo;\u00e9romachie. J&rsquo;ai explor\u00e9 la symbolique \u00e9rotique (masculine, ici) de la pieuvre ; du poulpe bleu \u00e0 six tentacules, notamment, que l&rsquo;on rencontrait d\u00e9j\u00e0 sur une fresque cr\u00e9toise \u2013 mais dans un autre contexte, certainement.<\/p>\n<p><iframe loading=\"lazy\" src=\"https:\/\/www.youtube.com\/embed\/gtzJaPfreVk\" width=\"560\" height=\"315\" frameborder=\"0\" allowfullscreen=\"allowfullscreen\" data-mce-fragment=\"1\"><\/iframe>Lucr\u00e8ce Borgia \u2013 2007<\/p>\n<p><strong>. <em>Medusa<\/em> ou la mauvaise Rencontre (septembre 2016)<\/strong><\/p>\n<p>De nouveau sur le th\u00e8me de la M\u00e9duse, en femme fatale, cette fois (mais vraiment&#8230; fatale). C&rsquo;est aussi l&rsquo;histoire d&rsquo;un homme, un gros cochon&nbsp;en version \u00e9l\u00e9gante, qui aime se faire promener.<\/p>\n<p>https:\/\/www.facebook.com\/Atylantos\/videos\/656288564546869\/<\/p>\n<p>Ferra Ventura \u2013 <em>Atylantos<\/em>, 2001 (Op\u00e9ra Rock) [<a href=\"https:\/\/eromakia.fr\/index.php\/videos\/belle-et-bete\/\">Plus sur cette vid\u00e9o<\/a>]<br>Chant\u00e9 par Elena Cojocaru et Nikola Todorovich<br>Paroles et musique : Jean-Patrick Capdevielle<\/p>\n<p><strong>. Pleure pas Marie (d\u00e9cembre 2015)<\/strong><\/p>\n<p>Sur des images de <em>Paris, Texas<\/em> (1984).<\/p>\n<p><span style=\"font-size: 1rem;\">\u00ab\u00a0Pleure pas, Marie\u00a0\u00bb est une version ant\u00e9rieure \u00e0 \u00ab\u00a0G\u00e2che pas ta Nuit\u00a0\u00bb (Album \/2, 1980). Elle n&rsquo;a exist\u00e9 que sur sc\u00e8ne, pendant la tourn\u00e9e du printemps 1980. Je l&rsquo;ai toujours pr\u00e9f\u00e9r\u00e9e \u00e0 la version studio \u2013 pour son intensit\u00e9 et la force des paroles et de l&rsquo;interpr\u00e9tation. C&rsquo;est une histoire d&rsquo;amour \u00e9perdu qui semble pr\u00e9figurer celle de <em>Paris, Texas<\/em>.<\/span><\/p>\n<p><iframe loading=\"lazy\" title=\"Jean-Patrick Capdevielle - Pleure pas, Marie - Live - 1980 (Collector)\" width=\"525\" height=\"295\" src=\"https:\/\/www.youtube.com\/embed\/23QAmgyvToM?feature=oembed\" frameborder=\"0\" allow=\"accelerometer; autoplay; clipboard-write; encrypted-media; gyroscope; picture-in-picture; web-share\" referrerpolicy=\"strict-origin-when-cross-origin\" allowfullscreen><\/iframe><\/p>\n<p><em><strong>&#8230; Et d&rsquo;autres vid\u00e9os encore sur Vim\u00e9o :&nbsp; &nbsp;&nbsp;<\/strong><\/em><\/p>\n<p><strong>https:\/\/vimeo.com\/eromakia<\/strong><\/p>\n<p><\/p>\n<figure id=\"attachment_7611\" aria-describedby=\"caption-attachment-7611\" style=\"width: 850px\" class=\"wp-caption alignnone\"><a href=\"https:\/\/eromakia.fr\/wp-content\/uploads\/2017\/06\/CB.jpg\"><img loading=\"lazy\" decoding=\"async\" class=\"wp-image-7611 size-full\" src=\"https:\/\/eromakia.fr\/wp-content\/uploads\/2017\/06\/CB.jpg\" alt=\"\" width=\"850\" height=\"567\" srcset=\"https:\/\/eromakia.fr\/wp-content\/uploads\/2017\/06\/CB.jpg 850w, https:\/\/eromakia.fr\/wp-content\/uploads\/2017\/06\/CB-300x200.jpg 300w, https:\/\/eromakia.fr\/wp-content\/uploads\/2017\/06\/CB-768x512.jpg 768w\" sizes=\"auto, (max-width: 767px) 89vw, (max-width: 1000px) 54vw, (max-width: 1071px) 543px, 580px\" \/><\/a><figcaption id=\"caption-attachment-7611\" class=\"wp-caption-text\">Jean-Patrick Capdevielle, Showcase Th\u00f4nex (Suisse), 12 mars 2016 (photo : Catherine Beudaert)<\/figcaption><\/figure>\n\n\n<p class=\"has-text-align-center\"><br>*<\/p>\n\n\n\n<p class=\"has-text-align-center\">Dans le cr\u00e9puscule fan\u00e9<br>O\u00f9 plusieurs amours se bousculent<br>Ton souvenir g\u00eet encha\u00een\u00e9<br>Loin de nos ombres qui reculent<\/p>\n\n\n\n<p class=\"has-text-align-center\">(Guillaume Apollinaire, <em>Vitam impendere amori<\/em>, 1917)<\/p>\n\n\n\n<p><\/p>\n","protected":false},"excerpt":{"rendered":"<p>. La Ballade des Pendus (f\u00e9vrier 2021) &#8211; Jean-Patrick Capdevielle, \u00ab\u00a0La Cit\u00e9 fant\u00f4me\u00a0\u00bb (album \/2, 1980)&#8211; Matalo !, western spaghetti psych\u00e9d\u00e9lique de 1970, de Cesare Canevari, avec Corrado Pani et Claudia Gavry.Le point de vue du film pourrait \u00eatre celui de la ville elle-m\u00eame qui, telle une morte-vivante, r\u00e8gle leur compte aux intrus venus troubler &hellip; <\/p>\n<p class=\"link-more\"><a href=\"https:\/\/eromakia.fr\/index.php\/videos\/\" class=\"more-link\">Continuer la lecture<span class=\"screen-reader-text\"> de &laquo;&nbsp;[Musique] Jean-Patrick Capdevielle hors les murs (vid\u00e9os)&nbsp;&raquo;<\/span><\/a><\/p>\n","protected":false},"author":1,"featured_media":7611,"parent":0,"menu_order":1,"comment_status":"open","ping_status":"closed","template":"","meta":{"footnotes":""},"class_list":["post-35","page","type-page","status-publish","has-post-thumbnail","hentry"],"yoast_head":"<!-- This site is optimized with the Yoast SEO plugin v21.3 - https:\/\/yoast.com\/wordpress\/plugins\/seo\/ -->\n<title>[Musique] Jean-Patrick Capdevielle hors les murs (vid\u00e9os) - Eromakia<\/title>\n<meta name=\"robots\" content=\"index, follow, max-snippet:-1, max-image-preview:large, max-video-preview:-1\" \/>\n<link rel=\"canonical\" href=\"https:\/\/eromakia.fr\/index.php\/videos\/\" \/>\n<meta property=\"og:locale\" content=\"fr_FR\" \/>\n<meta property=\"og:type\" content=\"article\" \/>\n<meta property=\"og:title\" content=\"[Musique] Jean-Patrick Capdevielle hors les murs (vid\u00e9os) - Eromakia\" \/>\n<meta property=\"og:description\" content=\". La Ballade des Pendus (f\u00e9vrier 2021) &#8211; Jean-Patrick Capdevielle, \u00ab\u00a0La Cit\u00e9 fant\u00f4me\u00a0\u00bb (album \/2, 1980)&#8211; Matalo !, western spaghetti psych\u00e9d\u00e9lique de 1970, de Cesare Canevari, avec Corrado Pani et Claudia Gavry.Le point de vue du film pourrait \u00eatre celui de la ville elle-m\u00eame qui, telle une morte-vivante, r\u00e8gle leur compte aux intrus venus troubler &hellip; Continuer la lecture de &laquo;&nbsp;[Musique] Jean-Patrick Capdevielle hors les murs (vid\u00e9os)&nbsp;&raquo;\" \/>\n<meta property=\"og:url\" content=\"https:\/\/eromakia.fr\/index.php\/videos\/\" \/>\n<meta property=\"og:site_name\" content=\"Eromakia\" \/>\n<meta property=\"article:modified_time\" content=\"2022-03-18T15:10:36+00:00\" \/>\n<meta property=\"og:image\" content=\"https:\/\/eromakia.fr\/wp-content\/uploads\/2017\/06\/CB.jpg\" \/>\n\t<meta property=\"og:image:width\" content=\"850\" \/>\n\t<meta property=\"og:image:height\" content=\"567\" \/>\n\t<meta property=\"og:image:type\" content=\"image\/jpeg\" \/>\n<meta name=\"twitter:card\" content=\"summary_large_image\" \/>\n<meta name=\"twitter:label1\" content=\"Dur\u00e9e de lecture estim\u00e9e\" \/>\n\t<meta name=\"twitter:data1\" content=\"5 minutes\" \/>\n<script type=\"application\/ld+json\" class=\"yoast-schema-graph\">{\"@context\":\"https:\/\/schema.org\",\"@graph\":[{\"@type\":\"WebPage\",\"@id\":\"https:\/\/eromakia.fr\/index.php\/videos\/\",\"url\":\"https:\/\/eromakia.fr\/index.php\/videos\/\",\"name\":\"[Musique] Jean-Patrick Capdevielle hors les murs (vid\u00e9os) - Eromakia\",\"isPartOf\":{\"@id\":\"https:\/\/eromakia.fr\/#website\"},\"datePublished\":\"2017-06-06T13:33:13+00:00\",\"dateModified\":\"2022-03-18T15:10:36+00:00\",\"breadcrumb\":{\"@id\":\"https:\/\/eromakia.fr\/index.php\/videos\/#breadcrumb\"},\"inLanguage\":\"fr-FR\",\"potentialAction\":[{\"@type\":\"ReadAction\",\"target\":[\"https:\/\/eromakia.fr\/index.php\/videos\/\"]}]},{\"@type\":\"BreadcrumbList\",\"@id\":\"https:\/\/eromakia.fr\/index.php\/videos\/#breadcrumb\",\"itemListElement\":[{\"@type\":\"ListItem\",\"position\":1,\"name\":\"Accueil\",\"item\":\"https:\/\/eromakia.fr\/\"},{\"@type\":\"ListItem\",\"position\":2,\"name\":\"[Musique] Jean-Patrick Capdevielle hors les murs (vid\u00e9os)\"}]},{\"@type\":\"WebSite\",\"@id\":\"https:\/\/eromakia.fr\/#website\",\"url\":\"https:\/\/eromakia.fr\/\",\"name\":\"Eromakia\",\"description\":\"Art, Love and Fight Chronicles\",\"potentialAction\":[{\"@type\":\"SearchAction\",\"target\":{\"@type\":\"EntryPoint\",\"urlTemplate\":\"https:\/\/eromakia.fr\/?s={search_term_string}\"},\"query-input\":\"required name=search_term_string\"}],\"inLanguage\":\"fr-FR\"}]}<\/script>\n<!-- \/ Yoast SEO plugin. -->","yoast_head_json":{"title":"[Musique] Jean-Patrick Capdevielle hors les murs (vid\u00e9os) - Eromakia","robots":{"index":"index","follow":"follow","max-snippet":"max-snippet:-1","max-image-preview":"max-image-preview:large","max-video-preview":"max-video-preview:-1"},"canonical":"https:\/\/eromakia.fr\/index.php\/videos\/","og_locale":"fr_FR","og_type":"article","og_title":"[Musique] Jean-Patrick Capdevielle hors les murs (vid\u00e9os) - Eromakia","og_description":". La Ballade des Pendus (f\u00e9vrier 2021) &#8211; Jean-Patrick Capdevielle, \u00ab\u00a0La Cit\u00e9 fant\u00f4me\u00a0\u00bb (album \/2, 1980)&#8211; Matalo !, western spaghetti psych\u00e9d\u00e9lique de 1970, de Cesare Canevari, avec Corrado Pani et Claudia Gavry.Le point de vue du film pourrait \u00eatre celui de la ville elle-m\u00eame qui, telle une morte-vivante, r\u00e8gle leur compte aux intrus venus troubler &hellip; Continuer la lecture de &laquo;&nbsp;[Musique] Jean-Patrick Capdevielle hors les murs (vid\u00e9os)&nbsp;&raquo;","og_url":"https:\/\/eromakia.fr\/index.php\/videos\/","og_site_name":"Eromakia","article_modified_time":"2022-03-18T15:10:36+00:00","og_image":[{"width":850,"height":567,"url":"https:\/\/eromakia.fr\/wp-content\/uploads\/2017\/06\/CB.jpg","type":"image\/jpeg"}],"twitter_card":"summary_large_image","twitter_misc":{"Dur\u00e9e de lecture estim\u00e9e":"5 minutes"},"schema":{"@context":"https:\/\/schema.org","@graph":[{"@type":"WebPage","@id":"https:\/\/eromakia.fr\/index.php\/videos\/","url":"https:\/\/eromakia.fr\/index.php\/videos\/","name":"[Musique] Jean-Patrick Capdevielle hors les murs (vid\u00e9os) - Eromakia","isPartOf":{"@id":"https:\/\/eromakia.fr\/#website"},"datePublished":"2017-06-06T13:33:13+00:00","dateModified":"2022-03-18T15:10:36+00:00","breadcrumb":{"@id":"https:\/\/eromakia.fr\/index.php\/videos\/#breadcrumb"},"inLanguage":"fr-FR","potentialAction":[{"@type":"ReadAction","target":["https:\/\/eromakia.fr\/index.php\/videos\/"]}]},{"@type":"BreadcrumbList","@id":"https:\/\/eromakia.fr\/index.php\/videos\/#breadcrumb","itemListElement":[{"@type":"ListItem","position":1,"name":"Accueil","item":"https:\/\/eromakia.fr\/"},{"@type":"ListItem","position":2,"name":"[Musique] Jean-Patrick Capdevielle hors les murs (vid\u00e9os)"}]},{"@type":"WebSite","@id":"https:\/\/eromakia.fr\/#website","url":"https:\/\/eromakia.fr\/","name":"Eromakia","description":"Art, Love and Fight Chronicles","potentialAction":[{"@type":"SearchAction","target":{"@type":"EntryPoint","urlTemplate":"https:\/\/eromakia.fr\/?s={search_term_string}"},"query-input":"required name=search_term_string"}],"inLanguage":"fr-FR"}]}},"_links":{"self":[{"href":"https:\/\/eromakia.fr\/index.php\/wp-json\/wp\/v2\/pages\/35","targetHints":{"allow":["GET"]}}],"collection":[{"href":"https:\/\/eromakia.fr\/index.php\/wp-json\/wp\/v2\/pages"}],"about":[{"href":"https:\/\/eromakia.fr\/index.php\/wp-json\/wp\/v2\/types\/page"}],"author":[{"embeddable":true,"href":"https:\/\/eromakia.fr\/index.php\/wp-json\/wp\/v2\/users\/1"}],"replies":[{"embeddable":true,"href":"https:\/\/eromakia.fr\/index.php\/wp-json\/wp\/v2\/comments?post=35"}],"version-history":[{"count":126,"href":"https:\/\/eromakia.fr\/index.php\/wp-json\/wp\/v2\/pages\/35\/revisions"}],"predecessor-version":[{"id":13909,"href":"https:\/\/eromakia.fr\/index.php\/wp-json\/wp\/v2\/pages\/35\/revisions\/13909"}],"wp:featuredmedia":[{"embeddable":true,"href":"https:\/\/eromakia.fr\/index.php\/wp-json\/wp\/v2\/media\/7611"}],"wp:attachment":[{"href":"https:\/\/eromakia.fr\/index.php\/wp-json\/wp\/v2\/media?parent=35"}],"curies":[{"name":"wp","href":"https:\/\/api.w.org\/{rel}","templated":true}]}}