{"id":344,"date":"2017-11-16T15:44:58","date_gmt":"2017-11-16T14:44:58","guid":{"rendered":"http:\/\/eromakia.fr\/?page_id=344"},"modified":"2024-02-13T09:56:18","modified_gmt":"2024-02-13T08:56:18","slug":"about-me","status":"publish","type":"page","link":"https:\/\/eromakia.fr\/index.php\/about-me\/","title":{"rendered":"About me"},"content":{"rendered":"<p><a href=\"https:\/\/eromakia.fr\/wp-content\/uploads\/2017\/06\/pseudo-sappho1.png\"><img loading=\"lazy\" decoding=\"async\" class=\"alignnone size-full wp-image-54\" src=\"https:\/\/eromakia.fr\/wp-content\/uploads\/2017\/06\/pseudo-sappho1.png\" alt=\"\" width=\"202\" height=\"257\" \/><\/a><\/p>\n<p>NB. Juste une pr\u00e9cision sur mon parcours. Il para\u00eet qu&rsquo;il se dit de moi que je suis une ancienne radfem (\u00ab\u00a0f\u00e9ministe radicale\u00a0\u00bb) repentie. C&rsquo;est faux, je n&rsquo;ai jamais \u00e9t\u00e9 radfem. J&rsquo;ai simplement d\u00e9couvert (presque par hasard) le f\u00e9minisme sur Facebook en 2013 \u2013 il \u00e9tait de toutes fa\u00e7ons impossible \u00e0 l&rsquo;\u00e9poque d&rsquo;y \u00e9chapper \u00e0 la propagande de l&rsquo;officine gouvernementale <em>Osez le F\u00e9minisme<\/em>.<\/p>\n<p>Je leur ai donn\u00e9 trois semaines de cr\u00e9dit pendant lesquelles j&rsquo;\u00e9changeais avec elles sur leurs groupes FB. Jusqu&rsquo;\u00e0 ce que je tombe de ma chaise en r\u00e9alisant \u00e0 quel point elles \u00e9taient misandres et fanatis\u00e9es, vivant dans un monde fantasmatique et parano\u00efaque o\u00f9 tous les hommes \u00e9taient des violeurs et toutes les femmes des victimes \u2013 et rien d&rsquo;autre. Elles me donnaient aussi du \u00ab\u00a0ma s\u0153ur\u00a0\u00bb, <a href=\"https:\/\/eromakia.fr\/index.php\/neo-bigotes-et-chaisieres-deglise-les-feministes-et-la-religion\/\">comme dans les meilleures sectes (ou dans l&rsquo;islam)<\/a>.<\/p>\n<p>A partir de l\u00e0, j&rsquo;ai cr\u00e9\u00e9 <a href=\"https:\/\/www.facebook.com\/Contre-le-n%C3%A9o-f%C3%A9minisme-misandre-et-victimaire-382365078514489\/?epa=SEARCH_BOX\">une premi\u00e8re page Facebook pour d\u00e9noncer leurs discours d\u00e9lirants<\/a>\u00a0et commenc\u00e9 \u00e0 enqu\u00eater\u00a0pour remonter aux sources de leur id\u00e9ologie. J&rsquo;ai ainsi lu <a href=\"https:\/\/eromakia.fr\/index.php\/bibliographie-critique-sur-le-feminisme\/\">Elisabeth Badinter (<em>Fausse Route<\/em>, 2003), Warren Shibbles, Camille Paglia, Christina Hoff Sommers et bien d&rsquo;autres&#8230;<\/a><\/p>\n<p>Le f\u00e9minisme victimaire devenant, comme je le voyais monter d\u00e8s 2013, la question soci\u00e9tale majeure de la d\u00e9cennie \u00e0 venir, j&rsquo;ai fini par cr\u00e9er ce site.<\/p>\n<blockquote class=\"wp-embedded-content\" data-secret=\"VaznCVLJZO\"><p><a href=\"https:\/\/eromakia.fr\/index.php\/manifeste-lantifeminisme-est-un-humanisme\/\">[Manifeste]\u2013 L&rsquo;antif\u00e9minisme est un humanisme<\/a><\/p><\/blockquote>\n<p><iframe loading=\"lazy\" class=\"wp-embedded-content\" sandbox=\"allow-scripts\" security=\"restricted\" style=\"position: absolute; clip: rect(1px, 1px, 1px, 1px);\" title=\"\u00ab\u00a0[Manifeste]\u2013 L&rsquo;antif\u00e9minisme est un humanisme\u00a0\u00bb &#8212; Eromakia\" src=\"https:\/\/eromakia.fr\/index.php\/manifeste-lantifeminisme-est-un-humanisme\/embed\/#?secret=Dp8ZpPYW7e#?secret=VaznCVLJZO\" data-secret=\"VaznCVLJZO\" width=\"525\" height=\"296\" frameborder=\"0\" marginwidth=\"0\" marginheight=\"0\" scrolling=\"no\"><\/iframe><\/p>\n<ul>\n<li>Afin qu&rsquo;il n&rsquo;y ait pas de m\u00e9prise sur mon positionnement id\u00e9ologique, et dans la mesure o\u00f9 beaucoup d&rsquo;antif\u00e9ministes souscrivent \u00e0 une vision du monde complotiste et parano\u00efaque o\u00f9 se c\u00f4toient aussi bien la misogynie pure que le conspirationnisme anti-scientifique, je tiens \u00e0 me d\u00e9marquer fermement de ces postures :<\/li>\n<\/ul>\n<p>https:\/\/eromakia.fr\/index.php\/2020\/06\/26\/du-complotisme-et-de-la-paranoia-le-raoultisme-et-moi\/<\/p>\n<blockquote class=\"wp-embedded-content\" data-secret=\"TECuSjCBQb\"><p><a href=\"https:\/\/eromakia.fr\/index.php\/2019\/03\/17\/la-femme-anti-feministe-ou-lepine-dans-le-pied-des-feministes\/\">La femme antif\u00e9ministe, \u00e9pine dans le pied des f\u00e9ministes<\/a><\/p><\/blockquote>\n<p><iframe loading=\"lazy\" class=\"wp-embedded-content\" sandbox=\"allow-scripts\" security=\"restricted\" style=\"position: absolute; clip: rect(1px, 1px, 1px, 1px);\" title=\"\u00ab\u00a0La femme antif\u00e9ministe, \u00e9pine dans le pied des f\u00e9ministes\u00a0\u00bb &#8212; Eromakia\" src=\"https:\/\/eromakia.fr\/index.php\/2019\/03\/17\/la-femme-anti-feministe-ou-lepine-dans-le-pied-des-feministes\/embed\/#?secret=tslF4C260W#?secret=TECuSjCBQb\" data-secret=\"TECuSjCBQb\" width=\"525\" height=\"296\" frameborder=\"0\" marginwidth=\"0\" marginheight=\"0\" scrolling=\"no\"><\/iframe><\/p>\n<p>[\u00e0 suivre&#8230;]<\/p>\n<p><a href=\"https:\/\/eromakia.fr\/wp-content\/uploads\/2017\/11\/loconde7-9.jpg\"><img loading=\"lazy\" decoding=\"async\" class=\"size-medium wp-image-352\" src=\"https:\/\/eromakia.fr\/wp-content\/uploads\/2017\/11\/loconde7-9-169x300.jpg\" alt=\"\" width=\"169\" height=\"300\" srcset=\"https:\/\/eromakia.fr\/wp-content\/uploads\/2017\/11\/loconde7-9-169x300.jpg 169w, https:\/\/eromakia.fr\/wp-content\/uploads\/2017\/11\/loconde7-9-768x1365.jpg 768w, https:\/\/eromakia.fr\/wp-content\/uploads\/2017\/11\/loconde7-9-576x1024.jpg 576w\" sizes=\"auto, (max-width: 169px) 100vw, 169px\" \/><\/a><\/p>\n<p>Self Portrait as Mona Lisa in Brittany (2017)<\/p>\n<figure id=\"attachment_345\" aria-describedby=\"caption-attachment-345\" style=\"width: 300px\" class=\"wp-caption alignnone\"><a href=\"https:\/\/eromakia.fr\/wp-content\/uploads\/2017\/11\/loconde7-5.jpg\"><img loading=\"lazy\" decoding=\"async\" class=\"size-medium wp-image-345\" src=\"https:\/\/eromakia.fr\/wp-content\/uploads\/2017\/11\/loconde7-5-300x184.jpg\" alt=\"\" width=\"300\" height=\"184\" srcset=\"https:\/\/eromakia.fr\/wp-content\/uploads\/2017\/11\/loconde7-5-300x184.jpg 300w, https:\/\/eromakia.fr\/wp-content\/uploads\/2017\/11\/loconde7-5-768x472.jpg 768w, https:\/\/eromakia.fr\/wp-content\/uploads\/2017\/11\/loconde7-5-1024x629.jpg 1024w\" sizes=\"auto, (max-width: 300px) 100vw, 300px\" \/><\/a><figcaption id=\"caption-attachment-345\" class=\"wp-caption-text\">Au second plan, le viaduc de Douvenant (22)<\/figcaption><\/figure>\n<p><strong>. Sur la Joconde (et Catherine Deneuve) :<\/strong><\/p>\n<blockquote class=\"wp-embedded-content\" data-secret=\"aq4MtkuspG\"><p><a href=\"https:\/\/eromakia.fr\/index.php\/2021\/01\/23\/bouche-degout-camelia-jordana-se-repand-sur-deneuve-et-bardot\/\">[Bouche d&rsquo;\u00e9gout] \u2013 Camelia Jordana se r\u00e9pand sur Deneuve et Bardot<\/a><\/p><\/blockquote>\n<p><iframe loading=\"lazy\" class=\"wp-embedded-content\" sandbox=\"allow-scripts\" security=\"restricted\" style=\"position: absolute; clip: rect(1px, 1px, 1px, 1px);\" title=\"\u00ab\u00a0[Bouche d&rsquo;\u00e9gout] \u2013 Camelia Jordana se r\u00e9pand sur Deneuve et Bardot\u00a0\u00bb &#8212; Eromakia\" src=\"https:\/\/eromakia.fr\/index.php\/2021\/01\/23\/bouche-degout-camelia-jordana-se-repand-sur-deneuve-et-bardot\/embed\/#?secret=FbffamObsv#?secret=aq4MtkuspG\" data-secret=\"aq4MtkuspG\" width=\"525\" height=\"296\" frameborder=\"0\" marginwidth=\"0\" marginheight=\"0\" scrolling=\"no\"><\/iframe><\/p>\n","protected":false},"excerpt":{"rendered":"<p>NB. Juste une pr\u00e9cision sur mon parcours. Il para\u00eet qu&rsquo;il se dit de moi que je suis une ancienne radfem (\u00ab\u00a0f\u00e9ministe radicale\u00a0\u00bb) repentie. C&rsquo;est faux, je n&rsquo;ai jamais \u00e9t\u00e9 radfem. J&rsquo;ai simplement d\u00e9couvert (presque par hasard) le f\u00e9minisme sur Facebook en 2013 \u2013 il \u00e9tait de toutes fa\u00e7ons impossible \u00e0 l&rsquo;\u00e9poque d&rsquo;y \u00e9chapper \u00e0 la &hellip; <\/p>\n<p class=\"link-more\"><a href=\"https:\/\/eromakia.fr\/index.php\/about-me\/\" class=\"more-link\">Continuer la lecture<span class=\"screen-reader-text\"> de &laquo;&nbsp;About me&nbsp;&raquo;<\/span><\/a><\/p>\n","protected":false},"author":1,"featured_media":0,"parent":0,"menu_order":0,"comment_status":"open","ping_status":"open","template":"","meta":{"footnotes":""},"class_list":["post-344","page","type-page","status-publish","hentry"],"yoast_head":"<!-- This site is optimized with the Yoast SEO plugin v21.3 - https:\/\/yoast.com\/wordpress\/plugins\/seo\/ -->\n<title>About me - Eromakia<\/title>\n<meta name=\"robots\" content=\"index, follow, max-snippet:-1, max-image-preview:large, max-video-preview:-1\" \/>\n<link rel=\"canonical\" href=\"https:\/\/eromakia.fr\/index.php\/about-me\/\" \/>\n<meta property=\"og:locale\" content=\"fr_FR\" \/>\n<meta property=\"og:type\" content=\"article\" \/>\n<meta property=\"og:title\" content=\"About me - Eromakia\" \/>\n<meta property=\"og:description\" content=\"NB. Juste une pr\u00e9cision sur mon parcours. Il para\u00eet qu&rsquo;il se dit de moi que je suis une ancienne radfem (\u00ab\u00a0f\u00e9ministe radicale\u00a0\u00bb) repentie. C&rsquo;est faux, je n&rsquo;ai jamais \u00e9t\u00e9 radfem. J&rsquo;ai simplement d\u00e9couvert (presque par hasard) le f\u00e9minisme sur Facebook en 2013 \u2013 il \u00e9tait de toutes fa\u00e7ons impossible \u00e0 l&rsquo;\u00e9poque d&rsquo;y \u00e9chapper \u00e0 la &hellip; Continuer la lecture de &laquo;&nbsp;About me&nbsp;&raquo;\" \/>\n<meta property=\"og:url\" content=\"https:\/\/eromakia.fr\/index.php\/about-me\/\" \/>\n<meta property=\"og:site_name\" content=\"Eromakia\" \/>\n<meta property=\"article:modified_time\" content=\"2024-02-13T08:56:18+00:00\" \/>\n<meta property=\"og:image\" content=\"http:\/\/eromakia.fr\/wp-content\/uploads\/2017\/06\/pseudo-sappho1.png\" \/>\n<meta name=\"twitter:card\" content=\"summary_large_image\" \/>\n<meta name=\"twitter:label1\" content=\"Dur\u00e9e de lecture estim\u00e9e\" \/>\n\t<meta name=\"twitter:data1\" content=\"3 minutes\" \/>\n<script type=\"application\/ld+json\" class=\"yoast-schema-graph\">{\"@context\":\"https:\/\/schema.org\",\"@graph\":[{\"@type\":\"WebPage\",\"@id\":\"https:\/\/eromakia.fr\/index.php\/about-me\/\",\"url\":\"https:\/\/eromakia.fr\/index.php\/about-me\/\",\"name\":\"About me - Eromakia\",\"isPartOf\":{\"@id\":\"https:\/\/eromakia.fr\/#website\"},\"datePublished\":\"2017-11-16T14:44:58+00:00\",\"dateModified\":\"2024-02-13T08:56:18+00:00\",\"breadcrumb\":{\"@id\":\"https:\/\/eromakia.fr\/index.php\/about-me\/#breadcrumb\"},\"inLanguage\":\"fr-FR\",\"potentialAction\":[{\"@type\":\"ReadAction\",\"target\":[\"https:\/\/eromakia.fr\/index.php\/about-me\/\"]}]},{\"@type\":\"BreadcrumbList\",\"@id\":\"https:\/\/eromakia.fr\/index.php\/about-me\/#breadcrumb\",\"itemListElement\":[{\"@type\":\"ListItem\",\"position\":1,\"name\":\"Accueil\",\"item\":\"https:\/\/eromakia.fr\/\"},{\"@type\":\"ListItem\",\"position\":2,\"name\":\"About me\"}]},{\"@type\":\"WebSite\",\"@id\":\"https:\/\/eromakia.fr\/#website\",\"url\":\"https:\/\/eromakia.fr\/\",\"name\":\"Eromakia\",\"description\":\"Art, Love and Fight Chronicles\",\"potentialAction\":[{\"@type\":\"SearchAction\",\"target\":{\"@type\":\"EntryPoint\",\"urlTemplate\":\"https:\/\/eromakia.fr\/?s={search_term_string}\"},\"query-input\":\"required name=search_term_string\"}],\"inLanguage\":\"fr-FR\"}]}<\/script>\n<!-- \/ Yoast SEO plugin. -->","yoast_head_json":{"title":"About me - Eromakia","robots":{"index":"index","follow":"follow","max-snippet":"max-snippet:-1","max-image-preview":"max-image-preview:large","max-video-preview":"max-video-preview:-1"},"canonical":"https:\/\/eromakia.fr\/index.php\/about-me\/","og_locale":"fr_FR","og_type":"article","og_title":"About me - Eromakia","og_description":"NB. Juste une pr\u00e9cision sur mon parcours. Il para\u00eet qu&rsquo;il se dit de moi que je suis une ancienne radfem (\u00ab\u00a0f\u00e9ministe radicale\u00a0\u00bb) repentie. C&rsquo;est faux, je n&rsquo;ai jamais \u00e9t\u00e9 radfem. J&rsquo;ai simplement d\u00e9couvert (presque par hasard) le f\u00e9minisme sur Facebook en 2013 \u2013 il \u00e9tait de toutes fa\u00e7ons impossible \u00e0 l&rsquo;\u00e9poque d&rsquo;y \u00e9chapper \u00e0 la &hellip; Continuer la lecture de &laquo;&nbsp;About me&nbsp;&raquo;","og_url":"https:\/\/eromakia.fr\/index.php\/about-me\/","og_site_name":"Eromakia","article_modified_time":"2024-02-13T08:56:18+00:00","og_image":[{"url":"http:\/\/eromakia.fr\/wp-content\/uploads\/2017\/06\/pseudo-sappho1.png"}],"twitter_card":"summary_large_image","twitter_misc":{"Dur\u00e9e de lecture estim\u00e9e":"3 minutes"},"schema":{"@context":"https:\/\/schema.org","@graph":[{"@type":"WebPage","@id":"https:\/\/eromakia.fr\/index.php\/about-me\/","url":"https:\/\/eromakia.fr\/index.php\/about-me\/","name":"About me - Eromakia","isPartOf":{"@id":"https:\/\/eromakia.fr\/#website"},"datePublished":"2017-11-16T14:44:58+00:00","dateModified":"2024-02-13T08:56:18+00:00","breadcrumb":{"@id":"https:\/\/eromakia.fr\/index.php\/about-me\/#breadcrumb"},"inLanguage":"fr-FR","potentialAction":[{"@type":"ReadAction","target":["https:\/\/eromakia.fr\/index.php\/about-me\/"]}]},{"@type":"BreadcrumbList","@id":"https:\/\/eromakia.fr\/index.php\/about-me\/#breadcrumb","itemListElement":[{"@type":"ListItem","position":1,"name":"Accueil","item":"https:\/\/eromakia.fr\/"},{"@type":"ListItem","position":2,"name":"About me"}]},{"@type":"WebSite","@id":"https:\/\/eromakia.fr\/#website","url":"https:\/\/eromakia.fr\/","name":"Eromakia","description":"Art, Love and Fight Chronicles","potentialAction":[{"@type":"SearchAction","target":{"@type":"EntryPoint","urlTemplate":"https:\/\/eromakia.fr\/?s={search_term_string}"},"query-input":"required name=search_term_string"}],"inLanguage":"fr-FR"}]}},"_links":{"self":[{"href":"https:\/\/eromakia.fr\/index.php\/wp-json\/wp\/v2\/pages\/344","targetHints":{"allow":["GET"]}}],"collection":[{"href":"https:\/\/eromakia.fr\/index.php\/wp-json\/wp\/v2\/pages"}],"about":[{"href":"https:\/\/eromakia.fr\/index.php\/wp-json\/wp\/v2\/types\/page"}],"author":[{"embeddable":true,"href":"https:\/\/eromakia.fr\/index.php\/wp-json\/wp\/v2\/users\/1"}],"replies":[{"embeddable":true,"href":"https:\/\/eromakia.fr\/index.php\/wp-json\/wp\/v2\/comments?post=344"}],"version-history":[{"count":31,"href":"https:\/\/eromakia.fr\/index.php\/wp-json\/wp\/v2\/pages\/344\/revisions"}],"predecessor-version":[{"id":24695,"href":"https:\/\/eromakia.fr\/index.php\/wp-json\/wp\/v2\/pages\/344\/revisions\/24695"}],"wp:attachment":[{"href":"https:\/\/eromakia.fr\/index.php\/wp-json\/wp\/v2\/media?parent=344"}],"curies":[{"name":"wp","href":"https:\/\/api.w.org\/{rel}","templated":true}]}}