{"id":3114,"date":"2019-03-16T11:59:20","date_gmt":"2019-03-16T10:59:20","guid":{"rendered":"http:\/\/eromakia.fr\/?page_id=3114"},"modified":"2022-04-30T08:44:33","modified_gmt":"2022-04-30T06:44:33","slug":"paranoias-feministes","status":"publish","type":"page","link":"https:\/\/eromakia.fr\/index.php\/paranoias-feministes\/","title":{"rendered":"Parano\u00efas f\u00e9ministes"},"content":{"rendered":"<p>\u00ab\u00a0Nous ne pouvons accepter un f\u00e9minisme qui soit hostile aux grandes \u0153uvres d\u2019art et nous ne pouvons accepter un f\u00e9minisme qui soit hostile \u00e0 la science\u00a0\u00bb.<br \/>[Camille Paglia,\u00a0<em>Femmes libres, hommes libres<\/em>, Laval (Qc), 2019, p. 195].<\/p>\n<p>La cervelle perp\u00e9tuellement\u00a0en surchauffe des f\u00e9ministes, perfus\u00e9e \u00e0 la\u00a0misandrie et \u00e0 la <a href=\"https:\/\/eromakia.fr\/index.php\/etre-victime-ou-ne-pas-etre-feminisme-et-victimitude\/\">victimisation<\/a> permanentes, les\u00a0pousse \u00e0 s&rsquo;inventer des oppressions imaginaires toujours plus folles.<\/p>\n<p>Le principe est toujours le m\u00eame et ne requiert pas plus d&rsquo;un QI \u00e0 un chiffre pour \u00eatre compris : quelque soit le probl\u00e8me, ses causes\u00a0ou sa complexit\u00e9, il n&rsquo;y a<strong> toujours qu&rsquo;un seul coupable, ou\u00a0\u00ab\u00a0<em>coupable universel<\/em>\u00a0\u00bb\u00a0: le m\u00e2le. <\/strong>Ce dernier aggravera son cas s&rsquo;il est en plus\u00a0blanc, h\u00e9t\u00e9rosexuel, cisgenre, &#8230; Et si par malheur, il a\u00a0aussi plus de 50 ans, qu&rsquo;il est chr\u00e9tien, de droite ou qu&rsquo;il a r\u00e9ussi dans la vie, alors l\u00e0, on doit pouvoir envisager\u00a0la peine de mort \u2013 tout au moins la mort sociale \u2013 #<em>Balancetonporc<\/em> a par exemple \u00e9t\u00e9 cr\u00e9\u00e9 pour cela.<\/p>\n<p>Les facult\u00e9s de sciences humaines se sont toutes dot\u00e9es de laboratoires d&rsquo;\u00c9tudes de genre \u2013 o\u00f9 les cr\u00e9dits coulent \u00e0 flots \u2013 pour traquer l&rsquo;oppression machiste jusqu&rsquo;aux confins de la mati\u00e8re. Pour justifier la manne d&rsquo;argent public, il est\u00a0 donc absolument vital de trouver de quoi se mettre sous la dent, quitte \u00e0 l&rsquo;inventer de toutes pi\u00e8ces.<\/p>\n<figure id=\"attachment_2156\" aria-describedby=\"caption-attachment-2156\" style=\"width: 400px\" class=\"wp-caption alignnone\"><a href=\"https:\/\/eromakia.fr\/wp-content\/uploads\/2019\/01\/Women-Studies.jpg\"><img loading=\"lazy\" decoding=\"async\" class=\"wp-image-2156 size-full\" src=\"https:\/\/eromakia.fr\/wp-content\/uploads\/2019\/01\/Women-Studies.jpg\" alt=\"\" width=\"400\" height=\"339\" srcset=\"https:\/\/eromakia.fr\/wp-content\/uploads\/2019\/01\/Women-Studies.jpg 400w, https:\/\/eromakia.fr\/wp-content\/uploads\/2019\/01\/Women-Studies-300x254.jpg 300w\" sizes=\"auto, (max-width: 400px) 100vw, 400px\" \/><\/a><figcaption id=\"caption-attachment-2156\" class=\"wp-caption-text\">Etudes de Genre : \u00ab\u00a0C&rsquo;est trop cool ! Si tu utilises ton imagination, tu peux accuser les hommes DE TOUT !\u00a0\u00bb<\/figcaption><\/figure>\n<p>\u00ab L\u2019institutionnalisation des \u00e9tudes f\u00e9ministes et ses effets sur le f\u00e9minisme n\u2019ont encore fait l\u2019objet d\u2019aucune \u00e9tude honn\u00eate \u00bb.\u00a0\u00ab\u00a0Les \u00e9crits des adversaires conservateurs du f\u00e9minisme ainsi que ceux de f\u00e9ministes dissidentes doivent \u00eatre inclus. <strong>Sans cette diversit\u00e9, les \u00e9tudiants ne se font pas \u00e9duquer mais endoctriner<\/strong>\u00a0\u00bb. [Camille Paglia,\u00a0<em>Femmes libres, hommes libres<\/em>, Laval (Qc), 2019, p. 243 et 249].<\/p>\n<p>La parano\u00efa g\u00e9n\u00e9ralis\u00e9e et le d\u00e9sastre intellectuel de ces\u00a0<em>Women&rsquo;s Studies<\/em> aux \u00c9tats-Unis est \u00e9voqu\u00e9 ici :<\/p>\n<p><blockquote class=\"wp-embedded-content\" data-secret=\"vfuU3wnl6g\"><a href=\"https:\/\/eromakia.fr\/index.php\/2019\/06\/20\/warren-shibles-tous-les-hommes-oppriment-toutes-les-femmes-tout-le-temps\/\">[Parano\u00efa f\u00e9ministe] \u2013 \u00ab\u00a0Tous les hommes oppriment toutes les femmes tout le temps\u00a0\u00bb<\/a><\/blockquote><iframe loading=\"lazy\" class=\"wp-embedded-content\" sandbox=\"allow-scripts\" security=\"restricted\" style=\"position: absolute; clip: rect(1px, 1px, 1px, 1px);\" title=\"\u00ab\u00a0[Parano\u00efa f\u00e9ministe] \u2013 \u00ab\u00a0Tous les hommes oppriment toutes les femmes tout le temps\u00a0\u00bb\u00a0\u00bb &#8212; Eromakia\" src=\"https:\/\/eromakia.fr\/index.php\/2019\/06\/20\/warren-shibles-tous-les-hommes-oppriment-toutes-les-femmes-tout-le-temps\/embed\/#?secret=ARqxqIjSV7#?secret=vfuU3wnl6g\" data-secret=\"vfuU3wnl6g\" width=\"525\" height=\"296\" frameborder=\"0\" marginwidth=\"0\" marginheight=\"0\" scrolling=\"no\"><\/iframe><\/p>\n<p>Cette page se donnera pour mission de pr\u00e9senter un \u00e9chantillon des d\u00e9lires parano\u00efaques f\u00e9ministes, qu&rsquo;ils soient universitaires, politiques ou grand public.<\/p>\n<p><strong>. La raison et la science<\/strong><\/p>\n<p class=\"article__item article__item--para article__item--para-first\">\u00ab\u00a0Paru en 1994 aux Etats-Unis et enfin traduit en fran\u00e7ais, l&rsquo;essai <em class=\"article__item--italic\">Superstition sup\u00e9rieure\u00a0<\/em>a \u00e9t\u00e9 pr\u00e9curseur pour d\u00e9noncer ce ph\u00e9nom\u00e8ne. Ses auteurs, le biologiste Paul R. Gross et le math\u00e9maticien Norman Levitt (d\u00e9c\u00e9d\u00e9 en 2009), y d\u00e9plorent l&rsquo;irrationalit\u00e9 et le relativisme grandissants dans leur propre camp politique.<br \/>Au commencement de ce divorce, on retrouve selon eux le courant du postmodernisme, successeur du marxisme sur les campus. Michel Foucault, Jacques Derrida ou Jean-Fran\u00e7ois Lyotard ont jet\u00e9 le doute sur les notions de savoir objectif et de v\u00e9rit\u00e9 universelle. Dans cette perspective, la science ne serait qu&rsquo;un discours comme un autre, une simple construction sociale. De surcro\u00eet, elle est per\u00e7ue comme \u00e9tant un \u00ab\u00a0instrument id\u00e9ologique de l&rsquo;ordre en place\u00a0\u00bb [Lire : <a href=\"https:\/\/www.lexpress.fr\/actualite\/idees-et-debats\/genre-ecologie-radicale-comment-la-gauche-intellectuelle-s-est-fachee-avec-la-science_2150356.html\">\u00ab\u00a0Genre, \u00e9cologie radicale&#8230; Comment la gauche intellectuelle s&rsquo;est f\u00e2ch\u00e9e avec la science\u00a0\u00bb<\/a> (<em>L&rsquo;Express<\/em>, 11\/05\/21)]<\/p>\n<p><strong>. La\u00a0logique<\/strong><\/p>\n<p>La raison est patriarcale ; l&rsquo;\u00e9motionnel est f\u00e9ministe. Il faut donc lutter contre la\u00a0logique !<\/p>\n<p><a href=\"https:\/\/eromakia.fr\/wp-content\/uploads\/2019\/03\/Nye2.jpg\"><img loading=\"lazy\" decoding=\"async\" class=\"alignnone size-full wp-image-3115\" src=\"https:\/\/eromakia.fr\/wp-content\/uploads\/2019\/03\/Nye2.jpg\" alt=\"\" width=\"486\" height=\"722\" srcset=\"https:\/\/eromakia.fr\/wp-content\/uploads\/2019\/03\/Nye2.jpg 486w, https:\/\/eromakia.fr\/wp-content\/uploads\/2019\/03\/Nye2-202x300.jpg 202w\" sizes=\"auto, (max-width: 486px) 100vw, 486px\" \/><\/a><\/p>\n<p>Dans cet ouvrage paru en 1990, Andrea Nye, f\u00e9ministe universitaire et th\u00e9oricienne des <em>Gender Studies<\/em>, pr\u00e9tend que<strong> la philosophie et la logique h\u00e9rit\u00e9s des Grecs ne sont que des <a href=\"https:\/\/www.amazon.com\/Words-Power-Feminist-Reading-Thinking\/dp\/0415902002\">strat\u00e9gies discursives mises au point par les hommes pour opprimer les femmes<\/a>.<\/strong><\/p>\n<p>Dans son ouvrage de 2002, <a href=\"http:\/\/ddr-barbara-maier.at\/wp-content\/shiblesw\/humorbook\/h9fem.html\"><em>Humor Reference Guide: A Comprehensive Classification and Analysis<\/em><\/a>, Warren Shibles cite quelques assertions de f\u00e9ministes anti-patriarcales sur ces questions :<\/p>\n<p>\u00ab La logique est une arme d&rsquo;oppression\u00a0\u00bb (Nye dans PK: 152).<\/p>\n<p>La raison et la logique sont patriarcales (Nye 1990).<\/p>\n<p>\u00ab\u00a0La logique a \u00e9t\u00e9 faite par les hommes pour les hommes\u00a0\u00bb (Nye 1990: 177).<\/p>\n<p>\u00ab\u00a0La logique n&rsquo;est pas du tout la pens\u00e9e\u00a0\u00bb (Nye 1990: 179).<\/p>\n<p>\u00ab\u00a0Selon les dictats de la logique, j&rsquo;ai commis une erreur sur erreur\u00a0\u00bb (Nye 1990: 174)\u00a8.<\/p>\n<p>. Daly (1987: 216; cf. BC: 122) consid\u00e8re que la logique et la raison ne sont que des moyens par lesquels les hommes oppriment les femmes. Elle l&rsquo;appelle cela le \u00ab phallocentrisme\u00a0\u00bb.<\/p>\n<p>\u00ab &lsquo;L&rsquo;argument&rsquo; masculin devient &lsquo;l\u2019argufemt&rsquo; f\u00e9minin\u00a0\u00bb (Goldfield 1983. cf. 94)<\/p>\n<p>\u00ab La femme &lsquo;<em>d\u00e9-pense&rsquo; \u00bb<\/em> (ne pense plus) (H\u00e9l\u00e8ne Cixous 1981: 252)<\/p>\n<p>La recherche scientifique est du viol. La science est du \u00ab viol conjugal, le mari en tant que scientifique for\u00e7ant la nature \u00e0 sa guise \u00bb. (BC: 147. Sandra Harding, Philosophie, Univ. du Delaware.)<\/p>\n<p>\u00ab\u00a0Non seulement les sophismes suppos\u00e9ment logiques ne s&rsquo;appliquent pas aux femmes, mais la classification des troubles mentaux du DSM ne s&rsquo;applique pas non plus aux femmes\u00a0\u00bb (Susie Sympson dans Snyder 2000: 167-182) (172).<\/p>\n<p>On aurait tort de rire ou de prendre \u00e0 la l\u00e9g\u00e8re ces divagations. Car elles s&rsquo;infiltrent ann\u00e9e apr\u00e8s ann\u00e9e au coeur des nos universit\u00e9s : en 2018, ces id\u00e9es ont m\u00eame \u00e9t\u00e9 enseign\u00e9es en chaire dans un cours d&rsquo;universit\u00e9 fran\u00e7aise ! [article \u00e0 venir].<\/p>\n<p><strong>. L&rsquo;humour<\/strong><\/p>\n<p>L&rsquo;humour est une invention patriarcale, c&rsquo;est pour cela qu&rsquo;il est toujours sexiste et qu&rsquo;il doit \u00eatre combattu ! Les Z\u00e9t\u00e9ticiens se sont positionn\u00e9s \u00e0 la pointe de ce combat en 2022 d&rsquo;une mani\u00e8re absolument affligeante. J&rsquo;ai r\u00e9alis\u00e9 \u00e0 cette occasion que la communaut\u00e9 Z\u00e9t\u00e9tique (non pas n\u00e9cessairement ceux qui fournissent les contenus, mais les foules h\u00e9b\u00e9t\u00e9es qui les suivent), n&rsquo;\u00e9tait plus qu&rsquo;un ramassis de gauchistes et de f\u00e9ministes wokes tous plus abrutis les uns que les autres. Mis en coupe r\u00e9gl\u00e9e par cette arm\u00e9e mao\u00efste, les fournisseurs de contenu vont maintenant devoir expurger tous leurs discours de la moindre trace d&rsquo;humour et d&rsquo;esprit car \u00ab\u00a0gna gna, c&rsquo;est de l&rsquo;humour oppressif, mais han, c&rsquo;est de la psychophobie, ouin ouin ouin\u00a0\u00bb. Apr\u00e8s mon requiem, il\u00a0 me restait \u00e0 jeter une derni\u00e8re pellet\u00e9e de terre sur le cadavre de l&rsquo;esprit critique :<\/p>\n<p><blockquote class=\"wp-embedded-content\" data-secret=\"f8fN7NiaVD\"><a href=\"https:\/\/eromakia.fr\/index.php\/2022\/04\/26\/couple-monstrueux-neofeminisme-et-zetetique-le-mariage-de-la-carpe-et-du-lapin\/\">[Esprit de suicide] \u2013 N\u00e9of\u00e9minisme et Z\u00e9t\u00e9tique : l&rsquo;alliance de la carpe et du lapin<\/a><\/blockquote><iframe loading=\"lazy\" class=\"wp-embedded-content\" sandbox=\"allow-scripts\" security=\"restricted\" style=\"position: absolute; clip: rect(1px, 1px, 1px, 1px);\" title=\"\u00ab\u00a0[Esprit de suicide] \u2013 N\u00e9of\u00e9minisme et Z\u00e9t\u00e9tique : l&rsquo;alliance de la carpe et du lapin\u00a0\u00bb &#8212; Eromakia\" src=\"https:\/\/eromakia.fr\/index.php\/2022\/04\/26\/couple-monstrueux-neofeminisme-et-zetetique-le-mariage-de-la-carpe-et-du-lapin\/embed\/#?secret=y6m61oG9wQ#?secret=f8fN7NiaVD\" data-secret=\"f8fN7NiaVD\" width=\"525\" height=\"296\" frameborder=\"0\" marginwidth=\"0\" marginheight=\"0\" scrolling=\"no\"><\/iframe><\/p>\n<p><strong>. L&rsquo;histoire<\/strong><\/p>\n<p>Il existe une relecture r\u00e9visionniste f\u00e9ministe consistant \u00e0 r\u00e9interpr\u00e9ter l&rsquo;int\u00e9gralit\u00e9 du champ de l&rsquo;histoire au travers\u00a0du filtre victimaire misandre.\u00a0 <a href=\"https:\/\/www.slate.fr\/story\/155300\/patriarcat-steak-existe-pas\">Peggy Sastre a d\u00e9j\u00e0 d\u00e9mont\u00e9 le \u00ab\u00a0patriarcat du steak\u00a0\u00bb, cette pseudo-th\u00e8se anthropologique d\u00e9fendue par Fran\u00e7oise H\u00e9ritier<\/a> et visant \u00e0 faire croire que le dimorphisme sexuel (les diff\u00e9rences physiologiques entre hommes et femmes) remonterait \u00e0 l&rsquo;\u00e2ge des cavernes, lorsque les m\u00e2les auraient volontairement priv\u00e9 leurs compagnes de steak, ne leur laissant que de la bouillie pour se nourrir.\u00a0 La bouillie est davantage ici, en l&rsquo;occurrence, dans les cervelles f\u00e9ministes.<\/p>\n<p>Mais les autres p\u00e9riodes historiques ne sont pas \u00e9pargn\u00e9es. La misandrie et la relecture id\u00e9ologique antipatriacale et misandre font flor\u00e8s \u00e0 peu pr\u00e8s partout.<\/p>\n<p>J&rsquo;aimerais que ces surinterpr\u00e9tations et for\u00e7ages de l&rsquo;histoire soient traqu\u00e9s et d\u00e9nonc\u00e9s, aussi j&rsquo;envisage une veille bibliographique et documentaire sur le sujet. J&rsquo;enjoins tous ceux int\u00e9ress\u00e9s par le sujet \u00e0 faire de m\u00eame.<\/p>\n<p><strong>. Le r\u00e9chauffement climatique<\/strong><\/p>\n<p>Si la terre se r\u00e9chauffe, le responsable est facile \u00e0 trouver : c&rsquo;est le le m\u00e2le blanc !<\/p>\n<p><blockquote class=\"wp-embedded-content\" data-secret=\"yM9gzudPx7\"><a href=\"https:\/\/eromakia.fr\/index.php\/bibliographie-critique-sur-le-feminisme\/\">Bibliographie critique sur le f\u00e9minisme<\/a><\/blockquote><iframe loading=\"lazy\" class=\"wp-embedded-content\" sandbox=\"allow-scripts\" security=\"restricted\" style=\"position: absolute; clip: rect(1px, 1px, 1px, 1px);\" title=\"\u00ab\u00a0Bibliographie critique sur le f\u00e9minisme\u00a0\u00bb &#8212; Eromakia\" src=\"https:\/\/eromakia.fr\/index.php\/bibliographie-critique-sur-le-feminisme\/embed\/#?secret=GssGtMfxyy#?secret=yM9gzudPx7\" data-secret=\"yM9gzudPx7\" width=\"525\" height=\"296\" frameborder=\"0\" marginwidth=\"0\" marginheight=\"0\" scrolling=\"no\"><\/iframe><\/p>\n<figure id=\"attachment_3151\" aria-describedby=\"caption-attachment-3151\" style=\"width: 960px\" class=\"wp-caption alignnone\"><a href=\"https:\/\/eromakia.fr\/wp-content\/uploads\/2019\/03\/16-mars-2019-misandre.jpg\"><img loading=\"lazy\" decoding=\"async\" class=\"wp-image-3151 size-full\" src=\"https:\/\/eromakia.fr\/wp-content\/uploads\/2019\/03\/16-mars-2019-misandre.jpg\" alt=\"\" width=\"960\" height=\"528\" srcset=\"https:\/\/eromakia.fr\/wp-content\/uploads\/2019\/03\/16-mars-2019-misandre.jpg 960w, https:\/\/eromakia.fr\/wp-content\/uploads\/2019\/03\/16-mars-2019-misandre-300x165.jpg 300w, https:\/\/eromakia.fr\/wp-content\/uploads\/2019\/03\/16-mars-2019-misandre-768x422.jpg 768w\" sizes=\"auto, (max-width: 767px) 89vw, (max-width: 1000px) 54vw, (max-width: 1071px) 543px, 580px\" \/><\/a><figcaption id=\"caption-attachment-3151\" class=\"wp-caption-text\">\u00ab\u00a0Marche pour le climat\u00a0\u00bb du 15 mars 2019 \u00e0 Paris : la misandrie et la b\u00eatise f\u00e9ministes \u00e0 l&rsquo;\u00e9tat pur.<\/figcaption><\/figure>\n<p><strong>. \u00c0 L&rsquo;INVERSE, IL EXISTE DES FEMMES LUCIDES :<\/strong><\/p>\n<p><a href=\"https:\/\/www.facebook.com\/NaomiHal\/posts\/10156614278617635\"><strong>Naomi Hal :<\/strong><\/a><\/p>\n<p>\u00ab\u00a0Je vais \u00eatre honn\u00eate, je n&rsquo;ai jamais eu l&rsquo;impression de vivre dans une soci\u00e9t\u00e9 patriarcale, ou dans une soci\u00e9t\u00e9 qui m&rsquo;a fait sentir qu&rsquo;en tant que femme, j&rsquo;\u00e9tais une proie potentielle pour des pr\u00e9dateurs que seraient les hommes.<br \/>Il m&rsquo;a sembl\u00e9 que les v\u00e9ritables rapports de domination \u00e9taient beaucoup plus socio-culturels que sexuels et que s&rsquo;il y avait une asym\u00e9trie qui crevait par sa justesse, c&rsquo;\u00e9tait celle entre les bourgeois et les prolos.<br \/>En ce qui concerne les relations inte<span class=\"text_exposed_show\">r-sexes, il m&rsquo;a toujours sembl\u00e9 au contraire, que les femmes avaient un pouvoir immense sur les hommes et qu&rsquo;elles savaient en jouer. J&rsquo;ai vu des femmes fortes et des hommes faibles, l&rsquo;inverse aussi, mais sans vraiment pouvoir d\u00e9gager une logique particuli\u00e8re ou diff\u00e9rente de celle des rapports humains.<br \/>S&rsquo;il y a des hommes cruels, qui se servent de leurs forces pour donner des coups \u00e0 leurs femmes au lieu de les prot\u00e9ger, il me semble qu&rsquo;ils demeurent des exceptions et qu&rsquo;on ne peut tirer de ces cas pr\u00e9cis des g\u00e9n\u00e9ralit\u00e9s.<br \/>Quand j&rsquo;entends certains discours parfois, je me dis qu&rsquo;on ne vit pas sur la m\u00eame plan\u00e8te.\u00a0\u00bb<\/span><\/p>\n<div class=\"text_exposed_show\">\u00a0<\/div>\n<p>[\u00e0 suivre&#8230;]<\/p>\n<ul>\n<li><strong>Voir aussi :<\/strong><\/li>\n<\/ul>\n<p><blockquote class=\"wp-embedded-content\" data-secret=\"tspXAyRHo2\"><a href=\"https:\/\/eromakia.fr\/index.php\/bibliographie-critique-sur-le-feminisme\/\">Bibliographie critique sur le f\u00e9minisme<\/a><\/blockquote><iframe loading=\"lazy\" class=\"wp-embedded-content\" sandbox=\"allow-scripts\" security=\"restricted\" style=\"position: absolute; clip: rect(1px, 1px, 1px, 1px);\" title=\"\u00ab\u00a0Bibliographie critique sur le f\u00e9minisme\u00a0\u00bb &#8212; Eromakia\" src=\"https:\/\/eromakia.fr\/index.php\/bibliographie-critique-sur-le-feminisme\/embed\/#?secret=GssGtMfxyy#?secret=tspXAyRHo2\" data-secret=\"tspXAyRHo2\" width=\"525\" height=\"296\" frameborder=\"0\" marginwidth=\"0\" marginheight=\"0\" scrolling=\"no\"><\/iframe><\/p>\n\n\n<figure class=\"wp-block-embed is-type-wp-embed is-provider-eromakia wp-block-embed-eromakia\"><div class=\"wp-block-embed__wrapper\">\n<blockquote class=\"wp-embedded-content\" data-secret=\"OKfSzPeoJ6\"><a href=\"https:\/\/eromakia.fr\/index.php\/2021\/06\/20\/feminisme-universite-et-cis-hetero-patriarcat-gogolita-passe-sa-these\/\">F\u00e9minisme, universit\u00e9 et \u00ab\u00a0cis-h\u00e9t\u00e9ro-patriarcat\u00a0\u00bb : Gogolita passe sa th\u00e8se<\/a><\/blockquote><iframe loading=\"lazy\" class=\"wp-embedded-content\" sandbox=\"allow-scripts\" security=\"restricted\" style=\"position: absolute; clip: rect(1px, 1px, 1px, 1px);\" title=\"\u00ab\u00a0F\u00e9minisme, universit\u00e9 et \u00ab\u00a0cis-h\u00e9t\u00e9ro-patriarcat\u00a0\u00bb : Gogolita passe sa th\u00e8se\u00a0\u00bb &#8212; Eromakia\" src=\"https:\/\/eromakia.fr\/index.php\/2021\/06\/20\/feminisme-universite-et-cis-hetero-patriarcat-gogolita-passe-sa-these\/embed\/#?secret=QAcwTj9Hrt#?secret=OKfSzPeoJ6\" data-secret=\"OKfSzPeoJ6\" width=\"525\" height=\"296\" frameborder=\"0\" marginwidth=\"0\" marginheight=\"0\" scrolling=\"no\"><\/iframe>\n<\/div><\/figure>\n","protected":false},"excerpt":{"rendered":"<p>\u00ab\u00a0Nous ne pouvons accepter un f\u00e9minisme qui soit hostile aux grandes \u0153uvres d\u2019art et nous ne pouvons accepter un f\u00e9minisme qui soit hostile \u00e0 la science\u00a0\u00bb.[Camille Paglia,\u00a0Femmes libres, hommes libres, Laval (Qc), 2019, p. 195]. La cervelle perp\u00e9tuellement\u00a0en surchauffe des f\u00e9ministes, perfus\u00e9e \u00e0 la\u00a0misandrie et \u00e0 la victimisation permanentes, les\u00a0pousse \u00e0 s&rsquo;inventer des oppressions imaginaires &hellip; <\/p>\n<p class=\"link-more\"><a href=\"https:\/\/eromakia.fr\/index.php\/paranoias-feministes\/\" class=\"more-link\">Continuer la lecture<span class=\"screen-reader-text\"> de &laquo;&nbsp;Parano\u00efas f\u00e9ministes&nbsp;&raquo;<\/span><\/a><\/p>\n","protected":false},"author":1,"featured_media":0,"parent":0,"menu_order":0,"comment_status":"open","ping_status":"open","template":"","meta":{"footnotes":""},"class_list":["post-3114","page","type-page","status-publish","hentry"],"yoast_head":"<!-- This site is optimized with the Yoast SEO plugin v21.3 - https:\/\/yoast.com\/wordpress\/plugins\/seo\/ -->\n<title>Parano\u00efas f\u00e9ministes - Eromakia<\/title>\n<meta name=\"robots\" content=\"index, follow, max-snippet:-1, max-image-preview:large, max-video-preview:-1\" \/>\n<link rel=\"canonical\" href=\"https:\/\/eromakia.fr\/index.php\/paranoias-feministes\/\" \/>\n<meta property=\"og:locale\" content=\"fr_FR\" \/>\n<meta property=\"og:type\" content=\"article\" \/>\n<meta property=\"og:title\" content=\"Parano\u00efas f\u00e9ministes - Eromakia\" \/>\n<meta property=\"og:description\" content=\"\u00ab\u00a0Nous ne pouvons accepter un f\u00e9minisme qui soit hostile aux grandes \u0153uvres d\u2019art et nous ne pouvons accepter un f\u00e9minisme qui soit hostile \u00e0 la science\u00a0\u00bb.[Camille Paglia,\u00a0Femmes libres, hommes libres, Laval (Qc), 2019, p. 195]. La cervelle perp\u00e9tuellement\u00a0en surchauffe des f\u00e9ministes, perfus\u00e9e \u00e0 la\u00a0misandrie et \u00e0 la victimisation permanentes, les\u00a0pousse \u00e0 s&rsquo;inventer des oppressions imaginaires &hellip; Continuer la lecture de &laquo;&nbsp;Parano\u00efas f\u00e9ministes&nbsp;&raquo;\" \/>\n<meta property=\"og:url\" content=\"https:\/\/eromakia.fr\/index.php\/paranoias-feministes\/\" \/>\n<meta property=\"og:site_name\" content=\"Eromakia\" \/>\n<meta property=\"article:modified_time\" content=\"2022-04-30T06:44:33+00:00\" \/>\n<meta property=\"og:image\" content=\"http:\/\/eromakia.fr\/wp-content\/uploads\/2019\/01\/Women-Studies.jpg\" \/>\n<meta name=\"twitter:card\" content=\"summary_large_image\" \/>\n<meta name=\"twitter:label1\" content=\"Dur\u00e9e de lecture estim\u00e9e\" \/>\n\t<meta name=\"twitter:data1\" content=\"7 minutes\" \/>\n<script type=\"application\/ld+json\" class=\"yoast-schema-graph\">{\"@context\":\"https:\/\/schema.org\",\"@graph\":[{\"@type\":\"WebPage\",\"@id\":\"https:\/\/eromakia.fr\/index.php\/paranoias-feministes\/\",\"url\":\"https:\/\/eromakia.fr\/index.php\/paranoias-feministes\/\",\"name\":\"Parano\u00efas f\u00e9ministes - Eromakia\",\"isPartOf\":{\"@id\":\"https:\/\/eromakia.fr\/#website\"},\"datePublished\":\"2019-03-16T10:59:20+00:00\",\"dateModified\":\"2022-04-30T06:44:33+00:00\",\"breadcrumb\":{\"@id\":\"https:\/\/eromakia.fr\/index.php\/paranoias-feministes\/#breadcrumb\"},\"inLanguage\":\"fr-FR\",\"potentialAction\":[{\"@type\":\"ReadAction\",\"target\":[\"https:\/\/eromakia.fr\/index.php\/paranoias-feministes\/\"]}]},{\"@type\":\"BreadcrumbList\",\"@id\":\"https:\/\/eromakia.fr\/index.php\/paranoias-feministes\/#breadcrumb\",\"itemListElement\":[{\"@type\":\"ListItem\",\"position\":1,\"name\":\"Accueil\",\"item\":\"https:\/\/eromakia.fr\/\"},{\"@type\":\"ListItem\",\"position\":2,\"name\":\"Parano\u00efas f\u00e9ministes\"}]},{\"@type\":\"WebSite\",\"@id\":\"https:\/\/eromakia.fr\/#website\",\"url\":\"https:\/\/eromakia.fr\/\",\"name\":\"Eromakia\",\"description\":\"Art, Love and Fight Chronicles\",\"potentialAction\":[{\"@type\":\"SearchAction\",\"target\":{\"@type\":\"EntryPoint\",\"urlTemplate\":\"https:\/\/eromakia.fr\/?s={search_term_string}\"},\"query-input\":\"required name=search_term_string\"}],\"inLanguage\":\"fr-FR\"}]}<\/script>\n<!-- \/ Yoast SEO plugin. -->","yoast_head_json":{"title":"Parano\u00efas f\u00e9ministes - Eromakia","robots":{"index":"index","follow":"follow","max-snippet":"max-snippet:-1","max-image-preview":"max-image-preview:large","max-video-preview":"max-video-preview:-1"},"canonical":"https:\/\/eromakia.fr\/index.php\/paranoias-feministes\/","og_locale":"fr_FR","og_type":"article","og_title":"Parano\u00efas f\u00e9ministes - Eromakia","og_description":"\u00ab\u00a0Nous ne pouvons accepter un f\u00e9minisme qui soit hostile aux grandes \u0153uvres d\u2019art et nous ne pouvons accepter un f\u00e9minisme qui soit hostile \u00e0 la science\u00a0\u00bb.[Camille Paglia,\u00a0Femmes libres, hommes libres, Laval (Qc), 2019, p. 195]. La cervelle perp\u00e9tuellement\u00a0en surchauffe des f\u00e9ministes, perfus\u00e9e \u00e0 la\u00a0misandrie et \u00e0 la victimisation permanentes, les\u00a0pousse \u00e0 s&rsquo;inventer des oppressions imaginaires &hellip; Continuer la lecture de &laquo;&nbsp;Parano\u00efas f\u00e9ministes&nbsp;&raquo;","og_url":"https:\/\/eromakia.fr\/index.php\/paranoias-feministes\/","og_site_name":"Eromakia","article_modified_time":"2022-04-30T06:44:33+00:00","og_image":[{"url":"http:\/\/eromakia.fr\/wp-content\/uploads\/2019\/01\/Women-Studies.jpg"}],"twitter_card":"summary_large_image","twitter_misc":{"Dur\u00e9e de lecture estim\u00e9e":"7 minutes"},"schema":{"@context":"https:\/\/schema.org","@graph":[{"@type":"WebPage","@id":"https:\/\/eromakia.fr\/index.php\/paranoias-feministes\/","url":"https:\/\/eromakia.fr\/index.php\/paranoias-feministes\/","name":"Parano\u00efas f\u00e9ministes - Eromakia","isPartOf":{"@id":"https:\/\/eromakia.fr\/#website"},"datePublished":"2019-03-16T10:59:20+00:00","dateModified":"2022-04-30T06:44:33+00:00","breadcrumb":{"@id":"https:\/\/eromakia.fr\/index.php\/paranoias-feministes\/#breadcrumb"},"inLanguage":"fr-FR","potentialAction":[{"@type":"ReadAction","target":["https:\/\/eromakia.fr\/index.php\/paranoias-feministes\/"]}]},{"@type":"BreadcrumbList","@id":"https:\/\/eromakia.fr\/index.php\/paranoias-feministes\/#breadcrumb","itemListElement":[{"@type":"ListItem","position":1,"name":"Accueil","item":"https:\/\/eromakia.fr\/"},{"@type":"ListItem","position":2,"name":"Parano\u00efas f\u00e9ministes"}]},{"@type":"WebSite","@id":"https:\/\/eromakia.fr\/#website","url":"https:\/\/eromakia.fr\/","name":"Eromakia","description":"Art, Love and Fight Chronicles","potentialAction":[{"@type":"SearchAction","target":{"@type":"EntryPoint","urlTemplate":"https:\/\/eromakia.fr\/?s={search_term_string}"},"query-input":"required name=search_term_string"}],"inLanguage":"fr-FR"}]}},"_links":{"self":[{"href":"https:\/\/eromakia.fr\/index.php\/wp-json\/wp\/v2\/pages\/3114","targetHints":{"allow":["GET"]}}],"collection":[{"href":"https:\/\/eromakia.fr\/index.php\/wp-json\/wp\/v2\/pages"}],"about":[{"href":"https:\/\/eromakia.fr\/index.php\/wp-json\/wp\/v2\/types\/page"}],"author":[{"embeddable":true,"href":"https:\/\/eromakia.fr\/index.php\/wp-json\/wp\/v2\/users\/1"}],"replies":[{"embeddable":true,"href":"https:\/\/eromakia.fr\/index.php\/wp-json\/wp\/v2\/comments?post=3114"}],"version-history":[{"count":49,"href":"https:\/\/eromakia.fr\/index.php\/wp-json\/wp\/v2\/pages\/3114\/revisions"}],"predecessor-version":[{"id":20111,"href":"https:\/\/eromakia.fr\/index.php\/wp-json\/wp\/v2\/pages\/3114\/revisions\/20111"}],"wp:attachment":[{"href":"https:\/\/eromakia.fr\/index.php\/wp-json\/wp\/v2\/media?parent=3114"}],"curies":[{"name":"wp","href":"https:\/\/api.w.org\/{rel}","templated":true}]}}