{"id":22060,"date":"2022-09-28T14:43:19","date_gmt":"2022-09-28T12:43:19","guid":{"rendered":"https:\/\/eromakia.fr\/?page_id=22060"},"modified":"2022-10-10T10:12:54","modified_gmt":"2022-10-10T08:12:54","slug":"centre-hospitalier-universitaire-galerie-de-portraits-feministes","status":"publish","type":"page","link":"https:\/\/eromakia.fr\/index.php\/centre-hospitalier-universitaire-galerie-de-portraits-feministes\/","title":{"rendered":"[Centre Hospitalier Universitaire] \u2013 Galerie de portraits f\u00e9ministes"},"content":{"rendered":"\n<p>Les laboratoires d&rsquo;\u00e9tudes de genre rassemblent des coteries <a href=\"https:\/\/eromakia.fr\/index.php\/neo-bigotes-et-chaisieres-deglise-les-feministes-et-la-religion\/\">de n\u00e9o-bigotes<\/a> et de m\u00e8res sup\u00e9rieures en mal de couvents, b\u00e9guinages ou infirmeries qui se cooptent entre elles depuis des d\u00e9cennies. Elles d\u00e9versent sur l&rsquo;universit\u00e9 et les m\u00e9dias des g\u00e9n\u00e9rations de militantes qui se radicalisent d&rsquo;ann\u00e9e en ann\u00e9e, \u00e0 mesure que les d\u00e9lires parano\u00efaques et de domination leur labourent le cerveau \u2013 ou ce qu&rsquo;il en reste. Je rassemble donc sur cette page-portail quelques sp\u00e9cimens dont j&rsquo;ai eu \u00e0 traiter ces derniers mois ou ann\u00e9es. <\/p>\n\n\n\n<p>Pourquoi ces illumin\u00e9es ne se d\u00e9cident-elles pas \u00e0 fonder une soci\u00e9t\u00e9 parall\u00e8le sur une \u00eele d\u00e9serte ou sur un autre continent, une sorte de <em>Cit\u00e9 des femmes<\/em> dystopique o\u00f9 elles se cr\u00eaperaient le chignon en toute sororitude ? O\u00f9 elles pourraient grenouiller au frais avec leurs fantasmes gynocratiques et leurs fixations mentales, nous laissant pratiquer en paix <a href=\"https:\/\/eromakia.fr\/index.php\/eromakia-varia\/\">l&rsquo;\u00e9romachie<\/a> \u2013 la lutte amoureuse qui donne son nom \u00e0 ce site \u2013, c&rsquo;est-\u00e0-dire la bonne vieille guerre des sexes ? <\/p>\n\n\n\n<p>Car oui, mesdames et mesdemoiselles les grandes pleureuses devant l&rsquo;\u00c9ternel, <strong>le commerce amoureux peut faire mal<\/strong>, eh oui ! Quand on en arrive \u00e0 <a href=\"https:\/\/www.programme-television.org\/news-tv\/Elle-l-a-publiquement-execute-et-se-prend-pour-Robespierre-Raphael-Enthoven-fustige-Sandrine-Rousseau-et-ses-accusatons-contre-Julien-Bayou-4693763\">vouloir d\u00e9truire la carri\u00e8re et la vie d&rsquo;un homme simplement parce qu&rsquo;il vous a quitt\u00e9e<\/a>, \u00e0 faire de cette peine de c\u0153ur, tout authentique et lancinante soit-elle, l&rsquo;alpha et l&rsquo;om\u00e9ga de son combat politique, ou \u00e0 s&rsquo;imaginer qu&rsquo;on abolira un jour <a href=\"https:\/\/eromakia.fr\/index.php\/ideologie-de-la-domination-les-feministes-et-lemprise\/\">l&#8217;emprise amoureuse<\/a>, on ne laisse plus aucun doute sur ce qu&rsquo;est devenu le f\u00e9minisme :  <strong>une arme de destruction massive au service d&rsquo;un bataillon de femmes tromp\u00e9es et revanchardes.<\/strong> Quel noble combat que voil\u00e0 ! On n&rsquo;ose imaginer ce qui se passerait si tous les hommes cocus en faisaient \u00e0 leur tour la matrice de leur combat politique. <\/p>\n\n\n\n<p>Pourquoi donc ces missionnaires et ces inquisitrices s&rsquo;obstinent-elles \u00e0 confondre l&rsquo;universit\u00e9 et le couvent ? La r\u00e9ponse, on ne la conna\u00eet que trop, h\u00e9las : leur ultime jouissance en ce monde est de d\u00e9truire tout ce qui les entoure, hommes et femmes compris, histoire de ne pas devoir s&rsquo;enfoncer seules dans leur mar\u00e9cage int\u00e9rieur, leurs d\u00e9sordres affectifs et leur ressentiment au cul verd\u00e2tre. Se d\u00e9fouler sur les hommes normaux \u00e0 qui elles font horreur (les autres \u00e9tant des masochistes d\u00e9construits encore plus ravag\u00e9s qu&rsquo;elles) en essayant d&rsquo;entrainer dans leur n\u00e9vrose toutes les autres femmes est donc devenu leur unique obsession et leur poule aux \u0153ufs d&rsquo;or (sur l&rsquo;argent public, \u00e7a va de soi). <\/p>\n\n\n\n<p>Mais contrairement \u00e0 ce qu&rsquo;elle croient, cela ne leur \u00e9vitera pas de se dissoudre dans le solipsisme et le n\u00e9ant intellectuel, puisque pleurer sur un <a href=\"https:\/\/eromakia.fr\/index.php\/la-supercherie-du-patriarcat\/\">\u00ab\u00a0patriarcat\u00a0\u00bb<\/a> imaginaire pour r\u00e9gler ses comptes avec son ex ou avec la gent masculine en g\u00e9n\u00e9ral ne peut en aucun cas constituer la mati\u00e8re d&rsquo;une \u0153uvre durable. L&rsquo;histoire des id\u00e9es fera t\u00f4t ou tard le m\u00e9nage et remettra \u00e0 leur place <a href=\"https:\/\/eromakia.fr\/index.php\/2022\/09\/30\/feminisme-radical-et-peine-de-coeur-quand-madame-bovary-fait-de-la-politique\/\">toutes ces Madame Bovary d&rsquo;op\u00e9rette<\/a>, je n&rsquo;en doute pas une seconde.<\/p>\n\n\n\n<ul class=\"wp-block-list\"><li><strong>La f\u00e9ministe totalitaire en chef pour commencer, Sandrine Rousseau :<\/strong><\/li><\/ul>\n\n\n\n<figure class=\"wp-block-embed is-type-wp-embed is-provider-eromakia wp-block-embed-eromakia\"><div class=\"wp-block-embed__wrapper\">\n<blockquote class=\"wp-embedded-content\" data-secret=\"NffssABgOd\"><a href=\"https:\/\/eromakia.fr\/index.php\/2022\/09\/03\/ideologie-lecofeminisme-une-imposture-intellectuelle-sans-aucun-fondement-scientifique\/\">[Id\u00e9ologie] \u2013 L\u2019\u00e9cof\u00e9minisme : une imposture intellectuelle sans aucun fondement scientifique<\/a><\/blockquote><iframe loading=\"lazy\" class=\"wp-embedded-content\" sandbox=\"allow-scripts\" security=\"restricted\" style=\"position: absolute; clip: rect(1px, 1px, 1px, 1px);\" title=\"\u00ab\u00a0[Id\u00e9ologie] \u2013 L\u2019\u00e9cof\u00e9minisme : une imposture intellectuelle sans aucun fondement scientifique\u00a0\u00bb &#8212; Eromakia\" src=\"https:\/\/eromakia.fr\/index.php\/2022\/09\/03\/ideologie-lecofeminisme-une-imposture-intellectuelle-sans-aucun-fondement-scientifique\/embed\/#?secret=1keGVsVYwX#?secret=NffssABgOd\" data-secret=\"NffssABgOd\" width=\"525\" height=\"296\" frameborder=\"0\" marginwidth=\"0\" marginheight=\"0\" scrolling=\"no\"><\/iframe>\n<\/div><\/figure>\n\n\n\n<ul class=\"wp-block-list\"><li><strong>La reine-sorci\u00e8re, leur m\u00e8re \u00e0 toutes : <\/strong><\/li><\/ul>\n\n\n\n<figure class=\"wp-block-embed is-type-wp-embed is-provider-eromakia wp-block-embed-eromakia\"><div class=\"wp-block-embed__wrapper\">\n<blockquote class=\"wp-embedded-content\" data-secret=\"kF83mMG2vL\"><a href=\"https:\/\/eromakia.fr\/index.php\/2019\/05\/18\/feminisme-victimaire-quand-francoise-heritier-debloque-encore\/\">[F\u00e9minisme lacrymal] \u2013 Quand Fran\u00e7oise H\u00e9ritier divague (encore)<\/a><\/blockquote><iframe loading=\"lazy\" class=\"wp-embedded-content\" sandbox=\"allow-scripts\" security=\"restricted\" style=\"position: absolute; clip: rect(1px, 1px, 1px, 1px);\" title=\"\u00ab\u00a0[F\u00e9minisme lacrymal] \u2013 Quand Fran\u00e7oise H\u00e9ritier divague (encore)\u00a0\u00bb &#8212; Eromakia\" src=\"https:\/\/eromakia.fr\/index.php\/2019\/05\/18\/feminisme-victimaire-quand-francoise-heritier-debloque-encore\/embed\/#?secret=7N5rLR9Sb8#?secret=kF83mMG2vL\" data-secret=\"kF83mMG2vL\" width=\"525\" height=\"296\" frameborder=\"0\" marginwidth=\"0\" marginheight=\"0\" scrolling=\"no\"><\/iframe>\n<\/div><\/figure>\n\n\n\n<ul class=\"wp-block-list\"><li><strong>Leur papesse en carton :<\/strong><\/li><\/ul>\n\n\n\n<figure class=\"wp-block-embed is-type-wp-embed is-provider-eromakia wp-block-embed-eromakia\"><div class=\"wp-block-embed__wrapper\">\n<blockquote class=\"wp-embedded-content\" data-secret=\"94S721xPzC\"><a href=\"https:\/\/eromakia.fr\/index.php\/2021\/04\/05\/impostures-intellectuelles-judith-butler\/\">[Impostures intellectuelles] \u2013 Judith Butler<\/a><\/blockquote><iframe loading=\"lazy\" class=\"wp-embedded-content\" sandbox=\"allow-scripts\" security=\"restricted\" style=\"position: absolute; clip: rect(1px, 1px, 1px, 1px);\" title=\"\u00ab\u00a0[Impostures intellectuelles] \u2013 Judith Butler\u00a0\u00bb &#8212; Eromakia\" src=\"https:\/\/eromakia.fr\/index.php\/2021\/04\/05\/impostures-intellectuelles-judith-butler\/embed\/#?secret=sJYpd8mtuA#?secret=94S721xPzC\" data-secret=\"94S721xPzC\" width=\"525\" height=\"296\" frameborder=\"0\" marginwidth=\"0\" marginheight=\"0\" scrolling=\"no\"><\/iframe>\n<\/div><\/figure>\n\n\n\n<ul class=\"wp-block-list\"><li><strong>Quelques d\u00e9votes de la congr\u00e9gation :<\/strong><\/li><\/ul>\n\n\n\n<figure class=\"wp-block-embed is-type-wp-embed is-provider-eromakia wp-block-embed-eromakia\"><div class=\"wp-block-embed__wrapper\">\n<blockquote class=\"wp-embedded-content\" data-secret=\"Yux99ZOYDM\"><a href=\"https:\/\/eromakia.fr\/index.php\/2021\/06\/01\/anales-de-la-sorbonne-rachele-borghi\/\">[Anales de la Sorbonne] \u2013 Rachele Borghi<\/a><\/blockquote><iframe loading=\"lazy\" class=\"wp-embedded-content\" sandbox=\"allow-scripts\" security=\"restricted\" style=\"position: absolute; clip: rect(1px, 1px, 1px, 1px);\" title=\"\u00ab\u00a0[Anales de la Sorbonne] \u2013 Rachele Borghi\u00a0\u00bb &#8212; Eromakia\" src=\"https:\/\/eromakia.fr\/index.php\/2021\/06\/01\/anales-de-la-sorbonne-rachele-borghi\/embed\/#?secret=lMOsXhq5QA#?secret=Yux99ZOYDM\" data-secret=\"Yux99ZOYDM\" width=\"525\" height=\"296\" frameborder=\"0\" marginwidth=\"0\" marginheight=\"0\" scrolling=\"no\"><\/iframe>\n<\/div><\/figure>\n\n\n\n<figure class=\"wp-block-embed is-type-wp-embed is-provider-eromakia wp-block-embed-eromakia\"><div class=\"wp-block-embed__wrapper\">\n<blockquote class=\"wp-embedded-content\" data-secret=\"WycnxGcenZ\"><a href=\"https:\/\/eromakia.fr\/index.php\/2022\/09\/16\/universite-en-folie-camille-froidevaux-metterie-ou-quand-le-gender-feminism-se-mord-la-queue\/\">[Universit\u00e9 en folie] \u2013 Camille Froidevaux-Metterie ou quand l&rsquo;id\u00e9ologie du genre se mord la queue<\/a><\/blockquote><iframe loading=\"lazy\" class=\"wp-embedded-content\" sandbox=\"allow-scripts\" security=\"restricted\" style=\"position: absolute; clip: rect(1px, 1px, 1px, 1px);\" title=\"\u00ab\u00a0[Universit\u00e9 en folie] \u2013 Camille Froidevaux-Metterie ou quand l&rsquo;id\u00e9ologie du genre se mord la queue\u00a0\u00bb &#8212; Eromakia\" src=\"https:\/\/eromakia.fr\/index.php\/2022\/09\/16\/universite-en-folie-camille-froidevaux-metterie-ou-quand-le-gender-feminism-se-mord-la-queue\/embed\/#?secret=1A5BGVa8Jr#?secret=WycnxGcenZ\" data-secret=\"WycnxGcenZ\" width=\"525\" height=\"296\" frameborder=\"0\" marginwidth=\"0\" marginheight=\"0\" scrolling=\"no\"><\/iframe>\n<\/div><\/figure>\n\n\n\n<ul class=\"wp-block-list\"><li><em>R\u00e9jane S\u00e9nac,<\/em> <em>Christine Bard, \u00c9liane Viennot, Manon Garcia, Chlo\u00e9 Maillet :<\/em><\/li><\/ul>\n\n\n\n<p><\/p>\n\n\n\n<figure class=\"wp-block-embed is-type-wp-embed is-provider-eromakia wp-block-embed-eromakia\"><div class=\"wp-block-embed__wrapper\">\n<blockquote class=\"wp-embedded-content\" data-secret=\"LyUTuIuEYf\"><a href=\"https:\/\/eromakia.fr\/index.php\/2020\/08\/06\/fonctionnaires-de-la-victimitude-le-feminisme-anti-art\/\">[Fonctionnaires de la victimitude] \u2013 Le f\u00e9minisme anti-art<\/a><\/blockquote><iframe loading=\"lazy\" class=\"wp-embedded-content\" sandbox=\"allow-scripts\" security=\"restricted\" style=\"position: absolute; clip: rect(1px, 1px, 1px, 1px);\" title=\"\u00ab\u00a0[Fonctionnaires de la victimitude] \u2013 Le f\u00e9minisme anti-art\u00a0\u00bb &#8212; Eromakia\" src=\"https:\/\/eromakia.fr\/index.php\/2020\/08\/06\/fonctionnaires-de-la-victimitude-le-feminisme-anti-art\/embed\/#?secret=3kPRAwhcco#?secret=LyUTuIuEYf\" data-secret=\"LyUTuIuEYf\" width=\"525\" height=\"296\" frameborder=\"0\" marginwidth=\"0\" marginheight=\"0\" scrolling=\"no\"><\/iframe>\n<\/div><\/figure>\n\n\n\n<p><\/p>\n\n\n\n<figure class=\"wp-block-embed is-type-wp-embed is-provider-eromakia wp-block-embed-eromakia\"><div class=\"wp-block-embed__wrapper\">\n<blockquote class=\"wp-embedded-content\" data-secret=\"XacA2CzIv7\"><a href=\"https:\/\/eromakia.fr\/index.php\/lantifeminisme-aujourdhui\/\">L&rsquo;antif\u00e9minisme aujourd&rsquo;hui<\/a><\/blockquote><iframe loading=\"lazy\" class=\"wp-embedded-content\" sandbox=\"allow-scripts\" security=\"restricted\" style=\"position: absolute; clip: rect(1px, 1px, 1px, 1px);\" title=\"\u00ab\u00a0L&rsquo;antif\u00e9minisme aujourd&rsquo;hui\u00a0\u00bb &#8212; Eromakia\" src=\"https:\/\/eromakia.fr\/index.php\/lantifeminisme-aujourdhui\/embed\/#?secret=tPNmvZtz6y#?secret=XacA2CzIv7\" data-secret=\"XacA2CzIv7\" width=\"525\" height=\"296\" frameborder=\"0\" marginwidth=\"0\" marginheight=\"0\" scrolling=\"no\"><\/iframe>\n<\/div><\/figure>\n\n\n\n<p><a href=\"https:\/\/eromakia.fr\/index.php\/2019\/03\/17\/la-femme-anti-feministe-ou-lepine-dans-le-pied-des-feministes\/\">La femme antif\u00e9ministe, \u00e9pine dans le pied des f\u00e9ministes<\/a><\/p>\n\n\n\n<figure class=\"wp-block-image size-large\"><img loading=\"lazy\" decoding=\"async\" width=\"532\" height=\"381\" src=\"https:\/\/eromakia.fr\/wp-content\/uploads\/2022\/09\/chrome_0LvLJtpiSL.png\" alt=\"\" class=\"wp-image-22187\" srcset=\"https:\/\/eromakia.fr\/wp-content\/uploads\/2022\/09\/chrome_0LvLJtpiSL.png 532w, https:\/\/eromakia.fr\/wp-content\/uploads\/2022\/09\/chrome_0LvLJtpiSL-300x215.png 300w\" sizes=\"auto, (max-width: 532px) 100vw, 532px\" \/><\/figure>\n\n\n\n<p><a href=\"https:\/\/eromakia.fr\/index.php\/2019\/03\/01\/manon-garcia-philosophe-soumise-a-lideologie-victimaire\/\">Manon Garcia ou la \u00ab&nbsp;philosophie&nbsp;\u00bb soumise \u00e0 l\u2019id\u00e9ologie victimaire<\/a><\/p>\n\n\n\n<figure class=\"wp-block-image size-large\"><img loading=\"lazy\" decoding=\"async\" width=\"542\" height=\"406\" src=\"https:\/\/eromakia.fr\/wp-content\/uploads\/2022\/09\/chrome_DRhRTN8pWI.png\" alt=\"\" class=\"wp-image-22168\" srcset=\"https:\/\/eromakia.fr\/wp-content\/uploads\/2022\/09\/chrome_DRhRTN8pWI.png 542w, https:\/\/eromakia.fr\/wp-content\/uploads\/2022\/09\/chrome_DRhRTN8pWI-300x225.png 300w\" sizes=\"auto, (max-width: 542px) 100vw, 542px\" \/><\/figure>\n\n\n\n<p><a href=\"https:\/\/eromakia.fr\/index.php\/2021\/01\/30\/la-paille-et-la-poutre-eliane-viennot-le-feminisme-et-la-misogynie\/\">[La paille et la poutre] \u2013 \u00c9liane Viennot, le f\u00e9minisme et la misogynie<\/a><\/p>\n\n\n\n<figure class=\"wp-block-image size-large\"><img loading=\"lazy\" decoding=\"async\" width=\"534\" height=\"361\" src=\"https:\/\/eromakia.fr\/wp-content\/uploads\/2022\/09\/chrome_53dulvXCeM.png\" alt=\"\" class=\"wp-image-22169\" srcset=\"https:\/\/eromakia.fr\/wp-content\/uploads\/2022\/09\/chrome_53dulvXCeM.png 534w, https:\/\/eromakia.fr\/wp-content\/uploads\/2022\/09\/chrome_53dulvXCeM-300x203.png 300w\" sizes=\"auto, (max-width: 534px) 100vw, 534px\" \/><\/figure>\n\n\n\n<figure class=\"wp-block-embed is-type-wp-embed is-provider-eromakia wp-block-embed-eromakia\"><div class=\"wp-block-embed__wrapper\">\n<blockquote class=\"wp-embedded-content\" data-secret=\"60najisWnf\"><a href=\"https:\/\/eromakia.fr\/index.php\/des-queer-a-vezelay-liconographie-romane-au-peril-de-lideologie-du-genre\/\">Des Queer \u00e0 V\u00e9zelay ? \u2013 L&rsquo;iconographie romane au p\u00e9ril de l&rsquo;id\u00e9ologie du genre<\/a><\/blockquote><iframe loading=\"lazy\" class=\"wp-embedded-content\" sandbox=\"allow-scripts\" security=\"restricted\" style=\"position: absolute; clip: rect(1px, 1px, 1px, 1px);\" title=\"\u00ab\u00a0Des Queer \u00e0 V\u00e9zelay ? \u2013 L&rsquo;iconographie romane au p\u00e9ril de l&rsquo;id\u00e9ologie du genre\u00a0\u00bb &#8212; Eromakia\" src=\"https:\/\/eromakia.fr\/index.php\/des-queer-a-vezelay-liconographie-romane-au-peril-de-lideologie-du-genre\/embed\/#?secret=fyIDtrrKYn#?secret=60najisWnf\" data-secret=\"60najisWnf\" width=\"525\" height=\"296\" frameborder=\"0\" marginwidth=\"0\" marginheight=\"0\" scrolling=\"no\"><\/iframe>\n<\/div><\/figure>\n\n\n\n<ul class=\"wp-block-list\"><li><strong>Mais il n&rsquo;y a pas que des d\u00e9votes, il y a aussi aussi des d\u00e9vots :<\/strong><\/li><\/ul>\n\n\n\n<figure class=\"wp-block-embed is-type-wp-embed is-provider-eromakia wp-block-embed-eromakia\"><div class=\"wp-block-embed__wrapper\">\n<blockquote class=\"wp-embedded-content\" data-secret=\"16yqVIpKDR\"><a href=\"https:\/\/eromakia.fr\/index.php\/2020\/10\/27\/patriarcat-imaginaire-pascal-picq-ou-la-paleo-anthropologie-facon-madmoizelle\/\">[Patriarcat imaginaire] \u2013 Pascal Picq ou la pal\u00e9oanthropologie fa\u00e7on MadMoiZelle<\/a><\/blockquote><iframe loading=\"lazy\" class=\"wp-embedded-content\" sandbox=\"allow-scripts\" security=\"restricted\" style=\"position: absolute; clip: rect(1px, 1px, 1px, 1px);\" title=\"\u00ab\u00a0[Patriarcat imaginaire] \u2013 Pascal Picq ou la pal\u00e9oanthropologie fa\u00e7on MadMoiZelle\u00a0\u00bb &#8212; Eromakia\" src=\"https:\/\/eromakia.fr\/index.php\/2020\/10\/27\/patriarcat-imaginaire-pascal-picq-ou-la-paleo-anthropologie-facon-madmoizelle\/embed\/#?secret=nGazlERS5I#?secret=16yqVIpKDR\" data-secret=\"16yqVIpKDR\" width=\"525\" height=\"296\" frameborder=\"0\" marginwidth=\"0\" marginheight=\"0\" scrolling=\"no\"><\/iframe>\n<\/div><\/figure>\n\n\n\n<ul class=\"wp-block-list\"><li><strong>Sans oublier les doctorantes f\u00e9ministes : <\/strong><\/li><\/ul>\n\n\n\n<figure class=\"wp-block-embed is-type-wp-embed is-provider-eromakia wp-block-embed-eromakia\"><div class=\"wp-block-embed__wrapper\">\n<blockquote class=\"wp-embedded-content\" data-secret=\"37nO5oT6lb\"><a href=\"https:\/\/eromakia.fr\/index.php\/2021\/06\/20\/feminisme-universite-et-cis-hetero-patriarcat-gogolita-passe-sa-these\/\">F\u00e9minisme, universit\u00e9 et \u00ab\u00a0cis-h\u00e9t\u00e9ro-patriarcat\u00a0\u00bb : Gogolita passe sa th\u00e8se<\/a><\/blockquote><iframe loading=\"lazy\" class=\"wp-embedded-content\" sandbox=\"allow-scripts\" security=\"restricted\" style=\"position: absolute; clip: rect(1px, 1px, 1px, 1px);\" title=\"\u00ab\u00a0F\u00e9minisme, universit\u00e9 et \u00ab\u00a0cis-h\u00e9t\u00e9ro-patriarcat\u00a0\u00bb : Gogolita passe sa th\u00e8se\u00a0\u00bb &#8212; Eromakia\" src=\"https:\/\/eromakia.fr\/index.php\/2021\/06\/20\/feminisme-universite-et-cis-hetero-patriarcat-gogolita-passe-sa-these\/embed\/#?secret=dBECbhXvEv#?secret=37nO5oT6lb\" data-secret=\"37nO5oT6lb\" width=\"525\" height=\"296\" frameborder=\"0\" marginwidth=\"0\" marginheight=\"0\" scrolling=\"no\"><\/iframe>\n<\/div><\/figure>\n\n\n\n<p>[\u00e0 suivre&#8230;]<\/p>\n","protected":false},"excerpt":{"rendered":"<p>Les laboratoires d&rsquo;\u00e9tudes de genre rassemblent des coteries de n\u00e9o-bigotes et de m\u00e8res sup\u00e9rieures en mal de couvents, b\u00e9guinages ou infirmeries qui se cooptent entre elles depuis des d\u00e9cennies. Elles d\u00e9versent sur l&rsquo;universit\u00e9 et les m\u00e9dias des g\u00e9n\u00e9rations de militantes qui se radicalisent d&rsquo;ann\u00e9e en ann\u00e9e, \u00e0 mesure que les d\u00e9lires parano\u00efaques et de domination &hellip; <\/p>\n<p class=\"link-more\"><a href=\"https:\/\/eromakia.fr\/index.php\/centre-hospitalier-universitaire-galerie-de-portraits-feministes\/\" class=\"more-link\">Continuer la lecture<span class=\"screen-reader-text\"> de &laquo;&nbsp;[Centre Hospitalier Universitaire] \u2013 Galerie de portraits f\u00e9ministes&nbsp;&raquo;<\/span><\/a><\/p>\n","protected":false},"author":1,"featured_media":22101,"parent":0,"menu_order":0,"comment_status":"closed","ping_status":"closed","template":"","meta":{"footnotes":""},"class_list":["post-22060","page","type-page","status-publish","has-post-thumbnail","hentry"],"yoast_head":"<!-- This site is optimized with the Yoast SEO plugin v21.3 - https:\/\/yoast.com\/wordpress\/plugins\/seo\/ -->\n<title>[Centre Hospitalier Universitaire] \u2013 Galerie de portraits f\u00e9ministes - Eromakia<\/title>\n<meta name=\"robots\" content=\"index, follow, max-snippet:-1, max-image-preview:large, max-video-preview:-1\" \/>\n<link rel=\"canonical\" href=\"https:\/\/eromakia.fr\/index.php\/centre-hospitalier-universitaire-galerie-de-portraits-feministes\/\" \/>\n<meta property=\"og:locale\" content=\"fr_FR\" \/>\n<meta property=\"og:type\" content=\"article\" \/>\n<meta property=\"og:title\" content=\"[Centre Hospitalier Universitaire] \u2013 Galerie de portraits f\u00e9ministes - Eromakia\" \/>\n<meta property=\"og:description\" content=\"Les laboratoires d&rsquo;\u00e9tudes de genre rassemblent des coteries de n\u00e9o-bigotes et de m\u00e8res sup\u00e9rieures en mal de couvents, b\u00e9guinages ou infirmeries qui se cooptent entre elles depuis des d\u00e9cennies. Elles d\u00e9versent sur l&rsquo;universit\u00e9 et les m\u00e9dias des g\u00e9n\u00e9rations de militantes qui se radicalisent d&rsquo;ann\u00e9e en ann\u00e9e, \u00e0 mesure que les d\u00e9lires parano\u00efaques et de domination &hellip; Continuer la lecture de &laquo;&nbsp;[Centre Hospitalier Universitaire] \u2013 Galerie de portraits f\u00e9ministes&nbsp;&raquo;\" \/>\n<meta property=\"og:url\" content=\"https:\/\/eromakia.fr\/index.php\/centre-hospitalier-universitaire-galerie-de-portraits-feministes\/\" \/>\n<meta property=\"og:site_name\" content=\"Eromakia\" \/>\n<meta property=\"article:modified_time\" content=\"2022-10-10T08:12:54+00:00\" \/>\n<meta property=\"og:image\" content=\"https:\/\/eromakia.fr\/wp-content\/uploads\/2022\/09\/EpWfdZ3XYAE-IwV.jpg\" \/>\n\t<meta property=\"og:image:width\" content=\"612\" \/>\n\t<meta property=\"og:image:height\" content=\"342\" \/>\n\t<meta property=\"og:image:type\" content=\"image\/jpeg\" \/>\n<meta name=\"twitter:card\" content=\"summary_large_image\" \/>\n<meta name=\"twitter:label1\" content=\"Dur\u00e9e de lecture estim\u00e9e\" \/>\n\t<meta name=\"twitter:data1\" content=\"4 minutes\" \/>\n<script type=\"application\/ld+json\" class=\"yoast-schema-graph\">{\"@context\":\"https:\/\/schema.org\",\"@graph\":[{\"@type\":\"WebPage\",\"@id\":\"https:\/\/eromakia.fr\/index.php\/centre-hospitalier-universitaire-galerie-de-portraits-feministes\/\",\"url\":\"https:\/\/eromakia.fr\/index.php\/centre-hospitalier-universitaire-galerie-de-portraits-feministes\/\",\"name\":\"[Centre Hospitalier Universitaire] \u2013 Galerie de portraits f\u00e9ministes - Eromakia\",\"isPartOf\":{\"@id\":\"https:\/\/eromakia.fr\/#website\"},\"datePublished\":\"2022-09-28T12:43:19+00:00\",\"dateModified\":\"2022-10-10T08:12:54+00:00\",\"breadcrumb\":{\"@id\":\"https:\/\/eromakia.fr\/index.php\/centre-hospitalier-universitaire-galerie-de-portraits-feministes\/#breadcrumb\"},\"inLanguage\":\"fr-FR\",\"potentialAction\":[{\"@type\":\"ReadAction\",\"target\":[\"https:\/\/eromakia.fr\/index.php\/centre-hospitalier-universitaire-galerie-de-portraits-feministes\/\"]}]},{\"@type\":\"BreadcrumbList\",\"@id\":\"https:\/\/eromakia.fr\/index.php\/centre-hospitalier-universitaire-galerie-de-portraits-feministes\/#breadcrumb\",\"itemListElement\":[{\"@type\":\"ListItem\",\"position\":1,\"name\":\"Accueil\",\"item\":\"https:\/\/eromakia.fr\/\"},{\"@type\":\"ListItem\",\"position\":2,\"name\":\"[Centre Hospitalier Universitaire] \u2013 Galerie de portraits f\u00e9ministes\"}]},{\"@type\":\"WebSite\",\"@id\":\"https:\/\/eromakia.fr\/#website\",\"url\":\"https:\/\/eromakia.fr\/\",\"name\":\"Eromakia\",\"description\":\"Art, Love and Fight Chronicles\",\"potentialAction\":[{\"@type\":\"SearchAction\",\"target\":{\"@type\":\"EntryPoint\",\"urlTemplate\":\"https:\/\/eromakia.fr\/?s={search_term_string}\"},\"query-input\":\"required name=search_term_string\"}],\"inLanguage\":\"fr-FR\"}]}<\/script>\n<!-- \/ Yoast SEO plugin. -->","yoast_head_json":{"title":"[Centre Hospitalier Universitaire] \u2013 Galerie de portraits f\u00e9ministes - Eromakia","robots":{"index":"index","follow":"follow","max-snippet":"max-snippet:-1","max-image-preview":"max-image-preview:large","max-video-preview":"max-video-preview:-1"},"canonical":"https:\/\/eromakia.fr\/index.php\/centre-hospitalier-universitaire-galerie-de-portraits-feministes\/","og_locale":"fr_FR","og_type":"article","og_title":"[Centre Hospitalier Universitaire] \u2013 Galerie de portraits f\u00e9ministes - Eromakia","og_description":"Les laboratoires d&rsquo;\u00e9tudes de genre rassemblent des coteries de n\u00e9o-bigotes et de m\u00e8res sup\u00e9rieures en mal de couvents, b\u00e9guinages ou infirmeries qui se cooptent entre elles depuis des d\u00e9cennies. Elles d\u00e9versent sur l&rsquo;universit\u00e9 et les m\u00e9dias des g\u00e9n\u00e9rations de militantes qui se radicalisent d&rsquo;ann\u00e9e en ann\u00e9e, \u00e0 mesure que les d\u00e9lires parano\u00efaques et de domination &hellip; Continuer la lecture de &laquo;&nbsp;[Centre Hospitalier Universitaire] \u2013 Galerie de portraits f\u00e9ministes&nbsp;&raquo;","og_url":"https:\/\/eromakia.fr\/index.php\/centre-hospitalier-universitaire-galerie-de-portraits-feministes\/","og_site_name":"Eromakia","article_modified_time":"2022-10-10T08:12:54+00:00","og_image":[{"width":612,"height":342,"url":"https:\/\/eromakia.fr\/wp-content\/uploads\/2022\/09\/EpWfdZ3XYAE-IwV.jpg","type":"image\/jpeg"}],"twitter_card":"summary_large_image","twitter_misc":{"Dur\u00e9e de lecture estim\u00e9e":"4 minutes"},"schema":{"@context":"https:\/\/schema.org","@graph":[{"@type":"WebPage","@id":"https:\/\/eromakia.fr\/index.php\/centre-hospitalier-universitaire-galerie-de-portraits-feministes\/","url":"https:\/\/eromakia.fr\/index.php\/centre-hospitalier-universitaire-galerie-de-portraits-feministes\/","name":"[Centre Hospitalier Universitaire] \u2013 Galerie de portraits f\u00e9ministes - Eromakia","isPartOf":{"@id":"https:\/\/eromakia.fr\/#website"},"datePublished":"2022-09-28T12:43:19+00:00","dateModified":"2022-10-10T08:12:54+00:00","breadcrumb":{"@id":"https:\/\/eromakia.fr\/index.php\/centre-hospitalier-universitaire-galerie-de-portraits-feministes\/#breadcrumb"},"inLanguage":"fr-FR","potentialAction":[{"@type":"ReadAction","target":["https:\/\/eromakia.fr\/index.php\/centre-hospitalier-universitaire-galerie-de-portraits-feministes\/"]}]},{"@type":"BreadcrumbList","@id":"https:\/\/eromakia.fr\/index.php\/centre-hospitalier-universitaire-galerie-de-portraits-feministes\/#breadcrumb","itemListElement":[{"@type":"ListItem","position":1,"name":"Accueil","item":"https:\/\/eromakia.fr\/"},{"@type":"ListItem","position":2,"name":"[Centre Hospitalier Universitaire] \u2013 Galerie de portraits f\u00e9ministes"}]},{"@type":"WebSite","@id":"https:\/\/eromakia.fr\/#website","url":"https:\/\/eromakia.fr\/","name":"Eromakia","description":"Art, Love and Fight Chronicles","potentialAction":[{"@type":"SearchAction","target":{"@type":"EntryPoint","urlTemplate":"https:\/\/eromakia.fr\/?s={search_term_string}"},"query-input":"required name=search_term_string"}],"inLanguage":"fr-FR"}]}},"_links":{"self":[{"href":"https:\/\/eromakia.fr\/index.php\/wp-json\/wp\/v2\/pages\/22060","targetHints":{"allow":["GET"]}}],"collection":[{"href":"https:\/\/eromakia.fr\/index.php\/wp-json\/wp\/v2\/pages"}],"about":[{"href":"https:\/\/eromakia.fr\/index.php\/wp-json\/wp\/v2\/types\/page"}],"author":[{"embeddable":true,"href":"https:\/\/eromakia.fr\/index.php\/wp-json\/wp\/v2\/users\/1"}],"replies":[{"embeddable":true,"href":"https:\/\/eromakia.fr\/index.php\/wp-json\/wp\/v2\/comments?post=22060"}],"version-history":[{"count":133,"href":"https:\/\/eromakia.fr\/index.php\/wp-json\/wp\/v2\/pages\/22060\/revisions"}],"predecessor-version":[{"id":22688,"href":"https:\/\/eromakia.fr\/index.php\/wp-json\/wp\/v2\/pages\/22060\/revisions\/22688"}],"wp:featuredmedia":[{"embeddable":true,"href":"https:\/\/eromakia.fr\/index.php\/wp-json\/wp\/v2\/media\/22101"}],"wp:attachment":[{"href":"https:\/\/eromakia.fr\/index.php\/wp-json\/wp\/v2\/media?parent=22060"}],"curies":[{"name":"wp","href":"https:\/\/api.w.org\/{rel}","templated":true}]}}