{"id":117,"date":"2017-06-08T18:57:36","date_gmt":"2017-06-08T16:57:36","guid":{"rendered":"http:\/\/vps399399.ovh.net\/eromakia\/?page_id=117"},"modified":"2018-02-08T16:47:10","modified_gmt":"2018-02-08T15:47:10","slug":"belle-et-bete","status":"publish","type":"page","link":"https:\/\/eromakia.fr\/index.php\/videos\/belle-et-bete\/","title":{"rendered":"Belle et B\u00eate"},"content":{"rendered":"<p><strong>. Marcela Iacub, <em>Belle et B\u00eate<\/em><\/strong>, Paris, 2013<\/p>\n<p><img loading=\"lazy\" decoding=\"async\" class=\"size-medium wp-image-119 alignleft\" src=\"http:\/\/vps399399.ovh.net\/eromakia\/wp-content\/uploads\/2017\/06\/71Ms6Q8jeHL-189x300.jpg\" alt=\"\" width=\"189\" height=\"300\" srcset=\"https:\/\/eromakia.fr\/wp-content\/uploads\/2017\/06\/71Ms6Q8jeHL-189x300.jpg 189w, https:\/\/eromakia.fr\/wp-content\/uploads\/2017\/06\/71Ms6Q8jeHL-768x1218.jpg 768w, https:\/\/eromakia.fr\/wp-content\/uploads\/2017\/06\/71Ms6Q8jeHL-646x1024.jpg 646w, https:\/\/eromakia.fr\/wp-content\/uploads\/2017\/06\/71Ms6Q8jeHL.jpg 1400w\" sizes=\"auto, (max-width: 189px) 100vw, 189px\" \/>\u00ab Tu \u00e9tais vieux, tu \u00e9tais gros, tu \u00e9tais petit et tu \u00e9tais moche. Tu \u00e9tais machiste, tu \u00e9tais vulgaire, tu \u00e9tais insensible et tu \u00e9tais mesquin. Tu \u00e9tais \u00e9go\u00efste, tu \u00e9tais brutal et tu n\u2019avais aucune culture. Et j\u2019ai \u00e9t\u00e9 folle de toi. Non pas qu\u2019il y ait un rapport de cause \u00e0 effet entre tes d\u00e9fauts et les sentiments oc\u00e9aniques que j\u2019ai \u00e9prouv\u00e9s. C\u2019est une curieuse co\u00efncidence. M\u00eame au tem<span class=\"text_exposed_show\">ps o\u00f9 ma passion \u00e9tait si fastueuse que j\u2019aurais \u00e9chang\u00e9 mon avenir contre une heure dans tes bras je n\u2019ai jamais cess\u00e9 de te voir tel que tu \u00e9tais : un porc. C\u2019est ma compassion pour ces animaux si d\u00e9nigr\u00e9s qui a \u00e9veill\u00e9 mon int\u00e9r\u00eat pour toi. Tu \u00e9tais le grand pers\u00e9cut\u00e9, le bouc \u00e9missaire. Je me suis sentie oblig\u00e9e de prendre ta d\u00e9fense pour dire : \u201cLes porcs ont le droit d\u2019\u00eatre des porcs. Une soci\u00e9t\u00e9 qui met ces cr\u00e9atures en prison aux seuls motifs qu\u2019ils ont des go\u00fbts propres \u00e0 leur esp\u00e8ce n\u2019est pas une soci\u00e9t\u00e9 libre et juste. \u00bb<\/span><\/p>\n<p>Belle et b\u00eate \u2013 La belle et la b\u00eate (de sexe) \u2013 Belle et b\u00eate\u00a0d&rsquo;y avoir cru&#8230; L&rsquo;histoire est universelle. Alors, il faut promener la b\u00eate :<\/p>\n<p>&nbsp;<\/p>\n<p><strong>. F\u00e9licien Rops, <em>Pornokrat\u00e8s<\/em> (La Dame au cochon)<\/strong>, 1878<\/p>\n<p><a href=\"http:\/\/vps399399.ovh.net\/eromakia\/wp-content\/uploads\/2017\/06\/F\u00e9licien_Rops_-_Pornokrat\u00e8s_-_1878_2.jpg\"><img loading=\"lazy\" decoding=\"async\" class=\"size-medium wp-image-118\" src=\"http:\/\/vps399399.ovh.net\/eromakia\/wp-content\/uploads\/2017\/06\/F\u00e9licien_Rops_-_Pornokrat\u00e8s_-_1878_2-190x300.jpg\" alt=\"\" width=\"190\" height=\"300\" srcset=\"https:\/\/eromakia.fr\/wp-content\/uploads\/2017\/06\/F\u00e9licien_Rops_-_Pornokrat\u00e8s_-_1878_2-190x300.jpg 190w, https:\/\/eromakia.fr\/wp-content\/uploads\/2017\/06\/F\u00e9licien_Rops_-_Pornokrat\u00e8s_-_1878_2-768x1212.jpg 768w, https:\/\/eromakia.fr\/wp-content\/uploads\/2017\/06\/F\u00e9licien_Rops_-_Pornokrat\u00e8s_-_1878_2-649x1024.jpg 649w, https:\/\/eromakia.fr\/wp-content\/uploads\/2017\/06\/F\u00e9licien_Rops_-_Pornokrat\u00e8s_-_1878_2.jpg 1920w\" sizes=\"auto, (max-width: 190px) 100vw, 190px\" \/><\/a><\/p>\n<p>&nbsp;<\/p>\n<p>. <strong><em>Medusa<\/em> ou la mauvaise Rencontre<\/strong> (2007) \u2013\u00a0Ferra Ventura \u2013 <em>Atylantos<\/em>, 2001 (Op\u00e9ra Rock)<\/p>\n<p>https:\/\/www.facebook.com\/Atylantos\/videos\/656288564546869\/<\/p>\n<p>&nbsp;<\/p>\n","protected":false},"excerpt":{"rendered":"<p>. Marcela Iacub, Belle et B\u00eate, Paris, 2013 \u00ab Tu \u00e9tais vieux, tu \u00e9tais gros, tu \u00e9tais petit et tu \u00e9tais moche. Tu \u00e9tais machiste, tu \u00e9tais vulgaire, tu \u00e9tais insensible et tu \u00e9tais mesquin. Tu \u00e9tais \u00e9go\u00efste, tu \u00e9tais brutal et tu n\u2019avais aucune culture. Et j\u2019ai \u00e9t\u00e9 folle de toi. Non pas qu\u2019il &hellip; <\/p>\n<p class=\"link-more\"><a href=\"https:\/\/eromakia.fr\/index.php\/videos\/belle-et-bete\/\" class=\"more-link\">Continuer la lecture<span class=\"screen-reader-text\"> de &laquo;&nbsp;Belle et B\u00eate&nbsp;&raquo;<\/span><\/a><\/p>\n","protected":false},"author":1,"featured_media":0,"parent":35,"menu_order":0,"comment_status":"open","ping_status":"closed","template":"","meta":{"footnotes":""},"class_list":["post-117","page","type-page","status-publish","hentry"],"yoast_head":"<!-- This site is optimized with the Yoast SEO plugin v21.3 - https:\/\/yoast.com\/wordpress\/plugins\/seo\/ -->\n<title>Belle et B\u00eate - Eromakia<\/title>\n<meta name=\"robots\" content=\"index, follow, max-snippet:-1, max-image-preview:large, max-video-preview:-1\" \/>\n<link rel=\"canonical\" href=\"https:\/\/eromakia.fr\/index.php\/videos\/belle-et-bete\/\" \/>\n<meta property=\"og:locale\" content=\"fr_FR\" \/>\n<meta property=\"og:type\" content=\"article\" \/>\n<meta property=\"og:title\" content=\"Belle et B\u00eate - Eromakia\" \/>\n<meta property=\"og:description\" content=\". Marcela Iacub, Belle et B\u00eate, Paris, 2013 \u00ab Tu \u00e9tais vieux, tu \u00e9tais gros, tu \u00e9tais petit et tu \u00e9tais moche. Tu \u00e9tais machiste, tu \u00e9tais vulgaire, tu \u00e9tais insensible et tu \u00e9tais mesquin. Tu \u00e9tais \u00e9go\u00efste, tu \u00e9tais brutal et tu n\u2019avais aucune culture. Et j\u2019ai \u00e9t\u00e9 folle de toi. Non pas qu\u2019il &hellip; Continuer la lecture de &laquo;&nbsp;Belle et B\u00eate&nbsp;&raquo;\" \/>\n<meta property=\"og:url\" content=\"https:\/\/eromakia.fr\/index.php\/videos\/belle-et-bete\/\" \/>\n<meta property=\"og:site_name\" content=\"Eromakia\" \/>\n<meta property=\"article:modified_time\" content=\"2018-02-08T15:47:10+00:00\" \/>\n<meta property=\"og:image\" content=\"http:\/\/vps399399.ovh.net\/eromakia\/wp-content\/uploads\/2017\/06\/71Ms6Q8jeHL-189x300.jpg\" \/>\n<meta name=\"twitter:card\" content=\"summary_large_image\" \/>\n<meta name=\"twitter:label1\" content=\"Dur\u00e9e de lecture estim\u00e9e\" \/>\n\t<meta name=\"twitter:data1\" content=\"1 minute\" \/>\n<script type=\"application\/ld+json\" class=\"yoast-schema-graph\">{\"@context\":\"https:\/\/schema.org\",\"@graph\":[{\"@type\":\"WebPage\",\"@id\":\"https:\/\/eromakia.fr\/index.php\/videos\/belle-et-bete\/\",\"url\":\"https:\/\/eromakia.fr\/index.php\/videos\/belle-et-bete\/\",\"name\":\"Belle et B\u00eate - Eromakia\",\"isPartOf\":{\"@id\":\"https:\/\/eromakia.fr\/#website\"},\"datePublished\":\"2017-06-08T16:57:36+00:00\",\"dateModified\":\"2018-02-08T15:47:10+00:00\",\"breadcrumb\":{\"@id\":\"https:\/\/eromakia.fr\/index.php\/videos\/belle-et-bete\/#breadcrumb\"},\"inLanguage\":\"fr-FR\",\"potentialAction\":[{\"@type\":\"ReadAction\",\"target\":[\"https:\/\/eromakia.fr\/index.php\/videos\/belle-et-bete\/\"]}]},{\"@type\":\"BreadcrumbList\",\"@id\":\"https:\/\/eromakia.fr\/index.php\/videos\/belle-et-bete\/#breadcrumb\",\"itemListElement\":[{\"@type\":\"ListItem\",\"position\":1,\"name\":\"Accueil\",\"item\":\"https:\/\/eromakia.fr\/\"},{\"@type\":\"ListItem\",\"position\":2,\"name\":\"[Musique] Jean-Patrick Capdevielle hors les murs (vid\u00e9os)\",\"item\":\"https:\/\/eromakia.fr\/index.php\/videos\/\"},{\"@type\":\"ListItem\",\"position\":3,\"name\":\"Belle et B\u00eate\"}]},{\"@type\":\"WebSite\",\"@id\":\"https:\/\/eromakia.fr\/#website\",\"url\":\"https:\/\/eromakia.fr\/\",\"name\":\"Eromakia\",\"description\":\"Art, Love and Fight Chronicles\",\"potentialAction\":[{\"@type\":\"SearchAction\",\"target\":{\"@type\":\"EntryPoint\",\"urlTemplate\":\"https:\/\/eromakia.fr\/?s={search_term_string}\"},\"query-input\":\"required name=search_term_string\"}],\"inLanguage\":\"fr-FR\"}]}<\/script>\n<!-- \/ Yoast SEO plugin. -->","yoast_head_json":{"title":"Belle et B\u00eate - Eromakia","robots":{"index":"index","follow":"follow","max-snippet":"max-snippet:-1","max-image-preview":"max-image-preview:large","max-video-preview":"max-video-preview:-1"},"canonical":"https:\/\/eromakia.fr\/index.php\/videos\/belle-et-bete\/","og_locale":"fr_FR","og_type":"article","og_title":"Belle et B\u00eate - Eromakia","og_description":". Marcela Iacub, Belle et B\u00eate, Paris, 2013 \u00ab Tu \u00e9tais vieux, tu \u00e9tais gros, tu \u00e9tais petit et tu \u00e9tais moche. Tu \u00e9tais machiste, tu \u00e9tais vulgaire, tu \u00e9tais insensible et tu \u00e9tais mesquin. Tu \u00e9tais \u00e9go\u00efste, tu \u00e9tais brutal et tu n\u2019avais aucune culture. Et j\u2019ai \u00e9t\u00e9 folle de toi. Non pas qu\u2019il &hellip; Continuer la lecture de &laquo;&nbsp;Belle et B\u00eate&nbsp;&raquo;","og_url":"https:\/\/eromakia.fr\/index.php\/videos\/belle-et-bete\/","og_site_name":"Eromakia","article_modified_time":"2018-02-08T15:47:10+00:00","og_image":[{"url":"http:\/\/vps399399.ovh.net\/eromakia\/wp-content\/uploads\/2017\/06\/71Ms6Q8jeHL-189x300.jpg"}],"twitter_card":"summary_large_image","twitter_misc":{"Dur\u00e9e de lecture estim\u00e9e":"1 minute"},"schema":{"@context":"https:\/\/schema.org","@graph":[{"@type":"WebPage","@id":"https:\/\/eromakia.fr\/index.php\/videos\/belle-et-bete\/","url":"https:\/\/eromakia.fr\/index.php\/videos\/belle-et-bete\/","name":"Belle et B\u00eate - Eromakia","isPartOf":{"@id":"https:\/\/eromakia.fr\/#website"},"datePublished":"2017-06-08T16:57:36+00:00","dateModified":"2018-02-08T15:47:10+00:00","breadcrumb":{"@id":"https:\/\/eromakia.fr\/index.php\/videos\/belle-et-bete\/#breadcrumb"},"inLanguage":"fr-FR","potentialAction":[{"@type":"ReadAction","target":["https:\/\/eromakia.fr\/index.php\/videos\/belle-et-bete\/"]}]},{"@type":"BreadcrumbList","@id":"https:\/\/eromakia.fr\/index.php\/videos\/belle-et-bete\/#breadcrumb","itemListElement":[{"@type":"ListItem","position":1,"name":"Accueil","item":"https:\/\/eromakia.fr\/"},{"@type":"ListItem","position":2,"name":"[Musique] Jean-Patrick Capdevielle hors les murs (vid\u00e9os)","item":"https:\/\/eromakia.fr\/index.php\/videos\/"},{"@type":"ListItem","position":3,"name":"Belle et B\u00eate"}]},{"@type":"WebSite","@id":"https:\/\/eromakia.fr\/#website","url":"https:\/\/eromakia.fr\/","name":"Eromakia","description":"Art, Love and Fight Chronicles","potentialAction":[{"@type":"SearchAction","target":{"@type":"EntryPoint","urlTemplate":"https:\/\/eromakia.fr\/?s={search_term_string}"},"query-input":"required name=search_term_string"}],"inLanguage":"fr-FR"}]}},"_links":{"self":[{"href":"https:\/\/eromakia.fr\/index.php\/wp-json\/wp\/v2\/pages\/117","targetHints":{"allow":["GET"]}}],"collection":[{"href":"https:\/\/eromakia.fr\/index.php\/wp-json\/wp\/v2\/pages"}],"about":[{"href":"https:\/\/eromakia.fr\/index.php\/wp-json\/wp\/v2\/types\/page"}],"author":[{"embeddable":true,"href":"https:\/\/eromakia.fr\/index.php\/wp-json\/wp\/v2\/users\/1"}],"replies":[{"embeddable":true,"href":"https:\/\/eromakia.fr\/index.php\/wp-json\/wp\/v2\/comments?post=117"}],"version-history":[{"count":12,"href":"https:\/\/eromakia.fr\/index.php\/wp-json\/wp\/v2\/pages\/117\/revisions"}],"predecessor-version":[{"id":145,"href":"https:\/\/eromakia.fr\/index.php\/wp-json\/wp\/v2\/pages\/117\/revisions\/145"}],"up":[{"embeddable":true,"href":"https:\/\/eromakia.fr\/index.php\/wp-json\/wp\/v2\/pages\/35"}],"wp:attachment":[{"href":"https:\/\/eromakia.fr\/index.php\/wp-json\/wp\/v2\/media?parent=117"}],"curies":[{"name":"wp","href":"https:\/\/api.w.org\/{rel}","templated":true}]}}