{"id":1102,"date":"2018-04-05T21:42:20","date_gmt":"2018-04-05T19:42:20","guid":{"rendered":"http:\/\/eromakia.fr\/?page_id=1102"},"modified":"2021-07-04T21:10:58","modified_gmt":"2021-07-04T19:10:58","slug":"eromakia_musique_et_peinture","status":"publish","type":"page","link":"https:\/\/eromakia.fr\/index.php\/eromakia_musique_et_peinture\/","title":{"rendered":"L&rsquo;eromakia en musique et en peinture"},"content":{"rendered":"<p style=\"text-align: left;\">Explorations en\u00a0peinture et en musique de l&rsquo;<em><a href=\"https:\/\/eromakia.fr\/index.php\/eromakia-varia\/\">eromakia<\/a> \u2013<\/em>\u00a0ou quand la guerre des\u00a0d\u00e9sirs\u00a0inspire les artistes pour le meilleur.<\/p>\n<ul>\n<li><strong>Au coin d&rsquo;une porte (Jean-Honor\u00e9 Fragonard)<\/strong><\/li>\n<\/ul>\n<p>\u00ab\u00a0Cet amour doit<br \/>\nRester comme \u00e7a,<br \/>\nInformul\u00e9.<br \/>\nNe dis rien&#8230;<\/p>\n<p>Que jamais ton \u00e9lan<br \/>\nNous soude au coin d&rsquo;une porte.<br \/>\nQu&rsquo;un \u00e9rotisme flagrant<br \/>\nNous enroule et nous torde<br \/>\nDans les flammes.\u00a0\u00bb<\/p>\n<p>Quels mots plus justes que ces paroles pour aborder <em>Le Verrou<\/em> de Jean-Honor\u00e9 Fragonard ?<\/p>\n<p><iframe loading=\"lazy\" title=\"Jacques Higelin et Armande Alta\u00ef \u2013 Informul\u00e9 \u2013 Live 1983 (+ Fragonard, Le Verrou, 1777)\" src=\"https:\/\/player.vimeo.com\/video\/343933873?dnt=1&amp;app_id=122963\" width=\"525\" height=\"295\" frameborder=\"0\" allow=\"autoplay; fullscreen; picture-in-picture; clipboard-write\"><\/iframe><\/p>\n<p>Sur ce tableau, voir aussi :<\/p>\n<blockquote class=\"wp-embedded-content\" data-secret=\"j9Xac9zP01\"><p><a href=\"https:\/\/eromakia.fr\/index.php\/2019\/07\/26\/feminisme-trash-la-haine-de-la-beaute\/\">[F\u00e9minisme ou f\u00e9isme ?] \u2013 Le f\u00e9minisme trash et la haine de la beaut\u00e9<\/a><\/p><\/blockquote>\n<p><iframe loading=\"lazy\" class=\"wp-embedded-content\" sandbox=\"allow-scripts\" security=\"restricted\" style=\"position: absolute; clip: rect(1px, 1px, 1px, 1px);\" title=\"\u00ab\u00a0[F\u00e9minisme ou f\u00e9isme ?] \u2013 Le f\u00e9minisme trash et la haine de la beaut\u00e9\u00a0\u00bb &#8212; Eromakia\" src=\"https:\/\/eromakia.fr\/index.php\/2019\/07\/26\/feminisme-trash-la-haine-de-la-beaute\/embed\/#?secret=GUijgTdTMo#?secret=j9Xac9zP01\" data-secret=\"j9Xac9zP01\" width=\"525\" height=\"296\" frameborder=\"0\" marginwidth=\"0\" marginheight=\"0\" scrolling=\"no\"><\/iframe><\/p>\n<ul>\n<li><strong>Le Regard du peintre \/ La mirada del pintor (Pablo Picasso)<\/strong><\/li>\n<\/ul>\n<p>S&rsquo;il est un artiste auquel le concept d&rsquo;<a href=\"https:\/\/eromakia.fr\/index.php\/eromakia-varia\/\">\u00e9romachie<\/a> peut\u00a0s&rsquo;appliquer en priorit\u00e9, c&rsquo;est bien le grand Pablo. \u00a0L&rsquo;andalou au regard hypnotique est \u00e0 lui tout seul un concentr\u00e9 de\u00a0g\u00e9nie cr\u00e9atif et de machisme latin dans sa plus pure expression. Le point commun \u00a0\u00e0 toutes ces choses ? La testost\u00e9rone. Et oui ! Cette hormone en forte concentration dans le cerveau masculin\u00a0 est ce qui permettrait une certaine forme de g\u00e9nie ou d&rsquo;ing\u00e9nierie (n&rsquo;en d\u00e9plaise aux f\u00e9ministes,\u00a0les grands g\u00e9nies de l&rsquo;invention et les tr\u00e8s grands artistes sont toujours des hommes, et pas que pour des raisons d&rsquo;oppression), mais aussi une certaine forme d&rsquo;autisme dans le comportement (<a href=\"http:\/\/terrain.revues.org\/1703\">lire ici<\/a>).\u00a0Picasso a su esth\u00e9tiser sa libido imp\u00e9rieuse gr\u00e2ce \u00e0 la figure du Minotaure\u00a0notamment, mais aussi du faune ou du satyre =&gt;<\/p>\n<p><iframe loading=\"lazy\" title=\"Camar\u00f3n de la Isla \u2013 Romance de la Luna (+ Picasso \u00e9rotique)\" src=\"https:\/\/player.vimeo.com\/video\/222199698?dnt=1&amp;app_id=122963\" width=\"525\" height=\"295\" frameborder=\"0\" allow=\"autoplay; fullscreen; picture-in-picture; clipboard-write\"><\/iframe><\/p>\n<p>[Camar\u00f3n de la Isla, \u00ab\u00a0Romance de la Luna\u00a0\u00bb, album\u00a0<em>Calle Real<\/em>, 1983]<\/p>\n<p><em>Pablo Picasso \u2013 Grandeurs et mis\u00e8res de la libido<\/em><\/p>\n<p>Pablo Picasso pourrait bien \u00eatre le prochain sur la liste \u00e0 subir l&rsquo;iconophobie f\u00e9ministe (nous attendons les r\u00e9actions \u00e0 sa prochaine r\u00e9trospective). Non seulement, il a figur\u00e9 nombre de sc\u00e8nes apparent\u00e9es \u00e0 de la pornographie, ainsi que des viols, mais pire encore, son comportement envers les femmes (cruaut\u00e9, s\u00e9cheresse de coeur, perversion&#8230;) commence \u00e0 ternir s\u00e9rieusement son image. Entre la petitesse de l&rsquo;homme et la grandeur de l&rsquo;artiste \u2013 ou quand la libido rapetisse l&rsquo;un et exalte l&rsquo;autre&#8230; comment se positionner ?<\/p>\n<blockquote class=\"wp-embedded-content\" data-secret=\"rrzGX9F61H\"><p><a href=\"https:\/\/eromakia.fr\/index.php\/minotaure-versus-ligues-de-vertu-picasso-et-les-pisseuses\/\">[G\u00e9nie du m\u00e2le] \u2013 Picasso et les pisseuses<\/a><\/p><\/blockquote>\n<p><iframe loading=\"lazy\" class=\"wp-embedded-content\" sandbox=\"allow-scripts\" security=\"restricted\" style=\"position: absolute; clip: rect(1px, 1px, 1px, 1px);\" title=\"\u00ab\u00a0[G\u00e9nie du m\u00e2le] \u2013 Picasso et les pisseuses\u00a0\u00bb &#8212; Eromakia\" src=\"https:\/\/eromakia.fr\/index.php\/minotaure-versus-ligues-de-vertu-picasso-et-les-pisseuses\/embed\/#?secret=wsSrMUanWX#?secret=rrzGX9F61H\" data-secret=\"rrzGX9F61H\" width=\"525\" height=\"296\" frameborder=\"0\" marginwidth=\"0\" marginheight=\"0\" scrolling=\"no\"><\/iframe><\/p>\n<ul>\n<li><em><strong>Belle de Jour<\/strong><\/em><\/li>\n<\/ul>\n<p>Le c\u00e9l\u00e8bre film de Luis Bu\u00f1uel (1967), qui dans cet extrait met en sc\u00e8ne la sublime Catherine Deneuve \u2013 avec le tout aussi sublime Pierre Cl\u00e9menti \u2013, est aujourd&rsquo;hui encore une occasion unique d&rsquo;explorer le paradoxe insondable des fantasmes \u00e9rotiques \u2013 notamment ceux qui recourent \u00e0 la prostitution et \u00e0 la violence physique. Autant d&rsquo;occasions de faire capoter les f\u00e9ministes, dont le cerveau disjoncte automatiquement sur ces sujets depuis plus de 50 ans. Quelques articles encore en gestation reviendront prochainement sur les rapports du n\u00e9of\u00e9minisme avec le BDSM.<\/p>\n<p><iframe loading=\"lazy\" src=\"https:\/\/player.vimeo.com\/video\/570860804?dnt=1&amp;app_id=122963\" width=\"525\" height=\"295\" frameborder=\"0\" allow=\"autoplay; fullscreen; picture-in-picture; clipboard-write\"><\/iframe><\/p>\n<ul>\n<li><strong><em>Terre bris\u00e9e. \u2013 La Vierge pleure (Camille Claudel et G\u00e9rard Manset)<\/em><\/strong><\/li>\n<\/ul>\n<p>L\u2019histoire de Camille sur un des derniers titres de Manset. Une mani\u00e8re d\u2019illustrer tout \u00e0 la fois ses peines dans le si\u00e8cle et sa retraite spirituelle forc\u00e9e dans le couvent-asile du Vaucluse.<\/p>\n<p><iframe loading=\"lazy\" title=\"G\u00e9rard Manset \u2013 La Vierge pleure\" src=\"https:\/\/player.vimeo.com\/video\/467104764?dnt=1&amp;app_id=122963\" width=\"525\" height=\"295\" frameborder=\"0\" allow=\"autoplay; fullscreen; picture-in-picture; clipboard-write\"><\/iframe><\/p>\n<p>L\u2019iconographie du clip \u00e9tablit un parall\u00e8le entre la figure de la Vierge recr\u00e9atrice du monde et celle de Camille modelant la terre. Dans l\u2019antiquit\u00e9, le sculpteur \u00e9tait \u00e0 l\u2019image de Dieu formant l\u2019homme ; ici, la Vierge-Camille est son pendant f\u00e9minin.<\/p>\n<p>Sur Camille Claudel, voir aussi :<\/p>\n<blockquote class=\"wp-embedded-content\" data-secret=\"I7OfeF6Huf\"><p><a href=\"https:\/\/eromakia.fr\/index.php\/prise-dotage-camille-claudel-et-le-feminisme-pathologique\/\">[Prise d&rsquo;otage] \u2013 Camille Claudel et le f\u00e9minisme misandre<\/a><\/p><\/blockquote>\n<p><iframe loading=\"lazy\" class=\"wp-embedded-content\" sandbox=\"allow-scripts\" security=\"restricted\" style=\"position: absolute; clip: rect(1px, 1px, 1px, 1px);\" title=\"\u00ab\u00a0[Prise d&rsquo;otage] \u2013 Camille Claudel et le f\u00e9minisme misandre\u00a0\u00bb &#8212; Eromakia\" src=\"https:\/\/eromakia.fr\/index.php\/prise-dotage-camille-claudel-et-le-feminisme-pathologique\/embed\/#?secret=4G2V73qTvm#?secret=I7OfeF6Huf\" data-secret=\"I7OfeF6Huf\" width=\"525\" height=\"296\" frameborder=\"0\" marginwidth=\"0\" marginheight=\"0\" scrolling=\"no\"><\/iframe><\/p>\n<ul>\n<li><strong>Avant l&rsquo;<em>eromakia<\/em> ou dans l&rsquo;\u00c9den d&rsquo;avant la guerre des sexes (G\u00e9rard Manset)<\/strong><\/li>\n<\/ul>\n<p><iframe loading=\"lazy\" title=\"G\u00e9rard Manset \u2013 Le Langage oubli\u00e9 #Extrait 1\" src=\"https:\/\/player.vimeo.com\/video\/411447672?dnt=1&amp;app_id=122963\" width=\"525\" height=\"295\" frameborder=\"0\" allow=\"autoplay; fullscreen; picture-in-picture; clipboard-write\"><\/iframe><\/p>\n<p><iframe loading=\"lazy\" title=\"G\u00e9rard Manset \u2013 Le Langage oubli\u00e9 #Extrait 2\" src=\"https:\/\/player.vimeo.com\/video\/411446492?dnt=1&amp;app_id=122963\" width=\"525\" height=\"295\" frameborder=\"0\" allow=\"autoplay; fullscreen; picture-in-picture; clipboard-write\"><\/iframe><\/p>\n<blockquote class=\"wp-embedded-content\" data-secret=\"uzKqdVwyz9\"><p><a href=\"https:\/\/eromakia.fr\/index.php\/articles\/lucrece-borgia-entre-le-vice-et-la-vertu\/\">Lucr\u00e8ce Borgia \u2013 Entre le vice et la vertu<\/a><\/p><\/blockquote>\n<p><iframe loading=\"lazy\" class=\"wp-embedded-content\" sandbox=\"allow-scripts\" security=\"restricted\" style=\"position: absolute; clip: rect(1px, 1px, 1px, 1px);\" title=\"\u00ab\u00a0Lucr\u00e8ce Borgia \u2013 Entre le vice et la vertu\u00a0\u00bb &#8212; Eromakia\" src=\"https:\/\/eromakia.fr\/index.php\/articles\/lucrece-borgia-entre-le-vice-et-la-vertu\/embed\/#?secret=8HfrgQs8q3#?secret=uzKqdVwyz9\" data-secret=\"uzKqdVwyz9\" width=\"525\" height=\"296\" frameborder=\"0\" marginwidth=\"0\" marginheight=\"0\" scrolling=\"no\"><\/iframe><\/p>\n<ul>\n<li><strong>Voir aussi :<\/strong><\/li>\n<\/ul>\n<blockquote class=\"wp-embedded-content\" data-secret=\"wIXpyBMont\"><p><a href=\"https:\/\/eromakia.fr\/index.php\/articles\/lucrece-borgia-entre-le-vice-et-la-vertu\/\">Lucr\u00e8ce Borgia \u2013 Entre le vice et la vertu<\/a><\/p><\/blockquote>\n<p><iframe loading=\"lazy\" class=\"wp-embedded-content\" sandbox=\"allow-scripts\" security=\"restricted\" style=\"position: absolute; clip: rect(1px, 1px, 1px, 1px);\" title=\"\u00ab\u00a0Lucr\u00e8ce Borgia \u2013 Entre le vice et la vertu\u00a0\u00bb &#8212; Eromakia\" src=\"https:\/\/eromakia.fr\/index.php\/articles\/lucrece-borgia-entre-le-vice-et-la-vertu\/embed\/#?secret=JEH4etIRnA#?secret=wIXpyBMont\" data-secret=\"wIXpyBMont\" width=\"525\" height=\"296\" frameborder=\"0\" marginwidth=\"0\" marginheight=\"0\" scrolling=\"no\"><\/iframe><\/p>\n<blockquote class=\"wp-embedded-content\" data-secret=\"I6ZV2W5AME\"><p><a href=\"https:\/\/eromakia.fr\/index.php\/videos\/\">[Musique] Jean-Patrick Capdevielle hors les murs (vid\u00e9os)<\/a><\/p><\/blockquote>\n<p><iframe loading=\"lazy\" class=\"wp-embedded-content\" sandbox=\"allow-scripts\" security=\"restricted\" style=\"position: absolute; clip: rect(1px, 1px, 1px, 1px);\" title=\"\u00ab\u00a0[Musique] Jean-Patrick Capdevielle hors les murs (vid\u00e9os)\u00a0\u00bb &#8212; Eromakia\" src=\"https:\/\/eromakia.fr\/index.php\/videos\/embed\/#?secret=eOHcgsnrzc#?secret=I6ZV2W5AME\" data-secret=\"I6ZV2W5AME\" width=\"525\" height=\"296\" frameborder=\"0\" marginwidth=\"0\" marginheight=\"0\" scrolling=\"no\"><\/iframe><\/p>\n<blockquote class=\"wp-embedded-content\" data-secret=\"vvoleXT0Wt\"><p><a href=\"https:\/\/eromakia.fr\/index.php\/jean-patrick-capdevielle\/\">[Peinture] \u2013 Jean-Patrick Capdevielle. L\u2019\u0153uvre peint<\/a><\/p><\/blockquote>\n<p><iframe loading=\"lazy\" class=\"wp-embedded-content\" sandbox=\"allow-scripts\" security=\"restricted\" style=\"position: absolute; clip: rect(1px, 1px, 1px, 1px);\" title=\"\u00ab\u00a0[Peinture] \u2013 Jean-Patrick Capdevielle. L\u2019\u0153uvre peint\u00a0\u00bb &#8212; Eromakia\" src=\"https:\/\/eromakia.fr\/index.php\/jean-patrick-capdevielle\/embed\/#?secret=VLIfvyEi4N#?secret=vvoleXT0Wt\" data-secret=\"vvoleXT0Wt\" width=\"525\" height=\"296\" frameborder=\"0\" marginwidth=\"0\" marginheight=\"0\" scrolling=\"no\"><\/iframe><\/p>\n","protected":false},"excerpt":{"rendered":"<p>Explorations en\u00a0peinture et en musique de l&rsquo;eromakia \u2013\u00a0ou quand la guerre des\u00a0d\u00e9sirs\u00a0inspire les artistes pour le meilleur. Au coin d&rsquo;une porte (Jean-Honor\u00e9 Fragonard) \u00ab\u00a0Cet amour doit Rester comme \u00e7a, Informul\u00e9. Ne dis rien&#8230; Que jamais ton \u00e9lan Nous soude au coin d&rsquo;une porte. Qu&rsquo;un \u00e9rotisme flagrant Nous enroule et nous torde Dans les flammes.\u00a0\u00bb Quels &hellip; <\/p>\n<p class=\"link-more\"><a href=\"https:\/\/eromakia.fr\/index.php\/eromakia_musique_et_peinture\/\" class=\"more-link\">Continuer la lecture<span class=\"screen-reader-text\"> de &laquo;&nbsp;L&rsquo;eromakia en musique et en peinture&nbsp;&raquo;<\/span><\/a><\/p>\n","protected":false},"author":1,"featured_media":7603,"parent":0,"menu_order":0,"comment_status":"open","ping_status":"closed","template":"","meta":{"footnotes":""},"class_list":["post-1102","page","type-page","status-publish","has-post-thumbnail","hentry"],"yoast_head":"<!-- This site is optimized with the Yoast SEO plugin v21.3 - https:\/\/yoast.com\/wordpress\/plugins\/seo\/ -->\n<title>L&#039;eromakia en musique et en peinture - Eromakia<\/title>\n<meta name=\"robots\" content=\"index, follow, max-snippet:-1, max-image-preview:large, max-video-preview:-1\" \/>\n<link rel=\"canonical\" href=\"https:\/\/eromakia.fr\/index.php\/eromakia_musique_et_peinture\/\" \/>\n<meta property=\"og:locale\" content=\"fr_FR\" \/>\n<meta property=\"og:type\" content=\"article\" \/>\n<meta property=\"og:title\" content=\"L&#039;eromakia en musique et en peinture - Eromakia\" \/>\n<meta property=\"og:description\" content=\"Explorations en\u00a0peinture et en musique de l&rsquo;eromakia \u2013\u00a0ou quand la guerre des\u00a0d\u00e9sirs\u00a0inspire les artistes pour le meilleur. Au coin d&rsquo;une porte (Jean-Honor\u00e9 Fragonard) \u00ab\u00a0Cet amour doit Rester comme \u00e7a, Informul\u00e9. Ne dis rien&#8230; Que jamais ton \u00e9lan Nous soude au coin d&rsquo;une porte. Qu&rsquo;un \u00e9rotisme flagrant Nous enroule et nous torde Dans les flammes.\u00a0\u00bb Quels &hellip; Continuer la lecture de &laquo;&nbsp;L&rsquo;eromakia en musique et en peinture&nbsp;&raquo;\" \/>\n<meta property=\"og:url\" content=\"https:\/\/eromakia.fr\/index.php\/eromakia_musique_et_peinture\/\" \/>\n<meta property=\"og:site_name\" content=\"Eromakia\" \/>\n<meta property=\"article:modified_time\" content=\"2021-07-04T19:10:58+00:00\" \/>\n<meta property=\"og:image\" content=\"https:\/\/eromakia.fr\/wp-content\/uploads\/2018\/04\/Dora-et-le-minotaure-1936.jpg\" \/>\n\t<meta property=\"og:image:width\" content=\"1024\" \/>\n\t<meta property=\"og:image:height\" content=\"589\" \/>\n\t<meta property=\"og:image:type\" content=\"image\/jpeg\" \/>\n<meta name=\"twitter:card\" content=\"summary_large_image\" \/>\n<meta name=\"twitter:label1\" content=\"Dur\u00e9e de lecture estim\u00e9e\" \/>\n\t<meta name=\"twitter:data1\" content=\"3 minutes\" \/>\n<script type=\"application\/ld+json\" class=\"yoast-schema-graph\">{\"@context\":\"https:\/\/schema.org\",\"@graph\":[{\"@type\":\"WebPage\",\"@id\":\"https:\/\/eromakia.fr\/index.php\/eromakia_musique_et_peinture\/\",\"url\":\"https:\/\/eromakia.fr\/index.php\/eromakia_musique_et_peinture\/\",\"name\":\"L'eromakia en musique et en peinture - Eromakia\",\"isPartOf\":{\"@id\":\"https:\/\/eromakia.fr\/#website\"},\"datePublished\":\"2018-04-05T19:42:20+00:00\",\"dateModified\":\"2021-07-04T19:10:58+00:00\",\"breadcrumb\":{\"@id\":\"https:\/\/eromakia.fr\/index.php\/eromakia_musique_et_peinture\/#breadcrumb\"},\"inLanguage\":\"fr-FR\",\"potentialAction\":[{\"@type\":\"ReadAction\",\"target\":[\"https:\/\/eromakia.fr\/index.php\/eromakia_musique_et_peinture\/\"]}]},{\"@type\":\"BreadcrumbList\",\"@id\":\"https:\/\/eromakia.fr\/index.php\/eromakia_musique_et_peinture\/#breadcrumb\",\"itemListElement\":[{\"@type\":\"ListItem\",\"position\":1,\"name\":\"Accueil\",\"item\":\"https:\/\/eromakia.fr\/\"},{\"@type\":\"ListItem\",\"position\":2,\"name\":\"L&rsquo;eromakia en musique et en peinture\"}]},{\"@type\":\"WebSite\",\"@id\":\"https:\/\/eromakia.fr\/#website\",\"url\":\"https:\/\/eromakia.fr\/\",\"name\":\"Eromakia\",\"description\":\"Art, Love and Fight Chronicles\",\"potentialAction\":[{\"@type\":\"SearchAction\",\"target\":{\"@type\":\"EntryPoint\",\"urlTemplate\":\"https:\/\/eromakia.fr\/?s={search_term_string}\"},\"query-input\":\"required name=search_term_string\"}],\"inLanguage\":\"fr-FR\"}]}<\/script>\n<!-- \/ Yoast SEO plugin. -->","yoast_head_json":{"title":"L'eromakia en musique et en peinture - Eromakia","robots":{"index":"index","follow":"follow","max-snippet":"max-snippet:-1","max-image-preview":"max-image-preview:large","max-video-preview":"max-video-preview:-1"},"canonical":"https:\/\/eromakia.fr\/index.php\/eromakia_musique_et_peinture\/","og_locale":"fr_FR","og_type":"article","og_title":"L'eromakia en musique et en peinture - Eromakia","og_description":"Explorations en\u00a0peinture et en musique de l&rsquo;eromakia \u2013\u00a0ou quand la guerre des\u00a0d\u00e9sirs\u00a0inspire les artistes pour le meilleur. Au coin d&rsquo;une porte (Jean-Honor\u00e9 Fragonard) \u00ab\u00a0Cet amour doit Rester comme \u00e7a, Informul\u00e9. Ne dis rien&#8230; Que jamais ton \u00e9lan Nous soude au coin d&rsquo;une porte. Qu&rsquo;un \u00e9rotisme flagrant Nous enroule et nous torde Dans les flammes.\u00a0\u00bb Quels &hellip; Continuer la lecture de &laquo;&nbsp;L&rsquo;eromakia en musique et en peinture&nbsp;&raquo;","og_url":"https:\/\/eromakia.fr\/index.php\/eromakia_musique_et_peinture\/","og_site_name":"Eromakia","article_modified_time":"2021-07-04T19:10:58+00:00","og_image":[{"width":1024,"height":589,"url":"https:\/\/eromakia.fr\/wp-content\/uploads\/2018\/04\/Dora-et-le-minotaure-1936.jpg","type":"image\/jpeg"}],"twitter_card":"summary_large_image","twitter_misc":{"Dur\u00e9e de lecture estim\u00e9e":"3 minutes"},"schema":{"@context":"https:\/\/schema.org","@graph":[{"@type":"WebPage","@id":"https:\/\/eromakia.fr\/index.php\/eromakia_musique_et_peinture\/","url":"https:\/\/eromakia.fr\/index.php\/eromakia_musique_et_peinture\/","name":"L'eromakia en musique et en peinture - Eromakia","isPartOf":{"@id":"https:\/\/eromakia.fr\/#website"},"datePublished":"2018-04-05T19:42:20+00:00","dateModified":"2021-07-04T19:10:58+00:00","breadcrumb":{"@id":"https:\/\/eromakia.fr\/index.php\/eromakia_musique_et_peinture\/#breadcrumb"},"inLanguage":"fr-FR","potentialAction":[{"@type":"ReadAction","target":["https:\/\/eromakia.fr\/index.php\/eromakia_musique_et_peinture\/"]}]},{"@type":"BreadcrumbList","@id":"https:\/\/eromakia.fr\/index.php\/eromakia_musique_et_peinture\/#breadcrumb","itemListElement":[{"@type":"ListItem","position":1,"name":"Accueil","item":"https:\/\/eromakia.fr\/"},{"@type":"ListItem","position":2,"name":"L&rsquo;eromakia en musique et en peinture"}]},{"@type":"WebSite","@id":"https:\/\/eromakia.fr\/#website","url":"https:\/\/eromakia.fr\/","name":"Eromakia","description":"Art, Love and Fight Chronicles","potentialAction":[{"@type":"SearchAction","target":{"@type":"EntryPoint","urlTemplate":"https:\/\/eromakia.fr\/?s={search_term_string}"},"query-input":"required name=search_term_string"}],"inLanguage":"fr-FR"}]}},"_links":{"self":[{"href":"https:\/\/eromakia.fr\/index.php\/wp-json\/wp\/v2\/pages\/1102","targetHints":{"allow":["GET"]}}],"collection":[{"href":"https:\/\/eromakia.fr\/index.php\/wp-json\/wp\/v2\/pages"}],"about":[{"href":"https:\/\/eromakia.fr\/index.php\/wp-json\/wp\/v2\/types\/page"}],"author":[{"embeddable":true,"href":"https:\/\/eromakia.fr\/index.php\/wp-json\/wp\/v2\/users\/1"}],"replies":[{"embeddable":true,"href":"https:\/\/eromakia.fr\/index.php\/wp-json\/wp\/v2\/comments?post=1102"}],"version-history":[{"count":32,"href":"https:\/\/eromakia.fr\/index.php\/wp-json\/wp\/v2\/pages\/1102\/revisions"}],"predecessor-version":[{"id":16154,"href":"https:\/\/eromakia.fr\/index.php\/wp-json\/wp\/v2\/pages\/1102\/revisions\/16154"}],"wp:featuredmedia":[{"embeddable":true,"href":"https:\/\/eromakia.fr\/index.php\/wp-json\/wp\/v2\/media\/7603"}],"wp:attachment":[{"href":"https:\/\/eromakia.fr\/index.php\/wp-json\/wp\/v2\/media?parent=1102"}],"curies":[{"name":"wp","href":"https:\/\/api.w.org\/{rel}","templated":true}]}}